{"id":65846,"date":"2017-12-04T05:13:21","date_gmt":"2017-12-04T05:13:21","guid":{"rendered":"https:\/\/www.unitedabrasives.com\/sobre-nosotros\/"},"modified":"2024-10-21T12:27:47","modified_gmt":"2024-10-21T12:27:47","slug":"sobre-nosotros","status":"publish","type":"page","link":"https:\/\/www.unitedabrasives.com\/es\/sobre-nosotros\/","title":{"rendered":"Sobre nosotros"},"content":{"rendered":"<p><div class=\"fusion-fullwidth fullwidth-box fusion-builder-row-1 fusion-flex-container nonhundred-percent-fullwidth non-hundred-percent-height-scrolling\" style=\"--awb-border-radius-top-left:0px;--awb-border-radius-top-right:0px;--awb-border-radius-bottom-right:0px;--awb-border-radius-bottom-left:0px;--awb-padding-bottom:60px;--awb-flex-wrap:wrap;\" ><div class=\"fusion-builder-row fusion-row fusion-flex-align-items-flex-start fusion-flex-justify-content-center fusion-flex-content-wrap\" style=\"max-width:1352px;margin-left: calc(-4% \/ 2 );margin-right: calc(-4% \/ 2 );\"><div class=\"fusion-layout-column fusion_builder_column fusion-builder-column-0 fusion_builder_column_2_3 2_3 fusion-flex-column\" style=\"--awb-bg-blend:overlay;--awb-bg-size:cover;--awb-width-large:66.6666666667%;--awb-margin-top-large:0px;--awb-spacing-right-large:2.88%;--awb-margin-bottom-large:0px;--awb-spacing-left-large:2.88%;--awb-width-medium:66.6666666667%;--awb-spacing-right-medium:2.88%;--awb-spacing-left-medium:2.88%;--awb-width-small:100%;--awb-spacing-right-small:1.92%;--awb-spacing-left-small:1.92%;\"><div class=\"fusion-column-wrapper fusion-flex-justify-content-flex-start fusion-content-layout-column\"><div class=\"fusion-title title fusion-title-1 fusion-sep-none fusion-title-text fusion-title-size-two\" style=\"--awb-margin-top-small:10px;--awb-margin-right-small:0px;--awb-margin-bottom-small:10px;--awb-margin-left-small:0px;\"><h2 class=\"fusion-title-heading title-heading-left fusion-responsive-typography-calculated\" style=\"margin:0;--fontSize:42;line-height:1.3;\">\u00bfQu\u00e9 nos hace diferentes?<\/h2><\/div><div class=\"fusion-text fusion-text-1\"><h4>RENDIMIENTO M\u00c1S DURADERO<\/h4>\n<p>A diferencia de muchos fabricantes de abrasivos, nosotros s\u00f3lo utilizamos granos de primera calidad, y nunca empleamos cargas o agentes aglomerantes de calidad inferior. Con abrasivos duraderos que siguen rindiendo a lo largo del tiempo, puedes evitar frecuentes reaprovisionamientos y costosos tiempos de inactividad. <\/p>\n<h4>SEGURIDAD SIN IGUAL<\/h4>\n<p>El proceso de fabricaci\u00f3n, de principio a fin, incorpora equipos de \u00faltima generaci\u00f3n, an\u00e1lisis de control de calidad y conformidad, y una rigurosa evaluaci\u00f3n del producto para garantizar que nuestros clientes reciban las ruedas m\u00e1s seguras, consistentes y de mejor rendimiento del mercado.<\/p>\n<h4>M\u00c1XIMA CALIDAD<\/h4>\n<p>Utilizamos materiales de primera calidad y t\u00e9cnicas de fabricaci\u00f3n avanzadas para garantizar que nuestros abrasivos duren m\u00e1s y funcionen mejor, proporcionando una calidad superior en toda nuestra gama de productos.<\/p>\n<h4>FABRICADO CON EXCELENCIA<\/h4>\n<p>Tanto si se trata de nuestra amplia gama de productos abrasivos fabricados con equipos avanzados y pruebas rigurosas en Connecticut y Florida, como de nuestros abrasivos revestidos elaborados con precisi\u00f3n en Italia, United Abrasives proporciona un rendimiento y una fiabilidad excepcionales.<\/p>\n<h4>ENV\u00cdO EL MISMO D\u00cdA<\/h4>\n<p>En United Abrasives, cada pedido se trata como un pedido urgente. Nuestro funcionamiento racionalizado garantiza que tus productos pasen del pedido -por tel\u00e9fono, EDI o correo electr\u00f3nico- al cami\u00f3n de reparto en cuesti\u00f3n de minutos.<\/p>\n<\/div><\/div><\/div><\/div><\/div><div class=\"fusion-fullwidth fullwidth-box fusion-builder-row-2 fusion-flex-container has-pattern-background has-mask-background nonhundred-percent-fullwidth non-hundred-percent-height-scrolling\" style=\"--awb-border-radius-top-left:0px;--awb-border-radius-top-right:0px;--awb-border-radius-bottom-right:0px;--awb-border-radius-bottom-left:0px;--awb-padding-top:0px;--awb-flex-wrap:wrap;\" ><div class=\"fusion-builder-row fusion-row fusion-flex-align-items-flex-start fusion-flex-content-wrap\" style=\"max-width:1352px;margin-left: calc(-4% \/ 2 );margin-right: calc(-4% \/ 2 );\"><div class=\"fusion-layout-column fusion_builder_column fusion-builder-column-1 fusion_builder_column_1_1 1_1 fusion-flex-column\" style=\"--awb-bg-size:cover;--awb-width-large:100%;--awb-margin-top-large:0px;--awb-spacing-right-large:1.92%;--awb-margin-bottom-large:20px;--awb-spacing-left-large:1.92%;--awb-width-medium:100%;--awb-order-medium:0;--awb-spacing-right-medium:1.92%;--awb-spacing-left-medium:1.92%;--awb-width-small:100%;--awb-order-small:0;--awb-spacing-right-small:1.92%;--awb-spacing-left-small:1.92%;\"><div class=\"fusion-column-wrapper fusion-column-has-shadow fusion-flex-justify-content-flex-start fusion-content-layout-column\"><div class=\"fusion-title title fusion-title-2 fusion-sep-none fusion-title-center fusion-title-text fusion-title-size-three\" style=\"--awb-margin-bottom:30px;--awb-margin-top-small:10px;--awb-margin-right-small:0px;--awb-margin-bottom-small:10px;--awb-margin-left-small:0px;\"><h3 class=\"fusion-title-heading title-heading-center fusion-responsive-typography-calculated\" style=\"margin:0;--fontSize:32;line-height:1.3;\">Herramientas para cada paso del trabajo con United Abrasives<\/h3><\/div><div class=\"fusion-video fusion-youtube\" style=\"--awb-max-width:1000px;--awb-max-height:563px;--awb-align-self:center;--awb-width:100%;\"><div class=\"video-shortcode\"><lite-youtube videoid=\"HyeKVTOlYq4\" class=\"landscape\" params=\"wmode=transparent&autoplay=1&amp;enablejsapi=1\" title=\"YouTube video player 1\" data-button-label=\"Play Video\" width=\"1000\" height=\"563\" data-thumbnail-size=\"auto\" data-no-cookie=\"on\"><\/lite-youtube><\/div><\/div><\/div><\/div><\/div><\/div><div class=\"fusion-fullwidth fullwidth-box fusion-builder-row-3 fusion-flex-container nonhundred-percent-fullwidth non-hundred-percent-height-scrolling\" style=\"--awb-border-radius-top-left:0px;--awb-border-radius-top-right:0px;--awb-border-radius-bottom-right:0px;--awb-border-radius-bottom-left:0px;--awb-padding-top:0px;--awb-padding-bottom:60px;--awb-margin-top:0px;--awb-flex-wrap:wrap;\" ><div class=\"fusion-builder-row fusion-row fusion-flex-align-items-flex-start fusion-flex-justify-content-center fusion-flex-content-wrap\" style=\"max-width:1352px;margin-left: calc(-4% \/ 2 );margin-right: calc(-4% \/ 2 );\"><div class=\"fusion-layout-column fusion_builder_column fusion-builder-column-2 fusion_builder_column_2_3 2_3 fusion-flex-column\" style=\"--awb-bg-blend:overlay;--awb-bg-size:cover;--awb-width-large:66.6666666667%;--awb-margin-top-large:0px;--awb-spacing-right-large:2.88%;--awb-margin-bottom-large:0px;--awb-spacing-left-large:2.88%;--awb-width-medium:66.6666666667%;--awb-spacing-right-medium:2.88%;--awb-spacing-left-medium:2.88%;--awb-width-small:100%;--awb-spacing-right-small:1.92%;--awb-spacing-left-small:1.92%;\"><div class=\"fusion-column-wrapper fusion-flex-justify-content-flex-start fusion-content-layout-column\"><div class=\"fusion-text fusion-text-2\"><h3>Nuestra historia<\/h3>\n<p>Desde su fundaci\u00f3n en 1970, United Abrasives\/ SAIT ha sido sin\u00f3nimo de calidad, fiabilidad, innovaci\u00f3n y valor. Seguimos siendo l\u00edderes en la industria de los abrasivos con productos que establecen nuevos est\u00e1ndares de excelencia. Estamos orgullosos de nuestra reputaci\u00f3n y nos dedicamos a probar, dise\u00f1ar y mejorar continuamente nuestros productos para garantizar la calidad y la m\u00e1xima funcionalidad.  <\/p>\n<p>United Abrasives es una empresa privada. Nuestra relaci\u00f3n con SAIT, una empresa italiana fundada en 1953, comenz\u00f3 cuando fabric\u00e1bamos bandas abrasivas recubiertas. En 1975 hab\u00edamos ampliado nuestra producci\u00f3n para incluir abrasivos aglomerados. El fuerte compromiso entre United Abrasives y SAIT contin\u00faa hoy en d\u00eda.   <\/p>\n<p>Mantenernos fieles a nuestros valores fundamentales durante nuestros casi cincuenta a\u00f1os de actividad nos ha ayudado a crear una empresa que estamos orgullosos de dirigir y en la que estamos orgullosos de trabajar. Nuestro objetivo sigue siendo fabricar los mejores productos abrasivos posibles. <\/p>\n<\/div><\/div><\/div><\/div><\/div><div class=\"fusion-fullwidth fullwidth-box fusion-builder-row-4 fusion-flex-container has-pattern-background has-mask-background nonhundred-percent-fullwidth non-hundred-percent-height-scrolling\" style=\"--awb-border-radius-top-left:0px;--awb-border-radius-top-right:0px;--awb-border-radius-bottom-right:0px;--awb-border-radius-bottom-left:0px;--awb-padding-top:0px;--awb-flex-wrap:wrap;\" ><div class=\"fusion-builder-row fusion-row fusion-flex-align-items-flex-start fusion-flex-content-wrap\" style=\"max-width:1352px;margin-left: calc(-4% \/ 2 );margin-right: calc(-4% \/ 2 );\"><div class=\"fusion-layout-column fusion_builder_column fusion-builder-column-3 fusion_builder_column_1_1 1_1 fusion-flex-column\" style=\"--awb-bg-size:cover;--awb-width-large:100%;--awb-margin-top-large:0px;--awb-spacing-right-large:1.92%;--awb-margin-bottom-large:20px;--awb-spacing-left-large:1.92%;--awb-width-medium:100%;--awb-order-medium:0;--awb-spacing-right-medium:1.92%;--awb-spacing-left-medium:1.92%;--awb-width-small:100%;--awb-order-small:0;--awb-spacing-right-small:1.92%;--awb-spacing-left-small:1.92%;\"><div class=\"fusion-column-wrapper fusion-column-has-shadow fusion-flex-justify-content-flex-start fusion-content-layout-column\"><div class=\"fusion-title title fusion-title-3 fusion-sep-none fusion-title-center fusion-title-text fusion-title-size-three\" style=\"--awb-margin-bottom:30px;--awb-margin-top-small:10px;--awb-margin-right-small:0px;--awb-margin-bottom-small:10px;--awb-margin-left-small:0px;\"><h3 class=\"fusion-title-heading title-heading-center fusion-responsive-typography-calculated\" style=\"margin:0;--fontSize:32;line-height:1.3;\">Sigue rectificando: Muelas United Abrasives<\/h3><\/div><div class=\"fusion-video fusion-youtube\" style=\"--awb-max-width:1000px;--awb-max-height:563px;--awb-align-self:center;--awb-width:100%;\"><div class=\"video-shortcode\"><div class=\"fluid-width-video-wrapper\" style=\"padding-top:56.3%;\" ><iframe title=\"YouTube video player 2\" src=\"https:\/\/www.youtube.com\/embed\/pC5uqU9h-iQ?wmode=transparent&autoplay=0\" width=\"1000\" height=\"563\" allowfullscreen allow=\"autoplay; clipboard-write; encrypted-media; gyroscope; picture-in-picture;\"><\/iframe><\/div><\/div><\/div><div style=\"text-align:center;\"><a class=\"fusion-button button-flat fusion-button-default-size button-default fusion-button-default button-1 fusion-button-default-span fusion-button-default-type\" style=\"--button_font_size:24px;--button_padding-right:60px;--button_padding-left:60px;--button_margin-top:100px;\" target=\"_self\" href=\"https:\/\/www.unitedabrasives.com\/products\/\"><span class=\"fusion-button-text awb-button__text awb-button__text--default\">Echa un vistazo a todos nuestros productos<\/span><\/a><\/div><\/div><\/div><\/div><\/div><\/p>\n","protected":false},"excerpt":{"rendered":"<p>Desde su fundaci\u00f3n en 1970, United Abrasives\/ SAIT ha sido sin\u00f3nimo de calidad, fiabilidad, innovaci\u00f3n y valor. Seguimos siendo l\u00edderes en la industria de los abrasivos con productos que establecen nuevos est\u00e1ndares de excelencia. Estamos orgullosos de nuestra reputaci\u00f3n y nos dedicamos a probar, dise\u00f1ar y mejorar continuamente nuestros productos para garantizar la calidad y la m\u00e1xima funcionalidad.  <\/p>\n","protected":false},"author":1,"featured_media":0,"parent":0,"menu_order":0,"comment_status":"closed","ping_status":"closed","template":"100-width.php","meta":{"_acf_changed":false,"footnotes":""},"class_list":["post-65846","page","type-page","status-publish","hentry"],"acf":[],"yoast_head":"<!-- This site is optimized with the Yoast SEO plugin v27.3 - https:\/\/yoast.com\/product\/yoast-seo-wordpress\/ -->\n<title>- United Abrasives<\/title>\n<meta name=\"description\" content=\"United Abrasives\/ SAIT es l\u00edder en la industria de los abrasivos con productos que establecen est\u00e1ndares de excelencia. Inf\u00f3rmate sobre lo que nos diferencia.\" \/>\n<meta name=\"robots\" content=\"index, follow, max-snippet:-1, max-image-preview:large, max-video-preview:-1\" \/>\n<link rel=\"canonical\" href=\"https:\/\/www.unitedabrasives.com\/es\/sobre-nosotros\/\" \/>\n<meta property=\"og:locale\" content=\"es_ES\" \/>\n<meta property=\"og:type\" content=\"article\" \/>\n<meta property=\"og:title\" content=\"- United Abrasives\" \/>\n<meta property=\"og:description\" content=\"United Abrasives\/ SAIT es l\u00edder en la industria de los abrasivos con productos que establecen est\u00e1ndares de excelencia. Inf\u00f3rmate sobre lo que nos diferencia.\" \/>\n<meta property=\"og:url\" content=\"https:\/\/www.unitedabrasives.com\/es\/sobre-nosotros\/\" \/>\n<meta property=\"og:site_name\" content=\"United Abrasives\" \/>\n<meta property=\"article:modified_time\" content=\"2024-10-21T12:27:47+00:00\" \/>\n<meta name=\"twitter:card\" content=\"summary_large_image\" \/>\n<meta name=\"twitter:label1\" content=\"Tiempo de lectura\" \/>\n\t<meta name=\"twitter:data1\" content=\"10 minutos\" \/>\n<script type=\"application\/ld+json\" class=\"yoast-schema-graph\">{\"@context\":\"https:\\\/\\\/schema.org\",\"@graph\":[{\"@type\":\"WebPage\",\"@id\":\"https:\\\/\\\/www.unitedabrasives.com\\\/es\\\/sobre-nosotros\\\/\",\"url\":\"https:\\\/\\\/www.unitedabrasives.com\\\/es\\\/sobre-nosotros\\\/\",\"name\":\"- United Abrasives\",\"isPartOf\":{\"@id\":\"https:\\\/\\\/www.unitedabrasives.com\\\/es\\\/#website\"},\"datePublished\":\"2017-12-04T05:13:21+00:00\",\"dateModified\":\"2024-10-21T12:27:47+00:00\",\"description\":\"United Abrasives\\\/ SAIT es l\u00edder en la industria de los abrasivos con productos que establecen est\u00e1ndares de excelencia. Inf\u00f3rmate sobre lo que nos diferencia.\",\"breadcrumb\":{\"@id\":\"https:\\\/\\\/www.unitedabrasives.com\\\/es\\\/sobre-nosotros\\\/#breadcrumb\"},\"inLanguage\":\"es\",\"potentialAction\":[{\"@type\":\"ReadAction\",\"target\":[\"https:\\\/\\\/www.unitedabrasives.com\\\/es\\\/sobre-nosotros\\\/\"]}]},{\"@type\":\"BreadcrumbList\",\"@id\":\"https:\\\/\\\/www.unitedabrasives.com\\\/es\\\/sobre-nosotros\\\/#breadcrumb\",\"itemListElement\":[{\"@type\":\"ListItem\",\"position\":1,\"name\":\"Home\",\"item\":\"https:\\\/\\\/www.unitedabrasives.com\\\/es\\\/\"},{\"@type\":\"ListItem\",\"position\":2,\"name\":\"Sobre nosotros\"}]},{\"@type\":\"WebSite\",\"@id\":\"https:\\\/\\\/www.unitedabrasives.com\\\/es\\\/#website\",\"url\":\"https:\\\/\\\/www.unitedabrasives.com\\\/es\\\/\",\"name\":\"United Abrasives\",\"description\":\"\",\"potentialAction\":[{\"@type\":\"SearchAction\",\"target\":{\"@type\":\"EntryPoint\",\"urlTemplate\":\"https:\\\/\\\/www.unitedabrasives.com\\\/es\\\/?s={search_term_string}\"},\"query-input\":{\"@type\":\"PropertyValueSpecification\",\"valueRequired\":true,\"valueName\":\"search_term_string\"}}],\"inLanguage\":\"es\"}]}<\/script>\n<!-- \/ Yoast SEO plugin. -->","yoast_head_json":{"title":"- United Abrasives","description":"United Abrasives\/ SAIT es l\u00edder en la industria de los abrasivos con productos que establecen est\u00e1ndares de excelencia. Inf\u00f3rmate sobre lo que nos diferencia.","robots":{"index":"index","follow":"follow","max-snippet":"max-snippet:-1","max-image-preview":"max-image-preview:large","max-video-preview":"max-video-preview:-1"},"canonical":"https:\/\/www.unitedabrasives.com\/es\/sobre-nosotros\/","og_locale":"es_ES","og_type":"article","og_title":"- United Abrasives","og_description":"United Abrasives\/ SAIT es l\u00edder en la industria de los abrasivos con productos que establecen est\u00e1ndares de excelencia. Inf\u00f3rmate sobre lo que nos diferencia.","og_url":"https:\/\/www.unitedabrasives.com\/es\/sobre-nosotros\/","og_site_name":"United Abrasives","article_modified_time":"2024-10-21T12:27:47+00:00","twitter_card":"summary_large_image","twitter_misc":{"Tiempo de lectura":"10 minutos"},"schema":{"@context":"https:\/\/schema.org","@graph":[{"@type":"WebPage","@id":"https:\/\/www.unitedabrasives.com\/es\/sobre-nosotros\/","url":"https:\/\/www.unitedabrasives.com\/es\/sobre-nosotros\/","name":"- United Abrasives","isPartOf":{"@id":"https:\/\/www.unitedabrasives.com\/es\/#website"},"datePublished":"2017-12-04T05:13:21+00:00","dateModified":"2024-10-21T12:27:47+00:00","description":"United Abrasives\/ SAIT es l\u00edder en la industria de los abrasivos con productos que establecen est\u00e1ndares de excelencia. Inf\u00f3rmate sobre lo que nos diferencia.","breadcrumb":{"@id":"https:\/\/www.unitedabrasives.com\/es\/sobre-nosotros\/#breadcrumb"},"inLanguage":"es","potentialAction":[{"@type":"ReadAction","target":["https:\/\/www.unitedabrasives.com\/es\/sobre-nosotros\/"]}]},{"@type":"BreadcrumbList","@id":"https:\/\/www.unitedabrasives.com\/es\/sobre-nosotros\/#breadcrumb","itemListElement":[{"@type":"ListItem","position":1,"name":"Home","item":"https:\/\/www.unitedabrasives.com\/es\/"},{"@type":"ListItem","position":2,"name":"Sobre nosotros"}]},{"@type":"WebSite","@id":"https:\/\/www.unitedabrasives.com\/es\/#website","url":"https:\/\/www.unitedabrasives.com\/es\/","name":"United Abrasives","description":"","potentialAction":[{"@type":"SearchAction","target":{"@type":"EntryPoint","urlTemplate":"https:\/\/www.unitedabrasives.com\/es\/?s={search_term_string}"},"query-input":{"@type":"PropertyValueSpecification","valueRequired":true,"valueName":"search_term_string"}}],"inLanguage":"es"}]}},"_links":{"self":[{"href":"https:\/\/www.unitedabrasives.com\/es\/wp-json\/wp\/v2\/pages\/65846","targetHints":{"allow":["GET"]}}],"collection":[{"href":"https:\/\/www.unitedabrasives.com\/es\/wp-json\/wp\/v2\/pages"}],"about":[{"href":"https:\/\/www.unitedabrasives.com\/es\/wp-json\/wp\/v2\/types\/page"}],"author":[{"embeddable":true,"href":"https:\/\/www.unitedabrasives.com\/es\/wp-json\/wp\/v2\/users\/1"}],"replies":[{"embeddable":true,"href":"https:\/\/www.unitedabrasives.com\/es\/wp-json\/wp\/v2\/comments?post=65846"}],"version-history":[{"count":0,"href":"https:\/\/www.unitedabrasives.com\/es\/wp-json\/wp\/v2\/pages\/65846\/revisions"}],"wp:attachment":[{"href":"https:\/\/www.unitedabrasives.com\/es\/wp-json\/wp\/v2\/media?parent=65846"}],"curies":[{"name":"wp","href":"https:\/\/api.w.org\/{rel}","templated":true}]}}