{"id":65903,"date":"2018-01-27T16:26:46","date_gmt":"2018-01-27T16:26:46","guid":{"rendered":"https:\/\/www.unitedabrasives.com\/recursos\/documentacion-sobre-productos-y-seguridad\/fichas-de-datos-de-seguridad\/"},"modified":"2024-10-04T13:08:36","modified_gmt":"2024-10-04T13:08:36","slug":"fichas-de-datos-de-seguridad","status":"publish","type":"page","link":"https:\/\/www.unitedabrasives.com\/es\/recursos\/documentacion-sobre-productos-y-seguridad\/fichas-de-datos-de-seguridad\/","title":{"rendered":"Fichas de datos de seguridad"},"content":{"rendered":"<div class=\"fusion-fullwidth fullwidth-box fusion-builder-row-1 fusion-flex-container nonhundred-percent-fullwidth non-hundred-percent-height-scrolling\" style=\"--awb-border-radius-top-left:0px;--awb-border-radius-top-right:0px;--awb-border-radius-bottom-right:0px;--awb-border-radius-bottom-left:0px;--awb-flex-wrap:wrap;\" ><div class=\"fusion-builder-row fusion-row fusion-flex-align-items-flex-start fusion-flex-content-wrap\" style=\"max-width:1352px;margin-left: calc(-4% \/ 2 );margin-right: calc(-4% \/ 2 );\"><div class=\"fusion-layout-column fusion_builder_column fusion-builder-column-0 fusion_builder_column_1_1 1_1 fusion-flex-column\" style=\"--awb-bg-size:cover;--awb-width-large:100%;--awb-margin-top-large:0px;--awb-spacing-right-large:1.92%;--awb-margin-bottom-large:20px;--awb-spacing-left-large:1.92%;--awb-width-medium:100%;--awb-order-medium:0;--awb-spacing-right-medium:1.92%;--awb-spacing-left-medium:1.92%;--awb-width-small:100%;--awb-order-small:0;--awb-spacing-right-small:1.92%;--awb-spacing-left-small:1.92%;\"><div class=\"fusion-column-wrapper fusion-column-has-shadow fusion-flex-justify-content-flex-start fusion-content-layout-column\">\n<div class=\"table-1\">\n<table width=\"100%\">\n<thead>\n<tr class=\"row-1 odd\">\n<th class=\"column-1\">Producto<\/th>\n<th style=\"text-align: center;\" colspan=\"3\">Idioma<\/th>\n<\/tr>\n<\/thead>\n<tbody class=\"row-hover\">\n<tr class=\"row-2 even\">\n<td class=\"column-1\">Abrasivos aglomerantes resinoides &#8211; Corte y amolado de metales<\/td>\n<td class=\"column-2\" style=\"text-align: center;\"><a href=\"https:\/\/www.unitedabrasives.com\/wp-content\/uploads\/2021\/08\/UASDS-1-Resin-Bonded-Abrasives-Metals-English.pdf\" target=\"_blank\" rel=\"noopener noreferrer\">Ingl\u00e9s<\/a><\/td>\n<td class=\"column-3\" style=\"text-align: center;\"><a href=\"https:\/\/www.unitedabrasives.com\/wp-content\/uploads\/2021\/08\/UASDS-1-Resin-Bonded-Abrasives-Metals-Spanish.pdf?\" target=\"_blank\" rel=\"noopener noreferrer\">Espa\u00f1ol<\/a><\/td>\n<td class=\"column-4\" style=\"text-align: center;\"><a href=\"https:\/\/www.unitedabrasives.com\/wp-content\/uploads\/2021\/08\/UASDS-1-Resin-Bonded-Abrasives-Metals-French.pdf\" target=\"_blank\" rel=\"noopener noreferrer\">Franc\u00e9s<\/a><\/td>\n<\/tr>\n<tr class=\"row-3 odd\">\n<td class=\"column-1\">Abrasivos aglomerantes resinoides &#8211; Corte y amolado de hormig\u00f3n, mamposter\u00eda y materiales de construcci\u00f3n<\/td>\n<td class=\"column-2\" style=\"text-align: center;\"><a href=\"https:\/\/www.unitedabrasives.com\/wp-content\/uploads\/2021\/08\/UASDS-1-Resin-Bonded-Abrasives-Metals-English.pdf\" target=\"_blank\" rel=\"noopener noreferrer\">Ingl\u00e9s<\/a><\/td>\n<td class=\"column-3\" style=\"text-align: center;\"><a href=\"https:\/\/www.unitedabrasives.com\/wp-content\/uploads\/2021\/08\/UASDS-2-Resin-Bonded-Abrasives-Building-Materials-Spanish.pdf?\" target=\"_blank\" rel=\"noopener noreferrer\">Espa\u00f1ol<\/a><\/td>\n<td class=\"column-4\" style=\"text-align: center;\"><a href=\"https:\/\/www.unitedabrasives.com\/wp-content\/uploads\/2021\/08\/UASDS-2-Resin-Bonded-Abrasives-Building-Materials-French.pdf\" target=\"_blank\" rel=\"noopener noreferrer\">Franc\u00e9s<\/a><\/td>\n<\/tr>\n<tr class=\"row-4 even\">\n<td class=\"column-1\">Abrasivos de fibra de algod\u00f3n<\/td>\n<td class=\"column-2\" style=\"text-align: center;\"><a href=\"https:\/\/www.unitedabrasives.com\/wp-content\/uploads\/2021\/08\/UASDS-17-Cotton-Abrasives-English.pdf\" target=\"_blank\" rel=\"noopener noreferrer\">Ingl\u00e9s<\/a><\/td>\n<td class=\"column-3\" style=\"text-align: center;\"><a href=\"https:\/\/www.unitedabrasives.com\/wp-content\/uploads\/2018\/10\/UASDS-17-Cotton-Abrasives-Spanish.pdf\" target=\"_blank\" rel=\"noopener noreferrer\">Espa\u00f1ol<\/a><\/td>\n<td class=\"column-4\" style=\"text-align: center;\"><a href=\"https:\/\/www.unitedabrasives.com\/wp-content\/uploads\/2018\/10\/UASDS-17-Cotton-Abrasives-FrenchCanada.pdf\" target=\"_blank\" rel=\"noopener noreferrer\">Franc\u00e9s<\/a><\/td>\n<\/tr>\n<tr class=\"row-5 odd\">\n<td class=\"column-1\">Abrasivos Vitrificados: Muelas y Puntas Montadas<\/td>\n<td class=\"column-2\" style=\"text-align: center;\"><a href=\"https:\/\/www.unitedabrasives.com\/wp-content\/uploads\/2021\/08\/UASDS-3-Vitrifed-English.pdf\" target=\"_blank\" rel=\"noopener noreferrer\">Ingl\u00e9s<\/a><\/td>\n<td class=\"column-3\" style=\"text-align: center;\"><a href=\"https:\/\/www.unitedabrasives.com\/wp-content\/uploads\/2021\/08\/UASDS-3-Vitrifed-Spanish.pdf\" target=\"_blank\" rel=\"noopener noreferrer\">Espa\u00f1ol<\/a><\/td>\n<td class=\"column-4\" style=\"text-align: center;\"><a href=\"https:\/\/www.unitedabrasives.com\/wp-content\/uploads\/2021\/08\/UASDS-3-Vitrifed-French.pdf\" target=\"_blank\" rel=\"noopener noreferrer\">Franc\u00e9s<\/a><\/td>\n<\/tr>\n<tr class=\"row-6 even\">\n<td class=\"column-1\">Abrasivos revestidos<\/td>\n<td class=\"column-2\" style=\"text-align: center;\"><a href=\"https:\/\/www.unitedabrasives.com\/wp-content\/uploads\/2021\/08\/UASDS-4-Coated-English.pdf\" target=\"_blank\" rel=\"noopener noreferrer\">Ingl\u00e9s<\/a><\/td>\n<td class=\"column-3\" style=\"text-align: center;\"><a href=\"https:\/\/www.unitedabrasives.com\/wp-content\/uploads\/2021\/08\/UASDS-4-Coated-Spanish.pdf\" target=\"_blank\" rel=\"noopener noreferrer\">Espa\u00f1ol<\/a><\/td>\n<td class=\"column-4\" style=\"text-align: center;\"><a href=\"https:\/\/www.unitedabrasives.com\/wp-content\/uploads\/2021\/08\/UASDS-4-Coated-French.pdf\" target=\"_blank\" rel=\"noopener noreferrer\">Franc\u00e9s<\/a><\/td>\n<\/tr>\n<tr class=\"row-7 odd\">\n<td class=\"column-1\">Rollos de fontanero<\/td>\n<td class=\"column-2\" style=\"text-align: center;\"><a href=\"https:\/\/www.unitedabrasives.com\/wp-content\/uploads\/2021\/08\/UASDS-5-Plumb-Roll-English.pdf\" target=\"_blank\" rel=\"noopener noreferrer\">Ingl\u00e9s<\/a><\/td>\n<td class=\"column-3\" style=\"text-align: center;\"><a href=\"https:\/\/www.unitedabrasives.com\/wp-content\/uploads\/2021\/08\/UASDS-5-Plumb-Roll-Spanish.pdf\" target=\"_blank\" rel=\"noopener noreferrer\">Espa\u00f1ol<\/a><\/td>\n<td class=\"column-4\" style=\"text-align: center;\"><a href=\"https:\/\/www.unitedabrasives.com\/wp-content\/uploads\/2021\/08\/UASDS-5-Plumb-Roll-French.pdf\" target=\"_blank\" rel=\"noopener noreferrer\">Franc\u00e9s<\/a><\/td>\n<\/tr>\n<tr class=\"row-8 even\">\n<td class=\"column-1\">Exfoliantes para manos y suelos<\/td>\n<td class=\"column-2\" style=\"text-align: center;\"><a href=\"https:\/\/www.unitedabrasives.com\/wp-content\/uploads\/2021\/08\/UASDS-6-Rub-Stone-English.pdf\" target=\"_blank\" rel=\"noopener noreferrer\">Ingl\u00e9s<\/a><\/td>\n<td class=\"column-3\" style=\"text-align: center;\"><a href=\"https:\/\/www.unitedabrasives.com\/wp-content\/uploads\/2021\/08\/UASDS-6-Rub-Stone-Spanish.pdf\" target=\"_blank\" rel=\"noopener noreferrer\">Espa\u00f1ol<\/a><\/td>\n<td class=\"column-4\" style=\"text-align: center;\"><a href=\"https:\/\/www.unitedabrasives.com\/wp-content\/uploads\/2021\/08\/UASDS-6-Rub-Stone-French.pdf\" target=\"_blank\" rel=\"noopener noreferrer\">Franc\u00e9s<\/a><\/td>\n<\/tr>\n<tr class=\"row-9 odd\">\n<td class=\"column-1\">Pantalla SAIT<\/td>\n<td class=\"column-2\" style=\"text-align: center;\"><a href=\"https:\/\/www.unitedabrasives.com\/wp-content\/uploads\/2021\/08\/UASDS-7-Sait-screen-English.pdf\" target=\"_blank\" rel=\"noopener noreferrer\">Ingl\u00e9s<\/a><\/td>\n<td class=\"column-3\" style=\"text-align: center;\"><a href=\"https:\/\/www.unitedabrasives.com\/wp-content\/uploads\/2021\/08\/UASDS-7-Sait-screen-Spanish.pdf\" target=\"_blank\" rel=\"noopener noreferrer\">Espa\u00f1ol<\/a><\/td>\n<td class=\"column-4\" style=\"text-align: center;\"><a href=\"https:\/\/www.unitedabrasives.com\/wp-content\/uploads\/2021\/08\/UASDS-7-Sait-screen-French.pdf\" target=\"_blank\" rel=\"noopener noreferrer\">Franc\u00e9s<\/a><\/td>\n<\/tr>\n<tr class=\"row-10 even\">\n<td class=\"column-1\">Abrasivos no tejidos<\/td>\n<td class=\"column-2\" style=\"text-align: center;\"><a href=\"https:\/\/www.unitedabrasives.com\/wp-content\/uploads\/2021\/08\/UASDS-8-9-Non-Woven-English.pdf\" target=\"_blank\" rel=\"noopener noreferrer\">Ingl\u00e9s<\/a><\/td>\n<td class=\"column-3\" style=\"text-align: center;\"><a href=\"https:\/\/www.unitedabrasives.com\/wp-content\/uploads\/2021\/08\/UASDS-8-9-Non-Woven-Spanish.pdf\" target=\"_blank\" rel=\"noopener noreferrer\">Espa\u00f1ol<\/a><\/td>\n<td class=\"column-4\" style=\"text-align: center;\"><a href=\"https:\/\/www.unitedabrasives.com\/wp-content\/uploads\/2021\/08\/UASDS-8-9-Non-Woven-French.pdf\" target=\"_blank\" rel=\"noopener noreferrer\">Franc\u00e9s<\/a><\/td>\n<\/tr>\n<tr class=\"row-11 odd\">\n<td class=\"column-1\">Cepillos de alambre de acero al carbono<\/td>\n<td class=\"column-2\" style=\"text-align: center;\"><a href=\"https:\/\/www.unitedabrasives.com\/wp-content\/uploads\/2021\/08\/UASDS-10-CS-Brush-English.pdf\" target=\"_blank\" rel=\"noopener noreferrer\">Ingl\u00e9s<\/a><\/td>\n<td class=\"column-3\" style=\"text-align: center;\"><a href=\"https:\/\/www.unitedabrasives.com\/wp-content\/uploads\/2021\/08\/UASDS-10-CS-Brush-Spanish.pdf\" target=\"_blank\" rel=\"noopener noreferrer\">Espa\u00f1ol<\/a><\/td>\n<td class=\"column-4\" style=\"text-align: center;\"><a href=\"https:\/\/www.unitedabrasives.com\/wp-content\/uploads\/2021\/08\/UASDS-10-CS-Brush-French.pdf\" target=\"_blank\" rel=\"noopener noreferrer\">Franc\u00e9s<\/a><\/td>\n<\/tr>\n<tr class=\"row-12 even\">\n<td class=\"column-1\">Cepillos de alambre de acero inoxidable<\/td>\n<td class=\"column-2\" style=\"text-align: center;\"><a href=\"https:\/\/www.unitedabrasives.com\/wp-content\/uploads\/2021\/08\/UASDS-11-SS-Brush-English.pdf\" target=\"_blank\" rel=\"noopener noreferrer\">Ingl\u00e9s<\/a><\/td>\n<td class=\"column-3\" style=\"text-align: center;\"><a href=\"https:\/\/www.unitedabrasives.com\/wp-content\/uploads\/2021\/08\/UASDS-11-SS-Brush-Spanish.pdf\" target=\"_blank\" rel=\"noopener noreferrer\">Espa\u00f1ol<\/a><\/td>\n<td class=\"column-4\" style=\"text-align: center;\"><a href=\"https:\/\/www.unitedabrasives.com\/wp-content\/uploads\/2021\/08\/UASDS-11-SS-Brush-French.pdf\" target=\"_blank\" rel=\"noopener noreferrer\">Franc\u00e9s<\/a><\/td>\n<\/tr>\n<tr class=\"row-13 odd\">\n<td class=\"column-1\">Cepillos de alambre de lat\u00f3n<\/td>\n<td class=\"column-2\" style=\"text-align: center;\"><a href=\"https:\/\/www.unitedabrasives.com\/wp-content\/uploads\/2021\/08\/UASDS-12-Brass-Brush-English.pdf\" target=\"_blank\" rel=\"noopener noreferrer\">Ingl\u00e9s<\/a><\/td>\n<td class=\"column-3\" style=\"text-align: center;\"><a href=\"https:\/\/www.unitedabrasives.com\/wp-content\/uploads\/2021\/08\/UASDS-12-Brass-Brush-Spanish.pdf\" target=\"_blank\" rel=\"noopener noreferrer\">Espa\u00f1ol<\/a><\/td>\n<td class=\"column-4\" style=\"text-align: center;\"><a href=\"https:\/\/www.unitedabrasives.com\/wp-content\/uploads\/2021\/08\/UASDS-12-Brass-Brush-French.pdf\" target=\"_blank\" rel=\"noopener noreferrer\">Franc\u00e9s<\/a><\/td>\n<\/tr>\n<tr class=\"row-14 even\">\n<td class=\"column-1\">Fresas de carburo de tungsteno<\/td>\n<td class=\"column-2\" style=\"text-align: center;\"><a href=\"https:\/\/www.unitedabrasives.com\/wp-content\/uploads\/2021\/08\/UASDS-13-Carbide-Bur-English.pdf\" target=\"_blank\" rel=\"noopener noreferrer\">Ingl\u00e9s<\/a><\/td>\n<td class=\"column-3\" style=\"text-align: center;\"><a href=\"https:\/\/www.unitedabrasives.com\/wp-content\/uploads\/2021\/08\/UASDS-13-Carbide-Bur-Spanish.pdf\" target=\"_blank\" rel=\"noopener noreferrer\">Espa\u00f1ol<\/a><\/td>\n<td class=\"column-4\" style=\"text-align: center;\"><a href=\"https:\/\/www.unitedabrasives.com\/wp-content\/uploads\/2021\/08\/UASDS-13-Carbide-Bur-French.pdf\" target=\"_blank\" rel=\"noopener noreferrer\">Franc\u00e9s<\/a><\/td>\n<\/tr>\n<tr class=\"row-15 odd\">\n<td class=\"column-1\">Ruedas de Diamante<\/td>\n<td class=\"column-2\" style=\"text-align: center;\"><a href=\"https:\/\/www.unitedabrasives.com\/wp-content\/uploads\/2021\/08\/UASDS-14-Diamond-Wheels-English.pdf\" target=\"_blank\" rel=\"noopener noreferrer\">Ingl\u00e9s<\/a><\/td>\n<td class=\"column-3\" style=\"text-align: center;\"><a href=\"https:\/\/www.unitedabrasives.com\/wp-content\/uploads\/2021\/08\/UASDS-14-Diamond-Wheels-Spanish.pdf\" target=\"_blank\" rel=\"noopener noreferrer\">Espa\u00f1ol<\/a><\/td>\n<td class=\"column-4\" style=\"text-align: center;\"><a href=\"https:\/\/www.unitedabrasives.com\/wp-content\/uploads\/2021\/08\/UASDS-14-Diamond-Wheels-French.pdf\" target=\"_blank\" rel=\"noopener noreferrer\">Franc\u00e9s<\/a><\/td>\n<\/tr>\n<tr class=\"row-16 even\">\n<td class=\"column-1\">Cuchillas de metal duro<\/td>\n<td class=\"column-2\" style=\"text-align: center;\"><a href=\"https:\/\/www.unitedabrasives.com\/wp-content\/uploads\/2021\/08\/UASDS-15-Carbide-Alloy-English.pdf\" target=\"_blank\" rel=\"noopener noreferrer\">Ingl\u00e9s<\/a><\/td>\n<td class=\"column-3\" style=\"text-align: center;\"><a href=\"https:\/\/www.unitedabrasives.com\/wp-content\/uploads\/2021\/08\/UASDS-15-Carbide-Alloy-Spanish.pdf\" target=\"_blank\" rel=\"noopener noreferrer\">Espa\u00f1ol<\/a><\/td>\n<td class=\"column-4\" style=\"text-align: center;\"><a href=\"https:\/\/www.unitedabrasives.com\/wp-content\/uploads\/2021\/08\/UASDS-15-Carbide-Alloy-French.pdf\" target=\"_blank\" rel=\"noopener noreferrer\">Franc\u00e9s<\/a><\/td>\n<\/tr>\n<tr class=\"row-17 odd\">\n<td class=\"column-1\">Kit Compuesto<\/td>\n<td class=\"column-2\" style=\"text-align: center;\"><a href=\"https:\/\/www.unitedabrasives.com\/wp-content\/uploads\/2021\/08\/UASDS-16-Polishing-Compound-Kit-English.pdf\" target=\"_blank\" rel=\"noopener noreferrer\">Ingl\u00e9s<\/a><\/td>\n<td class=\"column-3\" style=\"text-align: center;\"><a href=\"https:\/\/www.unitedabrasives.com\/wp-content\/uploads\/2021\/08\/UASDS-16-Polishing-Compound-Kit-Spanish.pdf\" target=\"_blank\" rel=\"noopener noreferrer\">Espa\u00f1ol<\/a><\/td>\n<td class=\"column-4\" style=\"text-align: center;\"><a href=\"https:\/\/www.unitedabrasives.com\/wp-content\/uploads\/2021\/08\/UASDS-16-Polishing-Compound-Kit-French.pdf\" target=\"_blank\" rel=\"noopener noreferrer\">Franc\u00e9s<\/a><\/td>\n<\/tr>\n<\/tbody>\n<\/table>\n<\/div>\n<\/div><\/div><\/div><\/div>\n","protected":false},"excerpt":{"rendered":"<p>Descarga las fichas de datos de seguridad en ingl\u00e9s, espa\u00f1ol y franc\u00e9s de los siguientes productos: abrasivos aglomerados resinoides, abrasivos de fibra de algod\u00f3n, abrasivos vitrificados, abrasivos revestidos, rollos de fontanero, friegasuelos y friegasuelos manuales, malla SAIT, abrasivos no tejidos y mucho m\u00e1s.<\/p>\n","protected":false},"author":1,"featured_media":0,"parent":65900,"menu_order":0,"comment_status":"closed","ping_status":"closed","template":"100-width.php","meta":{"_acf_changed":false,"footnotes":""},"class_list":["post-65903","page","type-page","status-publish","hentry"],"acf":[],"yoast_head":"<!-- This site is optimized with the Yoast SEO plugin v27.4 - https:\/\/yoast.com\/product\/yoast-seo-wordpress\/ -->\n<title>Fichas de datos de seguridad - United Abrasives<\/title>\n<meta name=\"robots\" content=\"index, follow, max-snippet:-1, max-image-preview:large, max-video-preview:-1\" \/>\n<link rel=\"canonical\" href=\"https:\/\/www.unitedabrasives.com\/es\/recursos\/documentacion-sobre-productos-y-seguridad\/fichas-de-datos-de-seguridad\/\" \/>\n<meta property=\"og:locale\" content=\"es_ES\" \/>\n<meta property=\"og:type\" content=\"article\" \/>\n<meta property=\"og:title\" content=\"Fichas de datos de seguridad - United Abrasives\" \/>\n<meta property=\"og:description\" content=\"Descarga las fichas de datos de seguridad en ingl\u00e9s, espa\u00f1ol y franc\u00e9s de los siguientes productos: abrasivos aglomerados resinoides, abrasivos de fibra de algod\u00f3n, abrasivos vitrificados, abrasivos revestidos, rollos de fontanero, friegasuelos y friegasuelos manuales, malla SAIT, abrasivos no tejidos y mucho m\u00e1s.\" \/>\n<meta property=\"og:url\" content=\"https:\/\/www.unitedabrasives.com\/es\/recursos\/documentacion-sobre-productos-y-seguridad\/fichas-de-datos-de-seguridad\/\" \/>\n<meta property=\"og:site_name\" content=\"United Abrasives\" \/>\n<meta property=\"article:modified_time\" content=\"2024-10-04T13:08:36+00:00\" \/>\n<meta name=\"twitter:card\" content=\"summary_large_image\" \/>\n<meta name=\"twitter:label1\" content=\"Tiempo de lectura\" \/>\n\t<meta name=\"twitter:data1\" content=\"2 minutos\" \/>\n<script type=\"application\/ld+json\" class=\"yoast-schema-graph\">{\"@context\":\"https:\\\/\\\/schema.org\",\"@graph\":[{\"@type\":\"WebPage\",\"@id\":\"https:\\\/\\\/www.unitedabrasives.com\\\/es\\\/recursos\\\/documentacion-sobre-productos-y-seguridad\\\/fichas-de-datos-de-seguridad\\\/\",\"url\":\"https:\\\/\\\/www.unitedabrasives.com\\\/es\\\/recursos\\\/documentacion-sobre-productos-y-seguridad\\\/fichas-de-datos-de-seguridad\\\/\",\"name\":\"Fichas de datos de seguridad - United Abrasives\",\"isPartOf\":{\"@id\":\"https:\\\/\\\/www.unitedabrasives.com\\\/es\\\/#website\"},\"datePublished\":\"2018-01-27T16:26:46+00:00\",\"dateModified\":\"2024-10-04T13:08:36+00:00\",\"breadcrumb\":{\"@id\":\"https:\\\/\\\/www.unitedabrasives.com\\\/es\\\/recursos\\\/documentacion-sobre-productos-y-seguridad\\\/fichas-de-datos-de-seguridad\\\/#breadcrumb\"},\"inLanguage\":\"es\",\"potentialAction\":[{\"@type\":\"ReadAction\",\"target\":[\"https:\\\/\\\/www.unitedabrasives.com\\\/es\\\/recursos\\\/documentacion-sobre-productos-y-seguridad\\\/fichas-de-datos-de-seguridad\\\/\"]}]},{\"@type\":\"BreadcrumbList\",\"@id\":\"https:\\\/\\\/www.unitedabrasives.com\\\/es\\\/recursos\\\/documentacion-sobre-productos-y-seguridad\\\/fichas-de-datos-de-seguridad\\\/#breadcrumb\",\"itemListElement\":[{\"@type\":\"ListItem\",\"position\":1,\"name\":\"Home\",\"item\":\"https:\\\/\\\/www.unitedabrasives.com\\\/es\\\/\"},{\"@type\":\"ListItem\",\"position\":2,\"name\":\"Recursos\",\"item\":\"https:\\\/\\\/www.unitedabrasives.com\\\/es\\\/?page_id=65847\"},{\"@type\":\"ListItem\",\"position\":3,\"name\":\"Documentaci\u00f3n sobre productos y seguridad\",\"item\":\"https:\\\/\\\/www.unitedabrasives.com\\\/es\\\/?page_id=65900\"},{\"@type\":\"ListItem\",\"position\":4,\"name\":\"Fichas de datos de seguridad\"}]},{\"@type\":\"WebSite\",\"@id\":\"https:\\\/\\\/www.unitedabrasives.com\\\/es\\\/#website\",\"url\":\"https:\\\/\\\/www.unitedabrasives.com\\\/es\\\/\",\"name\":\"United Abrasives\",\"description\":\"\",\"potentialAction\":[{\"@type\":\"SearchAction\",\"target\":{\"@type\":\"EntryPoint\",\"urlTemplate\":\"https:\\\/\\\/www.unitedabrasives.com\\\/es\\\/?s={search_term_string}\"},\"query-input\":{\"@type\":\"PropertyValueSpecification\",\"valueRequired\":true,\"valueName\":\"search_term_string\"}}],\"inLanguage\":\"es\"}]}<\/script>\n<!-- \/ Yoast SEO plugin. -->","yoast_head_json":{"title":"Fichas de datos de seguridad - United Abrasives","robots":{"index":"index","follow":"follow","max-snippet":"max-snippet:-1","max-image-preview":"max-image-preview:large","max-video-preview":"max-video-preview:-1"},"canonical":"https:\/\/www.unitedabrasives.com\/es\/recursos\/documentacion-sobre-productos-y-seguridad\/fichas-de-datos-de-seguridad\/","og_locale":"es_ES","og_type":"article","og_title":"Fichas de datos de seguridad - United Abrasives","og_description":"Descarga las fichas de datos de seguridad en ingl\u00e9s, espa\u00f1ol y franc\u00e9s de los siguientes productos: abrasivos aglomerados resinoides, abrasivos de fibra de algod\u00f3n, abrasivos vitrificados, abrasivos revestidos, rollos de fontanero, friegasuelos y friegasuelos manuales, malla SAIT, abrasivos no tejidos y mucho m\u00e1s.","og_url":"https:\/\/www.unitedabrasives.com\/es\/recursos\/documentacion-sobre-productos-y-seguridad\/fichas-de-datos-de-seguridad\/","og_site_name":"United Abrasives","article_modified_time":"2024-10-04T13:08:36+00:00","twitter_card":"summary_large_image","twitter_misc":{"Tiempo de lectura":"2 minutos"},"schema":{"@context":"https:\/\/schema.org","@graph":[{"@type":"WebPage","@id":"https:\/\/www.unitedabrasives.com\/es\/recursos\/documentacion-sobre-productos-y-seguridad\/fichas-de-datos-de-seguridad\/","url":"https:\/\/www.unitedabrasives.com\/es\/recursos\/documentacion-sobre-productos-y-seguridad\/fichas-de-datos-de-seguridad\/","name":"Fichas de datos de seguridad - United Abrasives","isPartOf":{"@id":"https:\/\/www.unitedabrasives.com\/es\/#website"},"datePublished":"2018-01-27T16:26:46+00:00","dateModified":"2024-10-04T13:08:36+00:00","breadcrumb":{"@id":"https:\/\/www.unitedabrasives.com\/es\/recursos\/documentacion-sobre-productos-y-seguridad\/fichas-de-datos-de-seguridad\/#breadcrumb"},"inLanguage":"es","potentialAction":[{"@type":"ReadAction","target":["https:\/\/www.unitedabrasives.com\/es\/recursos\/documentacion-sobre-productos-y-seguridad\/fichas-de-datos-de-seguridad\/"]}]},{"@type":"BreadcrumbList","@id":"https:\/\/www.unitedabrasives.com\/es\/recursos\/documentacion-sobre-productos-y-seguridad\/fichas-de-datos-de-seguridad\/#breadcrumb","itemListElement":[{"@type":"ListItem","position":1,"name":"Home","item":"https:\/\/www.unitedabrasives.com\/es\/"},{"@type":"ListItem","position":2,"name":"Recursos","item":"https:\/\/www.unitedabrasives.com\/es\/?page_id=65847"},{"@type":"ListItem","position":3,"name":"Documentaci\u00f3n sobre productos y seguridad","item":"https:\/\/www.unitedabrasives.com\/es\/?page_id=65900"},{"@type":"ListItem","position":4,"name":"Fichas de datos de seguridad"}]},{"@type":"WebSite","@id":"https:\/\/www.unitedabrasives.com\/es\/#website","url":"https:\/\/www.unitedabrasives.com\/es\/","name":"United Abrasives","description":"","potentialAction":[{"@type":"SearchAction","target":{"@type":"EntryPoint","urlTemplate":"https:\/\/www.unitedabrasives.com\/es\/?s={search_term_string}"},"query-input":{"@type":"PropertyValueSpecification","valueRequired":true,"valueName":"search_term_string"}}],"inLanguage":"es"}]}},"_links":{"self":[{"href":"https:\/\/www.unitedabrasives.com\/es\/wp-json\/wp\/v2\/pages\/65903","targetHints":{"allow":["GET"]}}],"collection":[{"href":"https:\/\/www.unitedabrasives.com\/es\/wp-json\/wp\/v2\/pages"}],"about":[{"href":"https:\/\/www.unitedabrasives.com\/es\/wp-json\/wp\/v2\/types\/page"}],"author":[{"embeddable":true,"href":"https:\/\/www.unitedabrasives.com\/es\/wp-json\/wp\/v2\/users\/1"}],"replies":[{"embeddable":true,"href":"https:\/\/www.unitedabrasives.com\/es\/wp-json\/wp\/v2\/comments?post=65903"}],"version-history":[{"count":0,"href":"https:\/\/www.unitedabrasives.com\/es\/wp-json\/wp\/v2\/pages\/65903\/revisions"}],"up":[{"embeddable":true,"href":"https:\/\/www.unitedabrasives.com\/es\/wp-json\/wp\/v2\/pages\/65900"}],"wp:attachment":[{"href":"https:\/\/www.unitedabrasives.com\/es\/wp-json\/wp\/v2\/media?parent=65903"}],"curies":[{"name":"wp","href":"https:\/\/api.w.org\/{rel}","templated":true}]}}