{"id":65914,"date":"2018-06-20T19:09:54","date_gmt":"2018-06-20T19:09:54","guid":{"rendered":"https:\/\/www.unitedabrasives.com\/exclusivo-super-lock-hub\/"},"modified":"2024-10-04T14:59:36","modified_gmt":"2024-10-04T14:59:36","slug":"exclusivo-super-lock-hub","status":"publish","type":"page","link":"https:\/\/www.unitedabrasives.com\/es\/recursos\/documentacion-sobre-productos-y-seguridad\/informacion-tecnica-del-producto\/exclusivo-super-lock-hub\/","title":{"rendered":"Exclusivo Super-Lock Hub\u2122"},"content":{"rendered":"<div class=\"fusion-fullwidth fullwidth-box fusion-builder-row-1 fusion-flex-container nonhundred-percent-fullwidth non-hundred-percent-height-scrolling\" style=\"--awb-border-radius-top-left:0px;--awb-border-radius-top-right:0px;--awb-border-radius-bottom-right:0px;--awb-border-radius-bottom-left:0px;--awb-flex-wrap:wrap;\" ><div class=\"fusion-builder-row fusion-row fusion-flex-align-items-flex-start fusion-flex-content-wrap\" style=\"max-width:1352px;margin-left: calc(-4% \/ 2 );margin-right: calc(-4% \/ 2 );\"><div class=\"fusion-layout-column fusion_builder_column fusion-builder-column-0 fusion_builder_column_1_1 1_1 fusion-flex-column\" style=\"--awb-bg-size:cover;--awb-width-large:100%;--awb-margin-top-large:0px;--awb-spacing-right-large:1.92%;--awb-margin-bottom-large:0px;--awb-spacing-left-large:1.92%;--awb-width-medium:100%;--awb-spacing-right-medium:1.92%;--awb-spacing-left-medium:1.92%;--awb-width-small:100%;--awb-spacing-right-small:1.92%;--awb-spacing-left-small:1.92%;\"><div class=\"fusion-column-wrapper fusion-flex-justify-content-flex-start fusion-content-layout-column\"><div class=\"fusion-text fusion-text-1\"><p>Super-Lock\u2122 combina un sistema de cierre de llave transversal enclavado mec\u00e1nicamente con un exclusivo sistema de uni\u00f3n de dos componentes que le confiere una capacidad de rendimiento superior.<br \/>\nOtros fabricantes utilizan cubos que dependen s\u00f3lo del epoxi bicomponente, que puede fallar en muchos casos debido a una mala preparaci\u00f3n de la superficie, unas condiciones de curado inadecuadas, una proporci\u00f3n incorrecta de catalizador y epoxi, o la cantidad de material epoxi aplicado. <\/p>\n<\/div><\/div><\/div><div class=\"fusion-layout-column fusion_builder_column fusion-builder-column-1 fusion_builder_column_1_2 1_2 fusion-flex-column\" style=\"--awb-bg-size:cover;--awb-width-large:50%;--awb-margin-top-large:0px;--awb-spacing-right-large:3.84%;--awb-margin-bottom-large:20px;--awb-spacing-left-large:3.84%;--awb-width-medium:50%;--awb-order-medium:0;--awb-spacing-right-medium:3.84%;--awb-spacing-left-medium:3.84%;--awb-width-small:100%;--awb-order-small:0;--awb-spacing-right-small:1.92%;--awb-spacing-left-small:1.92%;\"><div class=\"fusion-column-wrapper fusion-column-has-shadow fusion-flex-justify-content-flex-start fusion-content-layout-column\"><div class=\"fusion-text fusion-text-2\"><h3>\u00danico en el sector<\/h3>\n<p>El sistema Super-Lock\u2122 de United Abrasives es nuestro exclusivo conjunto de buje desechable a prueba de fallos.<br \/>\nSe trata de un sistema \u00fanico de montaje de cubo que se utiliza en las muelas de desbaste y corte de Tipo 27 y Tipo 28 en las que se prefiere el montaje de cubo. <\/p>\n<h3>Rendimiento insuperable<\/h3>\n<p>El par de giro aplicado a las ruedas puede variar en funci\u00f3n del material que se retire y de la presi\u00f3n que se aplique.<br \/>\nMientras que las uniones qu\u00edmicas que utilizan otros fabricantes pueden fallar, el cubo Super-Lock\u2122 garantiza la estabilidad de la conexi\u00f3n cubo-rueda. <\/p>\n<h3>Millones vendidos &#8211; Ni un fallo<\/h3>\n<p>Desde 1983, United Abrasives ha fabricado y vendido millones de ruedas de centro deprimido con cubos Super-Lock\u2122.<br \/>\nNi una sola de ellas ha sufrido jam\u00e1s un fallo. <\/p>\n<h3>Patentado<\/h3>\n<p>El sistema de cubo Super-Lock\u2122 es tan seguro que fue protegido originalmente por la patente estadounidense n\u00ba 4.541.205.<br \/>\nUnited Abrasives es el \u00fanico fabricante que utiliza este extraordinario sistema de cubo. <\/p>\n<h3>Uso en ruedas de tipo 27 y 28<\/h3>\n<p>El sistema de cubo Super-Lock\u2122 est\u00e1 disponible en las muelas de desbaste y corte de centro deprimido de 4-1\/2&#8243;, 5&#8243;, 6&#8243;, 7&#8243; y 9&#8243; de los tipos 27 y 28. Las muelas Turbo de 5&#8243; x 1\/8&#8243;, 0,045&#8243;, 0,090&#8243;, 0,095&#8243; y los discos de l\u00e1minas no tienen cubos Super-Lock\u2122, pero utilizan un cubo sin chaveta con el mismo sistema exclusivo de uni\u00f3n en dos partes.<\/p>\n<\/div><\/div><\/div><div class=\"fusion-layout-column fusion_builder_column fusion-builder-column-2 fusion_builder_column_1_2 1_2 fusion-flex-column\" style=\"--awb-padding-top:38px;--awb-bg-size:cover;--awb-width-large:50%;--awb-margin-top-large:0px;--awb-spacing-right-large:3.84%;--awb-margin-bottom-large:20px;--awb-spacing-left-large:3.84%;--awb-width-medium:50%;--awb-order-medium:0;--awb-spacing-right-medium:3.84%;--awb-spacing-left-medium:3.84%;--awb-width-small:100%;--awb-order-small:0;--awb-spacing-right-small:1.92%;--awb-spacing-left-small:1.92%;\"><div class=\"fusion-column-wrapper fusion-column-has-shadow fusion-flex-justify-content-flex-start fusion-content-layout-column\"><div class=\"fusion-image-element \" style=\"text-align:center;--awb-max-width:500px;--awb-caption-title-font-family:var(--h2_typography-font-family);--awb-caption-title-font-weight:var(--h2_typography-font-weight);--awb-caption-title-font-style:var(--h2_typography-font-style);--awb-caption-title-size:var(--h2_typography-font-size);--awb-caption-title-transform:var(--h2_typography-text-transform);--awb-caption-title-line-height:var(--h2_typography-line-height);--awb-caption-title-letter-spacing:var(--h2_typography-letter-spacing);\"><span class=\" fusion-imageframe imageframe-none imageframe-1 hover-type-none\"><img decoding=\"async\" width=\"1446\" height=\"2664\" title=\"hub\" src=\"https:\/\/www.unitedabrasives.com\/wp-content\/uploads\/2018\/06\/hub.jpg\" alt class=\"img-responsive wp-image-63256\" srcset=\"https:\/\/www.unitedabrasives.com\/wp-content\/uploads\/2018\/06\/hub-163x300.jpg 163w, https:\/\/www.unitedabrasives.com\/wp-content\/uploads\/2018\/06\/hub-556x1024.jpg 556w, https:\/\/www.unitedabrasives.com\/wp-content\/uploads\/2018\/06\/hub-768x1415.jpg 768w, https:\/\/www.unitedabrasives.com\/wp-content\/uploads\/2018\/06\/hub.jpg 1446w\" sizes=\"(max-width: 1446px) 100vw, 1446px\" \/><\/span><\/div><\/div><\/div><\/div><\/div>\n","protected":false},"excerpt":{"rendered":"<p>Super-Lock\u2122 combina un sistema de cierre de llave transversal enclavado mec\u00e1nicamente con un exclusivo sistema de uni\u00f3n de dos componentes que le confiere una capacidad de rendimiento superior.<br \/>\nOtros fabricantes utilizan cubos que dependen s\u00f3lo del epoxi bicomponente, que puede fallar en muchos casos debido a una mala preparaci\u00f3n de la superficie, unas condiciones de curado inadecuadas, una proporci\u00f3n incorrecta de catalizador y epoxi, o la cantidad de material epoxi aplicado. <\/p>\n","protected":false},"author":1,"featured_media":0,"parent":65933,"menu_order":0,"comment_status":"closed","ping_status":"closed","template":"100-width.php","meta":{"_acf_changed":false,"footnotes":""},"class_list":["post-65914","page","type-page","status-publish","hentry"],"acf":[],"yoast_head":"<!-- This site is optimized with the Yoast SEO plugin v27.1.1 - https:\/\/yoast.com\/product\/yoast-seo-wordpress\/ -->\n<title>Exclusivo Super-Lock Hub\u2122 - United Abrasives<\/title>\n<meta name=\"robots\" content=\"index, follow, max-snippet:-1, max-image-preview:large, max-video-preview:-1\" \/>\n<link rel=\"canonical\" href=\"https:\/\/www.unitedabrasives.com\/es\/recursos\/documentacion-sobre-productos-y-seguridad\/informacion-tecnica-del-producto\/exclusivo-super-lock-hub\/\" \/>\n<meta property=\"og:locale\" content=\"es_ES\" \/>\n<meta property=\"og:type\" content=\"article\" \/>\n<meta property=\"og:title\" content=\"Exclusivo Super-Lock Hub\u2122 - United Abrasives\" \/>\n<meta property=\"og:description\" content=\"Super-Lock\u2122 combina un sistema de cierre de llave transversal enclavado mec\u00e1nicamente con un exclusivo sistema de uni\u00f3n de dos componentes que le confiere una capacidad de rendimiento superior. Otros fabricantes utilizan cubos que dependen s\u00f3lo del epoxi bicomponente, que puede fallar en muchos casos debido a una mala preparaci\u00f3n de la superficie, unas condiciones de curado inadecuadas, una proporci\u00f3n incorrecta de catalizador y epoxi, o la cantidad de material epoxi aplicado.\" \/>\n<meta property=\"og:url\" content=\"https:\/\/www.unitedabrasives.com\/es\/recursos\/documentacion-sobre-productos-y-seguridad\/informacion-tecnica-del-producto\/exclusivo-super-lock-hub\/\" \/>\n<meta property=\"og:site_name\" content=\"United Abrasives\" \/>\n<meta property=\"article:modified_time\" content=\"2024-10-04T14:59:36+00:00\" \/>\n<meta name=\"twitter:card\" content=\"summary_large_image\" \/>\n<meta name=\"twitter:label1\" content=\"Tiempo de lectura\" \/>\n\t<meta name=\"twitter:data1\" content=\"6 minutos\" \/>\n<script type=\"application\/ld+json\" class=\"yoast-schema-graph\">{\"@context\":\"https:\/\/schema.org\",\"@graph\":[{\"@type\":\"WebPage\",\"@id\":\"https:\/\/www.unitedabrasives.com\/es\/recursos\/documentacion-sobre-productos-y-seguridad\/informacion-tecnica-del-producto\/exclusivo-super-lock-hub\/\",\"url\":\"https:\/\/www.unitedabrasives.com\/es\/recursos\/documentacion-sobre-productos-y-seguridad\/informacion-tecnica-del-producto\/exclusivo-super-lock-hub\/\",\"name\":\"Exclusivo Super-Lock Hub\u2122 - United Abrasives\",\"isPartOf\":{\"@id\":\"https:\/\/www.unitedabrasives.com\/es\/#website\"},\"datePublished\":\"2018-06-20T19:09:54+00:00\",\"dateModified\":\"2024-10-04T14:59:36+00:00\",\"breadcrumb\":{\"@id\":\"https:\/\/www.unitedabrasives.com\/es\/recursos\/documentacion-sobre-productos-y-seguridad\/informacion-tecnica-del-producto\/exclusivo-super-lock-hub\/#breadcrumb\"},\"inLanguage\":\"es\",\"potentialAction\":[{\"@type\":\"ReadAction\",\"target\":[\"https:\/\/www.unitedabrasives.com\/es\/recursos\/documentacion-sobre-productos-y-seguridad\/informacion-tecnica-del-producto\/exclusivo-super-lock-hub\/\"]}]},{\"@type\":\"BreadcrumbList\",\"@id\":\"https:\/\/www.unitedabrasives.com\/es\/recursos\/documentacion-sobre-productos-y-seguridad\/informacion-tecnica-del-producto\/exclusivo-super-lock-hub\/#breadcrumb\",\"itemListElement\":[{\"@type\":\"ListItem\",\"position\":1,\"name\":\"Home\",\"item\":\"https:\/\/www.unitedabrasives.com\/es\/\"},{\"@type\":\"ListItem\",\"position\":2,\"name\":\"Recursos\",\"item\":\"https:\/\/www.unitedabrasives.com\/es\/?page_id=65847\"},{\"@type\":\"ListItem\",\"position\":3,\"name\":\"Documentaci\u00f3n sobre productos y seguridad\",\"item\":\"https:\/\/www.unitedabrasives.com\/es\/?page_id=65900\"},{\"@type\":\"ListItem\",\"position\":4,\"name\":\"Informaci\u00f3n t\u00e9cnica del producto\",\"item\":\"https:\/\/www.unitedabrasives.com\/es\/?page_id=65933\"},{\"@type\":\"ListItem\",\"position\":5,\"name\":\"Exclusivo Super-Lock Hub\u2122\"}]},{\"@type\":\"WebSite\",\"@id\":\"https:\/\/www.unitedabrasives.com\/es\/#website\",\"url\":\"https:\/\/www.unitedabrasives.com\/es\/\",\"name\":\"United Abrasives\",\"description\":\"\",\"potentialAction\":[{\"@type\":\"SearchAction\",\"target\":{\"@type\":\"EntryPoint\",\"urlTemplate\":\"https:\/\/www.unitedabrasives.com\/es\/?s={search_term_string}\"},\"query-input\":{\"@type\":\"PropertyValueSpecification\",\"valueRequired\":true,\"valueName\":\"search_term_string\"}}],\"inLanguage\":\"es\"}]}<\/script>\n<!-- \/ Yoast SEO plugin. -->","yoast_head_json":{"title":"Exclusivo Super-Lock Hub\u2122 - United Abrasives","robots":{"index":"index","follow":"follow","max-snippet":"max-snippet:-1","max-image-preview":"max-image-preview:large","max-video-preview":"max-video-preview:-1"},"canonical":"https:\/\/www.unitedabrasives.com\/es\/recursos\/documentacion-sobre-productos-y-seguridad\/informacion-tecnica-del-producto\/exclusivo-super-lock-hub\/","og_locale":"es_ES","og_type":"article","og_title":"Exclusivo Super-Lock Hub\u2122 - United Abrasives","og_description":"Super-Lock\u2122 combina un sistema de cierre de llave transversal enclavado mec\u00e1nicamente con un exclusivo sistema de uni\u00f3n de dos componentes que le confiere una capacidad de rendimiento superior. Otros fabricantes utilizan cubos que dependen s\u00f3lo del epoxi bicomponente, que puede fallar en muchos casos debido a una mala preparaci\u00f3n de la superficie, unas condiciones de curado inadecuadas, una proporci\u00f3n incorrecta de catalizador y epoxi, o la cantidad de material epoxi aplicado.","og_url":"https:\/\/www.unitedabrasives.com\/es\/recursos\/documentacion-sobre-productos-y-seguridad\/informacion-tecnica-del-producto\/exclusivo-super-lock-hub\/","og_site_name":"United Abrasives","article_modified_time":"2024-10-04T14:59:36+00:00","twitter_card":"summary_large_image","twitter_misc":{"Tiempo de lectura":"6 minutos"},"schema":{"@context":"https:\/\/schema.org","@graph":[{"@type":"WebPage","@id":"https:\/\/www.unitedabrasives.com\/es\/recursos\/documentacion-sobre-productos-y-seguridad\/informacion-tecnica-del-producto\/exclusivo-super-lock-hub\/","url":"https:\/\/www.unitedabrasives.com\/es\/recursos\/documentacion-sobre-productos-y-seguridad\/informacion-tecnica-del-producto\/exclusivo-super-lock-hub\/","name":"Exclusivo Super-Lock Hub\u2122 - United Abrasives","isPartOf":{"@id":"https:\/\/www.unitedabrasives.com\/es\/#website"},"datePublished":"2018-06-20T19:09:54+00:00","dateModified":"2024-10-04T14:59:36+00:00","breadcrumb":{"@id":"https:\/\/www.unitedabrasives.com\/es\/recursos\/documentacion-sobre-productos-y-seguridad\/informacion-tecnica-del-producto\/exclusivo-super-lock-hub\/#breadcrumb"},"inLanguage":"es","potentialAction":[{"@type":"ReadAction","target":["https:\/\/www.unitedabrasives.com\/es\/recursos\/documentacion-sobre-productos-y-seguridad\/informacion-tecnica-del-producto\/exclusivo-super-lock-hub\/"]}]},{"@type":"BreadcrumbList","@id":"https:\/\/www.unitedabrasives.com\/es\/recursos\/documentacion-sobre-productos-y-seguridad\/informacion-tecnica-del-producto\/exclusivo-super-lock-hub\/#breadcrumb","itemListElement":[{"@type":"ListItem","position":1,"name":"Home","item":"https:\/\/www.unitedabrasives.com\/es\/"},{"@type":"ListItem","position":2,"name":"Recursos","item":"https:\/\/www.unitedabrasives.com\/es\/?page_id=65847"},{"@type":"ListItem","position":3,"name":"Documentaci\u00f3n sobre productos y seguridad","item":"https:\/\/www.unitedabrasives.com\/es\/?page_id=65900"},{"@type":"ListItem","position":4,"name":"Informaci\u00f3n t\u00e9cnica del producto","item":"https:\/\/www.unitedabrasives.com\/es\/?page_id=65933"},{"@type":"ListItem","position":5,"name":"Exclusivo Super-Lock Hub\u2122"}]},{"@type":"WebSite","@id":"https:\/\/www.unitedabrasives.com\/es\/#website","url":"https:\/\/www.unitedabrasives.com\/es\/","name":"United Abrasives","description":"","potentialAction":[{"@type":"SearchAction","target":{"@type":"EntryPoint","urlTemplate":"https:\/\/www.unitedabrasives.com\/es\/?s={search_term_string}"},"query-input":{"@type":"PropertyValueSpecification","valueRequired":true,"valueName":"search_term_string"}}],"inLanguage":"es"}]}},"_links":{"self":[{"href":"https:\/\/www.unitedabrasives.com\/es\/wp-json\/wp\/v2\/pages\/65914","targetHints":{"allow":["GET"]}}],"collection":[{"href":"https:\/\/www.unitedabrasives.com\/es\/wp-json\/wp\/v2\/pages"}],"about":[{"href":"https:\/\/www.unitedabrasives.com\/es\/wp-json\/wp\/v2\/types\/page"}],"author":[{"embeddable":true,"href":"https:\/\/www.unitedabrasives.com\/es\/wp-json\/wp\/v2\/users\/1"}],"replies":[{"embeddable":true,"href":"https:\/\/www.unitedabrasives.com\/es\/wp-json\/wp\/v2\/comments?post=65914"}],"version-history":[{"count":0,"href":"https:\/\/www.unitedabrasives.com\/es\/wp-json\/wp\/v2\/pages\/65914\/revisions"}],"up":[{"embeddable":true,"href":"https:\/\/www.unitedabrasives.com\/es\/wp-json\/wp\/v2\/pages\/65933"}],"wp:attachment":[{"href":"https:\/\/www.unitedabrasives.com\/es\/wp-json\/wp\/v2\/media?parent=65914"}],"curies":[{"name":"wp","href":"https:\/\/api.w.org\/{rel}","templated":true}]}}