{"id":65915,"date":"2019-09-25T17:37:11","date_gmt":"2019-09-25T17:37:11","guid":{"rendered":"https:\/\/www.unitedabrasives.com\/almacenamiento-y-manipulacion\/"},"modified":"2024-10-04T14:57:31","modified_gmt":"2024-10-04T14:57:31","slug":"almacenamiento-y-manipulacion","status":"publish","type":"page","link":"https:\/\/www.unitedabrasives.com\/es\/recursos\/informacion-general-de-seguridad\/almacenamiento-y-manipulacion\/","title":{"rendered":"Almacenamiento y manipulaci\u00f3n"},"content":{"rendered":"<div class=\"fusion-fullwidth fullwidth-box fusion-builder-row-1 fusion-flex-container nonhundred-percent-fullwidth non-hundred-percent-height-scrolling\" style=\"--awb-border-radius-top-left:0px;--awb-border-radius-top-right:0px;--awb-border-radius-bottom-right:0px;--awb-border-radius-bottom-left:0px;--awb-padding-top:30px;--awb-flex-wrap:wrap;\" ><div class=\"fusion-builder-row fusion-row fusion-flex-align-items-flex-start fusion-flex-content-wrap\" style=\"max-width:1352px;margin-left: calc(-4% \/ 2 );margin-right: calc(-4% \/ 2 );\"><div class=\"fusion-layout-column fusion_builder_column fusion-builder-column-0 fusion_builder_column_1_2 1_2 fusion-flex-column\" style=\"--awb-bg-size:cover;--awb-width-large:50%;--awb-margin-top-large:0px;--awb-spacing-right-large:3.84%;--awb-margin-bottom-large:20px;--awb-spacing-left-large:3.84%;--awb-width-medium:50%;--awb-order-medium:0;--awb-spacing-right-medium:3.84%;--awb-spacing-left-medium:3.84%;--awb-width-small:100%;--awb-order-small:0;--awb-spacing-right-small:1.92%;--awb-spacing-left-small:1.92%;\"><div class=\"fusion-column-wrapper fusion-column-has-shadow fusion-flex-justify-content-flex-start fusion-content-layout-column\"><div class=\"fusion-text fusion-text-1\"><h3>Abrasivos aglomerantes<\/h3>\n<p>Todas las ruedas abrasivas son quebradizas, por lo que hay que tener cuidado en su manipulaci\u00f3n y almacenamiento para evitar da\u00f1os.<\/p>\n<p>Se observar\u00e1n las siguientes normas, basadas en la experiencia:<\/p>\n<ul>\n<li>Maneja la rueda con cuidado para evitar ca\u00eddas o golpes<\/li>\n<li>No hagas rodar las ruedas (a modo de aro)<\/li>\n<li>Utiliza camiones u otros medios de transporte adecuados para proporcionar apoyo y protecci\u00f3n al transportar todas las ruedas que no puedan llevarse a mano.<\/li>\n<li>Se dispondr\u00e1 de bastidores, cubos, cajones o cajas adecuados para almacenar los distintos tipos de ruedas utilizados<\/li>\n<li>Las muelas abrasivas deben almacenarse en un lugar seco no sometido a cambios extremos de temperatura, ya que algunos aglomerantes pueden verse afectados por la humedad excesiva y las diferencias de temperatura<\/li>\n<li>Los bastidores deben situarse lo m\u00e1s cerca posible del lugar de trituraci\u00f3n, pero nunca donde haya peligro de da\u00f1os por el paso de camiones, equipos de manipulaci\u00f3n de gr\u00faas o vibraciones excesivas.<\/li>\n<li>Consulta la Gu\u00eda de Seguridad que acompa\u00f1a al producto y en la p\u00e1gina anterior de este cat\u00e1logo<\/li>\n<\/ul>\n<\/div><\/div><\/div><div class=\"fusion-layout-column fusion_builder_column fusion-builder-column-1 fusion_builder_column_1_2 1_2 fusion-flex-column\" style=\"--awb-bg-size:cover;--awb-width-large:50%;--awb-margin-top-large:0px;--awb-spacing-right-large:3.84%;--awb-margin-bottom-large:20px;--awb-spacing-left-large:3.84%;--awb-width-medium:50%;--awb-order-medium:0;--awb-spacing-right-medium:3.84%;--awb-spacing-left-medium:3.84%;--awb-width-small:100%;--awb-order-small:0;--awb-spacing-right-small:1.92%;--awb-spacing-left-small:1.92%;\"><div class=\"fusion-column-wrapper fusion-column-has-shadow fusion-flex-justify-content-flex-start fusion-content-layout-column\"><div class=\"fusion-text fusion-text-2\"><h3>Abrasivos revestidos<\/h3>\n<p>El almacenamiento incorrecto de los abrasivos revestidos afectar\u00e1 significativamente a su rendimiento.<br \/>\nTodos los tipos de soportes son susceptibles a las variaciones de temperatura y humedad durante el almacenamiento: <\/p>\n<ul>\n<li>Mant\u00e9n el almac\u00e9n a niveles constantes de humedad (35-50%) y temperatura (60-80\u00b0 F)<\/li>\n<li>Mant\u00e9n los cartones alejados de paredes y suelos h\u00famedos o fr\u00edos donde puedan absorber humedad<\/li>\n<li>Almacena los abrasivos revestidos lejos de cualquier fuente de calor<\/li>\n<li>Mant\u00e9n los productos en sus envases originales para facilitar su manipulaci\u00f3n y apilamiento<\/li>\n<li>Las ruedas de aletas extra\u00eddas del embalaje original deben extenderse en una estanter\u00eda limpia, siempre colocadas boca abajo, nunca apoyadas en el borde<\/li>\n<li>Los discos de fibra extra\u00eddos de su embalaje original deben guardarse en un soporte de discos adecuado y mantenerse a presi\u00f3n<\/li>\n<\/ul>\n<\/div><\/div><\/div><\/div><\/div>\n","protected":false},"excerpt":{"rendered":"<p>Todas las ruedas abrasivas son quebradizas, por lo que hay que tener cuidado en su manipulaci\u00f3n y almacenamiento para evitar da\u00f1os.<br \/>\nDeben observarse las siguientes normas, basadas en la experiencia: Manipula la rueda con cuidado para evitar ca\u00eddas o golpes, No hagas rodar las ruedas (a modo de aro), etc. <\/p>\n","protected":false},"author":1,"featured_media":0,"parent":65920,"menu_order":0,"comment_status":"closed","ping_status":"closed","template":"","meta":{"_acf_changed":false,"footnotes":""},"class_list":["post-65915","page","type-page","status-publish","hentry"],"acf":[],"yoast_head":"<!-- This site is optimized with the Yoast SEO plugin v27.4 - https:\/\/yoast.com\/product\/yoast-seo-wordpress\/ -->\n<title>Almacenamiento y manipulaci\u00f3n - United Abrasives<\/title>\n<meta name=\"robots\" content=\"index, follow, max-snippet:-1, max-image-preview:large, max-video-preview:-1\" \/>\n<link rel=\"canonical\" href=\"https:\/\/www.unitedabrasives.com\/es\/recursos\/informacion-general-de-seguridad\/almacenamiento-y-manipulacion\/\" \/>\n<meta property=\"og:locale\" content=\"es_ES\" \/>\n<meta property=\"og:type\" content=\"article\" \/>\n<meta property=\"og:title\" content=\"Almacenamiento y manipulaci\u00f3n - United Abrasives\" \/>\n<meta property=\"og:description\" content=\"Todas las ruedas abrasivas son quebradizas, por lo que hay que tener cuidado en su manipulaci\u00f3n y almacenamiento para evitar da\u00f1os. Deben observarse las siguientes normas, basadas en la experiencia: Manipula la rueda con cuidado para evitar ca\u00eddas o golpes, No hagas rodar las ruedas (a modo de aro), etc.\" \/>\n<meta property=\"og:url\" content=\"https:\/\/www.unitedabrasives.com\/es\/recursos\/informacion-general-de-seguridad\/almacenamiento-y-manipulacion\/\" \/>\n<meta property=\"og:site_name\" content=\"United Abrasives\" \/>\n<meta property=\"article:modified_time\" content=\"2024-10-04T14:57:31+00:00\" \/>\n<meta name=\"twitter:card\" content=\"summary_large_image\" \/>\n<meta name=\"twitter:label1\" content=\"Tiempo de lectura\" \/>\n\t<meta name=\"twitter:data1\" content=\"5 minutos\" \/>\n<script type=\"application\/ld+json\" class=\"yoast-schema-graph\">{\"@context\":\"https:\\\/\\\/schema.org\",\"@graph\":[{\"@type\":\"WebPage\",\"@id\":\"https:\\\/\\\/www.unitedabrasives.com\\\/es\\\/recursos\\\/informacion-general-de-seguridad\\\/almacenamiento-y-manipulacion\\\/\",\"url\":\"https:\\\/\\\/www.unitedabrasives.com\\\/es\\\/recursos\\\/informacion-general-de-seguridad\\\/almacenamiento-y-manipulacion\\\/\",\"name\":\"Almacenamiento y manipulaci\u00f3n - United Abrasives\",\"isPartOf\":{\"@id\":\"https:\\\/\\\/www.unitedabrasives.com\\\/es\\\/#website\"},\"datePublished\":\"2019-09-25T17:37:11+00:00\",\"dateModified\":\"2024-10-04T14:57:31+00:00\",\"breadcrumb\":{\"@id\":\"https:\\\/\\\/www.unitedabrasives.com\\\/es\\\/recursos\\\/informacion-general-de-seguridad\\\/almacenamiento-y-manipulacion\\\/#breadcrumb\"},\"inLanguage\":\"es\",\"potentialAction\":[{\"@type\":\"ReadAction\",\"target\":[\"https:\\\/\\\/www.unitedabrasives.com\\\/es\\\/recursos\\\/informacion-general-de-seguridad\\\/almacenamiento-y-manipulacion\\\/\"]}]},{\"@type\":\"BreadcrumbList\",\"@id\":\"https:\\\/\\\/www.unitedabrasives.com\\\/es\\\/recursos\\\/informacion-general-de-seguridad\\\/almacenamiento-y-manipulacion\\\/#breadcrumb\",\"itemListElement\":[{\"@type\":\"ListItem\",\"position\":1,\"name\":\"Home\",\"item\":\"https:\\\/\\\/www.unitedabrasives.com\\\/es\\\/\"},{\"@type\":\"ListItem\",\"position\":2,\"name\":\"Recursos\",\"item\":\"https:\\\/\\\/www.unitedabrasives.com\\\/es\\\/?page_id=65847\"},{\"@type\":\"ListItem\",\"position\":3,\"name\":\"Informaci\u00f3n general de seguridad\",\"item\":\"https:\\\/\\\/www.unitedabrasives.com\\\/es\\\/?page_id=65920\"},{\"@type\":\"ListItem\",\"position\":4,\"name\":\"Almacenamiento y manipulaci\u00f3n\"}]},{\"@type\":\"WebSite\",\"@id\":\"https:\\\/\\\/www.unitedabrasives.com\\\/es\\\/#website\",\"url\":\"https:\\\/\\\/www.unitedabrasives.com\\\/es\\\/\",\"name\":\"United Abrasives\",\"description\":\"\",\"potentialAction\":[{\"@type\":\"SearchAction\",\"target\":{\"@type\":\"EntryPoint\",\"urlTemplate\":\"https:\\\/\\\/www.unitedabrasives.com\\\/es\\\/?s={search_term_string}\"},\"query-input\":{\"@type\":\"PropertyValueSpecification\",\"valueRequired\":true,\"valueName\":\"search_term_string\"}}],\"inLanguage\":\"es\"}]}<\/script>\n<!-- \/ Yoast SEO plugin. -->","yoast_head_json":{"title":"Almacenamiento y manipulaci\u00f3n - United Abrasives","robots":{"index":"index","follow":"follow","max-snippet":"max-snippet:-1","max-image-preview":"max-image-preview:large","max-video-preview":"max-video-preview:-1"},"canonical":"https:\/\/www.unitedabrasives.com\/es\/recursos\/informacion-general-de-seguridad\/almacenamiento-y-manipulacion\/","og_locale":"es_ES","og_type":"article","og_title":"Almacenamiento y manipulaci\u00f3n - United Abrasives","og_description":"Todas las ruedas abrasivas son quebradizas, por lo que hay que tener cuidado en su manipulaci\u00f3n y almacenamiento para evitar da\u00f1os. Deben observarse las siguientes normas, basadas en la experiencia: Manipula la rueda con cuidado para evitar ca\u00eddas o golpes, No hagas rodar las ruedas (a modo de aro), etc.","og_url":"https:\/\/www.unitedabrasives.com\/es\/recursos\/informacion-general-de-seguridad\/almacenamiento-y-manipulacion\/","og_site_name":"United Abrasives","article_modified_time":"2024-10-04T14:57:31+00:00","twitter_card":"summary_large_image","twitter_misc":{"Tiempo de lectura":"5 minutos"},"schema":{"@context":"https:\/\/schema.org","@graph":[{"@type":"WebPage","@id":"https:\/\/www.unitedabrasives.com\/es\/recursos\/informacion-general-de-seguridad\/almacenamiento-y-manipulacion\/","url":"https:\/\/www.unitedabrasives.com\/es\/recursos\/informacion-general-de-seguridad\/almacenamiento-y-manipulacion\/","name":"Almacenamiento y manipulaci\u00f3n - United Abrasives","isPartOf":{"@id":"https:\/\/www.unitedabrasives.com\/es\/#website"},"datePublished":"2019-09-25T17:37:11+00:00","dateModified":"2024-10-04T14:57:31+00:00","breadcrumb":{"@id":"https:\/\/www.unitedabrasives.com\/es\/recursos\/informacion-general-de-seguridad\/almacenamiento-y-manipulacion\/#breadcrumb"},"inLanguage":"es","potentialAction":[{"@type":"ReadAction","target":["https:\/\/www.unitedabrasives.com\/es\/recursos\/informacion-general-de-seguridad\/almacenamiento-y-manipulacion\/"]}]},{"@type":"BreadcrumbList","@id":"https:\/\/www.unitedabrasives.com\/es\/recursos\/informacion-general-de-seguridad\/almacenamiento-y-manipulacion\/#breadcrumb","itemListElement":[{"@type":"ListItem","position":1,"name":"Home","item":"https:\/\/www.unitedabrasives.com\/es\/"},{"@type":"ListItem","position":2,"name":"Recursos","item":"https:\/\/www.unitedabrasives.com\/es\/?page_id=65847"},{"@type":"ListItem","position":3,"name":"Informaci\u00f3n general de seguridad","item":"https:\/\/www.unitedabrasives.com\/es\/?page_id=65920"},{"@type":"ListItem","position":4,"name":"Almacenamiento y manipulaci\u00f3n"}]},{"@type":"WebSite","@id":"https:\/\/www.unitedabrasives.com\/es\/#website","url":"https:\/\/www.unitedabrasives.com\/es\/","name":"United Abrasives","description":"","potentialAction":[{"@type":"SearchAction","target":{"@type":"EntryPoint","urlTemplate":"https:\/\/www.unitedabrasives.com\/es\/?s={search_term_string}"},"query-input":{"@type":"PropertyValueSpecification","valueRequired":true,"valueName":"search_term_string"}}],"inLanguage":"es"}]}},"_links":{"self":[{"href":"https:\/\/www.unitedabrasives.com\/es\/wp-json\/wp\/v2\/pages\/65915","targetHints":{"allow":["GET"]}}],"collection":[{"href":"https:\/\/www.unitedabrasives.com\/es\/wp-json\/wp\/v2\/pages"}],"about":[{"href":"https:\/\/www.unitedabrasives.com\/es\/wp-json\/wp\/v2\/types\/page"}],"author":[{"embeddable":true,"href":"https:\/\/www.unitedabrasives.com\/es\/wp-json\/wp\/v2\/users\/1"}],"replies":[{"embeddable":true,"href":"https:\/\/www.unitedabrasives.com\/es\/wp-json\/wp\/v2\/comments?post=65915"}],"version-history":[{"count":0,"href":"https:\/\/www.unitedabrasives.com\/es\/wp-json\/wp\/v2\/pages\/65915\/revisions"}],"up":[{"embeddable":true,"href":"https:\/\/www.unitedabrasives.com\/es\/wp-json\/wp\/v2\/pages\/65920"}],"wp:attachment":[{"href":"https:\/\/www.unitedabrasives.com\/es\/wp-json\/wp\/v2\/media?parent=65915"}],"curies":[{"name":"wp","href":"https:\/\/api.w.org\/{rel}","templated":true}]}}