{"id":65931,"date":"2018-06-19T14:53:23","date_gmt":"2018-06-19T14:53:23","guid":{"rendered":"https:\/\/www.unitedabrasives.com\/abrasivos-aglomerantes\/"},"modified":"2024-10-04T14:59:36","modified_gmt":"2024-10-04T14:59:36","slug":"abrasivos-aglomerantes","status":"publish","type":"page","link":"https:\/\/www.unitedabrasives.com\/es\/recursos\/documentacion-sobre-productos-y-seguridad\/informacion-tecnica-del-producto\/abrasivos-aglomerantes\/","title":{"rendered":"Abrasivos aglomerantes"},"content":{"rendered":"<div class=\"fusion-fullwidth fullwidth-box fusion-builder-row-1 fusion-flex-container nonhundred-percent-fullwidth non-hundred-percent-height-scrolling\" style=\"--awb-border-radius-top-left:0px;--awb-border-radius-top-right:0px;--awb-border-radius-bottom-right:0px;--awb-border-radius-bottom-left:0px;--awb-flex-wrap:wrap;\" ><div class=\"fusion-builder-row fusion-row fusion-flex-align-items-flex-start fusion-flex-content-wrap\" style=\"max-width:1352px;margin-left: calc(-4% \/ 2 );margin-right: calc(-4% \/ 2 );\"><div class=\"fusion-layout-column fusion_builder_column fusion-builder-column-0 fusion_builder_column_2_3 2_3 fusion-flex-column\" style=\"--awb-bg-size:cover;--awb-width-large:66.6666666667%;--awb-margin-top-large:0px;--awb-spacing-right-large:2.88%;--awb-margin-bottom-large:0px;--awb-spacing-left-large:2.88%;--awb-width-medium:66.6666666667%;--awb-spacing-right-medium:2.88%;--awb-spacing-left-medium:2.88%;--awb-width-small:100%;--awb-spacing-right-small:1.92%;--awb-spacing-left-small:1.92%;\"><div class=\"fusion-column-wrapper fusion-flex-justify-content-flex-start fusion-content-layout-column\"><div class=\"fusion-text fusion-text-1\"><h2 class=\"fusion-responsive-typography-calculated\" data-fontsize=\"42\" data-lineheight=\"54.6px\">\u00bfQu\u00e9 es un abrasivo aglomerante?<\/h2>\n<p>Un abrasivo aglomerado con resina es una herramienta de rectificado o corte compuesta por granos abrasivos que se mantienen firmemente unidos mediante un agente aglomerante y suelen estar reforzados con un material tejido.<br \/>\nDentro de la categor\u00eda de abrasivos aglomerados se encuentran las muelas abrasivas y las muelas de corte, as\u00ed como \u00abpiedras\u00bb de diversas formas y tama\u00f1os. <\/p>\n<h3 class=\"fusion-responsive-typography-calculated\" data-fontsize=\"32\" data-lineheight=\"41.6px\">Componentes principales de los abrasivos aglomerados con resinoides<\/h3>\n<p><strong>Granos abrasivos<\/strong><\/p>\n<p>Los granos abrasivos, a veces denominados granos, son part\u00edculas de compuestos artificiales.<br \/>\nLa estructura qu\u00edmica de los granos determina las propiedades f\u00edsicas, como la forma y el filo de cada part\u00edcula, junto con su dureza y friabilidad (la propensi\u00f3n a romperse).<br \/>\nLos tipos de grano m\u00e1s comunes utilizados en la fabricaci\u00f3n de abrasivos aglomerados son:  <\/p>\n<ul>\n<li>A &#8211; \u00d3xido de aluminio: Un grano duro en forma de bloque que se utiliza para cortar metales y otros materiales de alta resistencia a la tracci\u00f3n sin fracturarse excesivamente<\/li>\n<li>C &#8211; Carburo de silicio: Un abrasivo muy duro y muy afilado adecuado para materiales no met\u00e1licos como el hormig\u00f3n<\/li>\n<li>Z &#8211; Circonio: Un grano cristalino muy fino y denso que puede utilizarse para el arranque de virutas resistentes<\/li>\n<li>SG &#8211; Cer\u00e1mico: Un exclusivo \u00f3xido de aluminio cer\u00e1mico que es dos o tres veces m\u00e1s resistente que el \u00f3xido de aluminio est\u00e1ndar<\/li>\n<\/ul>\n<p><strong>Agente adhesivo<\/strong><\/p>\n<p>El agente aglutinante que mantiene unidos los granos determina la resistencia de la rueda.<\/p>\n<p><strong>Refuerzo<\/strong><\/p>\n<p>El material de refuerzo proporciona resistencia para hacer funcionar el producto abrasivo a las RPM m\u00e1ximas marcadas y para soportar la presi\u00f3n lateral que se aplica durante su uso.<br \/>\nEste elemento cr\u00edtico, que no se ve a simple vista, determina la resistencia estructural del producto. <\/p>\n<h3 class=\"fusion-responsive-typography-calculated\" data-fontsize=\"32\" data-lineheight=\"41.6px\">Combinar los componentes<\/h3>\n<p>Durante el proceso de fabricaci\u00f3n, estos tres componentes se combinan para formar una herramienta abrasiva.<br \/>\nLos granos y los agentes aglutinantes se miden, se combinan y luego se prensan en una prensa hidr\u00e1ulica automatizada.<\/p>\n<\/div><\/div><\/div><div class=\"fusion-layout-column fusion_builder_column fusion-builder-column-1 fusion_builder_column_1_3 1_3 fusion-flex-column\" style=\"--awb-bg-size:cover;--awb-width-large:33.3333333333%;--awb-margin-top-large:0px;--awb-spacing-right-large:5.76%;--awb-margin-bottom-large:20px;--awb-spacing-left-large:5.76%;--awb-width-medium:33.3333333333%;--awb-order-medium:0;--awb-spacing-right-medium:5.76%;--awb-spacing-left-medium:5.76%;--awb-width-small:100%;--awb-order-small:0;--awb-spacing-right-small:1.92%;--awb-spacing-left-small:1.92%;\"><div class=\"fusion-column-wrapper fusion-column-has-shadow fusion-flex-justify-content-flex-start fusion-content-layout-column\"><div class=\"fusion-image-element \" style=\"text-align:center;--awb-caption-title-font-family:var(--h2_typography-font-family);--awb-caption-title-font-weight:var(--h2_typography-font-weight);--awb-caption-title-font-style:var(--h2_typography-font-style);--awb-caption-title-size:var(--h2_typography-font-size);--awb-caption-title-transform:var(--h2_typography-text-transform);--awb-caption-title-line-height:var(--h2_typography-line-height);--awb-caption-title-letter-spacing:var(--h2_typography-letter-spacing);\"><span class=\" fusion-imageframe imageframe-none imageframe-1 hover-type-none\"><img decoding=\"async\" width=\"300\" height=\"798\" title=\"bonded-01\" src=\"https:\/\/www.unitedabrasives.com\/wp-content\/uploads\/2018\/06\/bonded-01.jpg\" alt class=\"img-responsive wp-image-63204\" srcset=\"https:\/\/www.unitedabrasives.com\/wp-content\/uploads\/2018\/06\/bonded-01-113x300.jpg 113w, https:\/\/www.unitedabrasives.com\/wp-content\/uploads\/2018\/06\/bonded-01.jpg 300w\" sizes=\"(max-width: 300px) 100vw, 300px\" \/><\/span><\/div><\/div><\/div><div class=\"fusion-layout-column fusion_builder_column fusion-builder-column-2 fusion_builder_column_1_1 1_1 fusion-flex-column\" style=\"--awb-bg-size:cover;--awb-width-large:100%;--awb-margin-top-large:0px;--awb-spacing-right-large:1.92%;--awb-margin-bottom-large:20px;--awb-spacing-left-large:1.92%;--awb-width-medium:100%;--awb-order-medium:0;--awb-spacing-right-medium:1.92%;--awb-spacing-left-medium:1.92%;--awb-width-small:100%;--awb-order-small:0;--awb-spacing-right-small:1.92%;--awb-spacing-left-small:1.92%;\"><div class=\"fusion-column-wrapper fusion-column-has-shadow fusion-flex-justify-content-flex-start fusion-content-layout-column\"><div class=\"fusion-title title fusion-title-1 fusion-sep-none fusion-title-text fusion-title-size-two\" style=\"--awb-margin-top:40px;--awb-margin-top-small:10px;--awb-margin-right-small:0px;--awb-margin-bottom-small:10px;--awb-margin-left-small:0px;\"><h2 class=\"fusion-title-heading title-heading-left fusion-responsive-typography-calculated\" style=\"margin:0;--fontSize:42;line-height:1.3;\">C\u00f3mo funciona una rueda<\/h2><\/div><div class=\"fusion-image-element \" style=\"--awb-caption-title-font-family:var(--h2_typography-font-family);--awb-caption-title-font-weight:var(--h2_typography-font-weight);--awb-caption-title-font-style:var(--h2_typography-font-style);--awb-caption-title-size:var(--h2_typography-font-size);--awb-caption-title-transform:var(--h2_typography-text-transform);--awb-caption-title-line-height:var(--h2_typography-line-height);--awb-caption-title-letter-spacing:var(--h2_typography-letter-spacing);\"><span class=\" fusion-imageframe imageframe-none imageframe-2 hover-type-none\"><img decoding=\"async\" width=\"800\" height=\"711\" title=\"bonded-02\" src=\"https:\/\/www.unitedabrasives.com\/wp-content\/uploads\/2018\/06\/bonded-02.jpg\" alt class=\"img-responsive wp-image-63206\" srcset=\"https:\/\/www.unitedabrasives.com\/wp-content\/uploads\/2018\/06\/bonded-02-300x267.jpg 300w, https:\/\/www.unitedabrasives.com\/wp-content\/uploads\/2018\/06\/bonded-02-768x683.jpg 768w, https:\/\/www.unitedabrasives.com\/wp-content\/uploads\/2018\/06\/bonded-02.jpg 800w\" sizes=\"(max-width: 800px) 100vw, 800px\" \/><\/span><\/div><div class=\"fusion-text fusion-text-2\" style=\"--awb-margin-top:50px;\"><h2>Ocurrencias comunes en las aplicaciones de amolado\/corte<\/h2>\n<p>Cuando una muela est\u00e1 desbastando y\/o cortando, pueden producirse algunas situaciones con la aplicaci\u00f3n, como el satinado o la carga.<br \/>\nAqu\u00ed tienes una descripci\u00f3n de cada uno de estos sucesos y algunas posibles soluciones. <\/p>\n<\/div><\/div><\/div><div class=\"fusion-layout-column fusion_builder_column fusion-builder-column-3 fusion_builder_column_1_2 1_2 fusion-flex-column\" style=\"--awb-bg-size:cover;--awb-width-large:50%;--awb-margin-top-large:0px;--awb-spacing-right-large:3.84%;--awb-margin-bottom-large:20px;--awb-spacing-left-large:3.84%;--awb-width-medium:50%;--awb-order-medium:0;--awb-spacing-right-medium:3.84%;--awb-spacing-left-medium:3.84%;--awb-width-small:100%;--awb-order-small:0;--awb-margin-top-small:22px;--awb-spacing-right-small:1.92%;--awb-spacing-left-small:1.92%;\"><div class=\"fusion-column-wrapper fusion-column-has-shadow fusion-flex-justify-content-flex-start fusion-content-layout-column\"><div class=\"fusion-image-element \" style=\"--awb-caption-title-font-family:var(--h2_typography-font-family);--awb-caption-title-font-weight:var(--h2_typography-font-weight);--awb-caption-title-font-style:var(--h2_typography-font-style);--awb-caption-title-size:var(--h2_typography-font-size);--awb-caption-title-transform:var(--h2_typography-text-transform);--awb-caption-title-line-height:var(--h2_typography-line-height);--awb-caption-title-letter-spacing:var(--h2_typography-letter-spacing);\"><span class=\" fusion-imageframe imageframe-none imageframe-3 hover-type-none\"><img decoding=\"async\" width=\"771\" height=\"550\" title=\"bonded-glazing\" src=\"https:\/\/www.unitedabrasives.com\/wp-content\/uploads\/2018\/06\/bonded-glazing.jpg\" alt class=\"img-responsive wp-image-63208\" srcset=\"https:\/\/www.unitedabrasives.com\/wp-content\/uploads\/2018\/06\/bonded-glazing-300x214.jpg 300w, https:\/\/www.unitedabrasives.com\/wp-content\/uploads\/2018\/06\/bonded-glazing-768x548.jpg 768w, https:\/\/www.unitedabrasives.com\/wp-content\/uploads\/2018\/06\/bonded-glazing.jpg 771w\" sizes=\"(max-width: 771px) 100vw, 771px\" \/><\/span><\/div><div class=\"fusion-text fusion-text-3\"><h3>Soluciones al acristalamiento<\/h3>\n<ul>\n<li>Viste la rueda para una soluci\u00f3n temporal<\/li>\n<li>Utiliza un aglomerante m\u00e1s blando y\/o una muela de grano m\u00e1s grueso<\/li>\n<\/ul>\n<\/div><\/div><\/div><div class=\"fusion-layout-column fusion_builder_column fusion-builder-column-4 fusion_builder_column_1_2 1_2 fusion-flex-column\" style=\"--awb-bg-size:cover;--awb-width-large:50%;--awb-margin-top-large:0px;--awb-spacing-right-large:3.84%;--awb-margin-bottom-large:20px;--awb-spacing-left-large:3.84%;--awb-width-medium:50%;--awb-order-medium:0;--awb-spacing-right-medium:3.84%;--awb-spacing-left-medium:3.84%;--awb-width-small:100%;--awb-order-small:0;--awb-margin-top-small:32px;--awb-spacing-right-small:1.92%;--awb-spacing-left-small:1.92%;\"><div class=\"fusion-column-wrapper fusion-column-has-shadow fusion-flex-justify-content-flex-start fusion-content-layout-column\"><div class=\"fusion-image-element \" style=\"--awb-caption-title-font-family:var(--h2_typography-font-family);--awb-caption-title-font-weight:var(--h2_typography-font-weight);--awb-caption-title-font-style:var(--h2_typography-font-style);--awb-caption-title-size:var(--h2_typography-font-size);--awb-caption-title-transform:var(--h2_typography-text-transform);--awb-caption-title-line-height:var(--h2_typography-line-height);--awb-caption-title-letter-spacing:var(--h2_typography-letter-spacing);\"><span class=\" fusion-imageframe imageframe-none imageframe-4 hover-type-none\"><img decoding=\"async\" width=\"755\" height=\"550\" title=\"bonded-loading\" src=\"https:\/\/www.unitedabrasives.com\/wp-content\/uploads\/2018\/06\/bonded-loading.jpg\" alt class=\"img-responsive wp-image-63210\" srcset=\"https:\/\/www.unitedabrasives.com\/wp-content\/uploads\/2018\/06\/bonded-loading-300x219.jpg 300w, https:\/\/www.unitedabrasives.com\/wp-content\/uploads\/2018\/06\/bonded-loading.jpg 755w\" sizes=\"(max-width: 755px) 100vw, 755px\" \/><\/span><\/div><div class=\"fusion-text fusion-text-4\"><h3>Soluciones a la carga<\/h3>\n<ul>\n<li>Viste la rueda para una soluci\u00f3n temporal<\/li>\n<li>Utiliza la rueda correcta para la aplicaci\u00f3n<\/li>\n<\/ul>\n<\/div><\/div><\/div><\/div><\/div>\n","protected":false},"excerpt":{"rendered":"<p>Un abrasivo aglomerado con resina es una herramienta de desbaste o corte compuesta por granos abrasivos que se mantienen firmemente unidos mediante un agente aglomerante y, normalmente, reforzados con un material tejido.<\/p>\n","protected":false},"author":1,"featured_media":0,"parent":65933,"menu_order":0,"comment_status":"closed","ping_status":"closed","template":"100-width.php","meta":{"_acf_changed":false,"footnotes":""},"class_list":["post-65931","page","type-page","status-publish","hentry"],"acf":[],"yoast_head":"<!-- This site is optimized with the Yoast SEO plugin v27.4 - https:\/\/yoast.com\/product\/yoast-seo-wordpress\/ -->\n<title>Abrasivos aglomerantes - United Abrasives<\/title>\n<meta name=\"robots\" content=\"index, follow, max-snippet:-1, max-image-preview:large, max-video-preview:-1\" \/>\n<link rel=\"canonical\" href=\"https:\/\/www.unitedabrasives.com\/es\/recursos\/documentacion-sobre-productos-y-seguridad\/informacion-tecnica-del-producto\/abrasivos-aglomerantes\/\" \/>\n<meta property=\"og:locale\" content=\"es_ES\" \/>\n<meta property=\"og:type\" content=\"article\" \/>\n<meta property=\"og:title\" content=\"Abrasivos aglomerantes - United Abrasives\" \/>\n<meta property=\"og:description\" content=\"Un abrasivo aglomerado con resina es una herramienta de desbaste o corte compuesta por granos abrasivos que se mantienen firmemente unidos mediante un agente aglomerante y, normalmente, reforzados con un material tejido.\" \/>\n<meta property=\"og:url\" content=\"https:\/\/www.unitedabrasives.com\/es\/recursos\/documentacion-sobre-productos-y-seguridad\/informacion-tecnica-del-producto\/abrasivos-aglomerantes\/\" \/>\n<meta property=\"og:site_name\" content=\"United Abrasives\" \/>\n<meta property=\"article:modified_time\" content=\"2024-10-04T14:59:36+00:00\" \/>\n<meta name=\"twitter:card\" content=\"summary_large_image\" \/>\n<meta name=\"twitter:label1\" content=\"Tiempo de lectura\" \/>\n\t<meta name=\"twitter:data1\" content=\"12 minutos\" \/>\n<script type=\"application\/ld+json\" class=\"yoast-schema-graph\">{\"@context\":\"https:\\\/\\\/schema.org\",\"@graph\":[{\"@type\":\"WebPage\",\"@id\":\"https:\\\/\\\/www.unitedabrasives.com\\\/es\\\/recursos\\\/documentacion-sobre-productos-y-seguridad\\\/informacion-tecnica-del-producto\\\/abrasivos-aglomerantes\\\/\",\"url\":\"https:\\\/\\\/www.unitedabrasives.com\\\/es\\\/recursos\\\/documentacion-sobre-productos-y-seguridad\\\/informacion-tecnica-del-producto\\\/abrasivos-aglomerantes\\\/\",\"name\":\"Abrasivos aglomerantes - United Abrasives\",\"isPartOf\":{\"@id\":\"https:\\\/\\\/www.unitedabrasives.com\\\/es\\\/#website\"},\"datePublished\":\"2018-06-19T14:53:23+00:00\",\"dateModified\":\"2024-10-04T14:59:36+00:00\",\"breadcrumb\":{\"@id\":\"https:\\\/\\\/www.unitedabrasives.com\\\/es\\\/recursos\\\/documentacion-sobre-productos-y-seguridad\\\/informacion-tecnica-del-producto\\\/abrasivos-aglomerantes\\\/#breadcrumb\"},\"inLanguage\":\"es\",\"potentialAction\":[{\"@type\":\"ReadAction\",\"target\":[\"https:\\\/\\\/www.unitedabrasives.com\\\/es\\\/recursos\\\/documentacion-sobre-productos-y-seguridad\\\/informacion-tecnica-del-producto\\\/abrasivos-aglomerantes\\\/\"]}]},{\"@type\":\"BreadcrumbList\",\"@id\":\"https:\\\/\\\/www.unitedabrasives.com\\\/es\\\/recursos\\\/documentacion-sobre-productos-y-seguridad\\\/informacion-tecnica-del-producto\\\/abrasivos-aglomerantes\\\/#breadcrumb\",\"itemListElement\":[{\"@type\":\"ListItem\",\"position\":1,\"name\":\"Home\",\"item\":\"https:\\\/\\\/www.unitedabrasives.com\\\/es\\\/\"},{\"@type\":\"ListItem\",\"position\":2,\"name\":\"Abrasivos aglomerantes\"}]},{\"@type\":\"WebSite\",\"@id\":\"https:\\\/\\\/www.unitedabrasives.com\\\/es\\\/#website\",\"url\":\"https:\\\/\\\/www.unitedabrasives.com\\\/es\\\/\",\"name\":\"United Abrasives\",\"description\":\"\",\"potentialAction\":[{\"@type\":\"SearchAction\",\"target\":{\"@type\":\"EntryPoint\",\"urlTemplate\":\"https:\\\/\\\/www.unitedabrasives.com\\\/es\\\/?s={search_term_string}\"},\"query-input\":{\"@type\":\"PropertyValueSpecification\",\"valueRequired\":true,\"valueName\":\"search_term_string\"}}],\"inLanguage\":\"es\"}]}<\/script>\n<!-- \/ Yoast SEO plugin. -->","yoast_head_json":{"title":"Abrasivos aglomerantes - United Abrasives","robots":{"index":"index","follow":"follow","max-snippet":"max-snippet:-1","max-image-preview":"max-image-preview:large","max-video-preview":"max-video-preview:-1"},"canonical":"https:\/\/www.unitedabrasives.com\/es\/recursos\/documentacion-sobre-productos-y-seguridad\/informacion-tecnica-del-producto\/abrasivos-aglomerantes\/","og_locale":"es_ES","og_type":"article","og_title":"Abrasivos aglomerantes - United Abrasives","og_description":"Un abrasivo aglomerado con resina es una herramienta de desbaste o corte compuesta por granos abrasivos que se mantienen firmemente unidos mediante un agente aglomerante y, normalmente, reforzados con un material tejido.","og_url":"https:\/\/www.unitedabrasives.com\/es\/recursos\/documentacion-sobre-productos-y-seguridad\/informacion-tecnica-del-producto\/abrasivos-aglomerantes\/","og_site_name":"United Abrasives","article_modified_time":"2024-10-04T14:59:36+00:00","twitter_card":"summary_large_image","twitter_misc":{"Tiempo de lectura":"12 minutos"},"schema":{"@context":"https:\/\/schema.org","@graph":[{"@type":"WebPage","@id":"https:\/\/www.unitedabrasives.com\/es\/recursos\/documentacion-sobre-productos-y-seguridad\/informacion-tecnica-del-producto\/abrasivos-aglomerantes\/","url":"https:\/\/www.unitedabrasives.com\/es\/recursos\/documentacion-sobre-productos-y-seguridad\/informacion-tecnica-del-producto\/abrasivos-aglomerantes\/","name":"Abrasivos aglomerantes - United Abrasives","isPartOf":{"@id":"https:\/\/www.unitedabrasives.com\/es\/#website"},"datePublished":"2018-06-19T14:53:23+00:00","dateModified":"2024-10-04T14:59:36+00:00","breadcrumb":{"@id":"https:\/\/www.unitedabrasives.com\/es\/recursos\/documentacion-sobre-productos-y-seguridad\/informacion-tecnica-del-producto\/abrasivos-aglomerantes\/#breadcrumb"},"inLanguage":"es","potentialAction":[{"@type":"ReadAction","target":["https:\/\/www.unitedabrasives.com\/es\/recursos\/documentacion-sobre-productos-y-seguridad\/informacion-tecnica-del-producto\/abrasivos-aglomerantes\/"]}]},{"@type":"BreadcrumbList","@id":"https:\/\/www.unitedabrasives.com\/es\/recursos\/documentacion-sobre-productos-y-seguridad\/informacion-tecnica-del-producto\/abrasivos-aglomerantes\/#breadcrumb","itemListElement":[{"@type":"ListItem","position":1,"name":"Home","item":"https:\/\/www.unitedabrasives.com\/es\/"},{"@type":"ListItem","position":2,"name":"Abrasivos aglomerantes"}]},{"@type":"WebSite","@id":"https:\/\/www.unitedabrasives.com\/es\/#website","url":"https:\/\/www.unitedabrasives.com\/es\/","name":"United Abrasives","description":"","potentialAction":[{"@type":"SearchAction","target":{"@type":"EntryPoint","urlTemplate":"https:\/\/www.unitedabrasives.com\/es\/?s={search_term_string}"},"query-input":{"@type":"PropertyValueSpecification","valueRequired":true,"valueName":"search_term_string"}}],"inLanguage":"es"}]}},"_links":{"self":[{"href":"https:\/\/www.unitedabrasives.com\/es\/wp-json\/wp\/v2\/pages\/65931","targetHints":{"allow":["GET"]}}],"collection":[{"href":"https:\/\/www.unitedabrasives.com\/es\/wp-json\/wp\/v2\/pages"}],"about":[{"href":"https:\/\/www.unitedabrasives.com\/es\/wp-json\/wp\/v2\/types\/page"}],"author":[{"embeddable":true,"href":"https:\/\/www.unitedabrasives.com\/es\/wp-json\/wp\/v2\/users\/1"}],"replies":[{"embeddable":true,"href":"https:\/\/www.unitedabrasives.com\/es\/wp-json\/wp\/v2\/comments?post=65931"}],"version-history":[{"count":0,"href":"https:\/\/www.unitedabrasives.com\/es\/wp-json\/wp\/v2\/pages\/65931\/revisions"}],"up":[{"embeddable":true,"href":"https:\/\/www.unitedabrasives.com\/es\/wp-json\/wp\/v2\/pages\/65933"}],"wp:attachment":[{"href":"https:\/\/www.unitedabrasives.com\/es\/wp-json\/wp\/v2\/media?parent=65931"}],"curies":[{"name":"wp","href":"https:\/\/api.w.org\/{rel}","templated":true}]}}