{"id":65933,"date":"2018-06-19T14:53:45","date_gmt":"2018-06-19T14:53:45","guid":{"rendered":"https:\/\/www.unitedabrasives.com\/recursos\/documentacion-sobre-productos-y-seguridad\/informacion-tecnica-del-producto\/"},"modified":"2024-10-04T14:59:36","modified_gmt":"2024-10-04T14:59:36","slug":"informacion-tecnica-del-producto","status":"publish","type":"page","link":"https:\/\/www.unitedabrasives.com\/es\/recursos\/documentacion-sobre-productos-y-seguridad\/informacion-tecnica-del-producto\/","title":{"rendered":"Informaci\u00f3n t\u00e9cnica del producto"},"content":{"rendered":"<div class=\"fusion-fullwidth fullwidth-box fusion-builder-row-1 fusion-flex-container nonhundred-percent-fullwidth non-hundred-percent-height-scrolling\" style=\"--awb-border-radius-top-left:0px;--awb-border-radius-top-right:0px;--awb-border-radius-bottom-right:0px;--awb-border-radius-bottom-left:0px;--awb-flex-wrap:wrap;\" ><div class=\"fusion-builder-row fusion-row fusion-flex-align-items-center fusion-flex-content-wrap\" style=\"max-width:1352px;margin-left: calc(-4% \/ 2 );margin-right: calc(-4% \/ 2 );\"><div class=\"fusion-layout-column fusion_builder_column fusion-builder-column-0 fusion_builder_column_1_3 1_3 fusion-flex-column\" style=\"--awb-bg-size:cover;--awb-width-large:33.3333333333%;--awb-margin-top-large:0px;--awb-spacing-right-large:5.76%;--awb-margin-bottom-large:59px;--awb-spacing-left-large:5.76%;--awb-width-medium:33.3333333333%;--awb-order-medium:0;--awb-spacing-right-medium:5.76%;--awb-spacing-left-medium:5.76%;--awb-width-small:50%;--awb-order-small:0;--awb-spacing-right-small:3.84%;--awb-spacing-left-small:3.84%;\"><div class=\"fusion-column-wrapper fusion-column-has-shadow fusion-flex-justify-content-flex-start fusion-content-layout-column\"><div style=\"text-align:center;\"><a class=\"fusion-button button-flat fusion-button-default-size button-default fusion-button-default button-1 fusion-button-span-yes fusion-button-default-type\" target=\"_self\" href=\"https:\/\/www.unitedabrasives.com\/resources\/product-safety-literature\/product-technical-information\/bonded-abrasives\/\"><span class=\"fusion-button-text awb-button__text awb-button__text--default\">Abrasivos aglomerantes<\/span><\/a><\/div><\/div><\/div><div class=\"fusion-layout-column fusion_builder_column fusion-builder-column-1 fusion_builder_column_1_3 1_3 fusion-flex-column\" style=\"--awb-bg-size:cover;--awb-width-large:33.3333333333%;--awb-margin-top-large:0px;--awb-spacing-right-large:5.76%;--awb-margin-bottom-large:59px;--awb-spacing-left-large:5.76%;--awb-width-medium:33.3333333333%;--awb-order-medium:0;--awb-spacing-right-medium:5.76%;--awb-spacing-left-medium:5.76%;--awb-width-small:50%;--awb-order-small:0;--awb-spacing-right-small:3.84%;--awb-spacing-left-small:3.84%;\"><div class=\"fusion-column-wrapper fusion-column-has-shadow fusion-flex-justify-content-flex-start fusion-content-layout-column\"><div style=\"text-align:center;\"><a class=\"fusion-button button-flat fusion-button-default-size button-default fusion-button-default button-2 fusion-button-span-yes fusion-button-default-type\" target=\"_self\" href=\"https:\/\/www.unitedabrasives.com\/resources\/product-safety-literature\/product-technical-information\/metal-cutting-carbide-blades\/\"><span class=\"fusion-button-text awb-button__text awb-button__text--default\">Cuchillas de metal duro<\/span><\/a><\/div><\/div><\/div><div class=\"fusion-layout-column fusion_builder_column fusion-builder-column-2 fusion_builder_column_1_3 1_3 fusion-flex-column\" style=\"--awb-bg-size:cover;--awb-width-large:33.3333333333%;--awb-margin-top-large:0px;--awb-spacing-right-large:5.76%;--awb-margin-bottom-large:59px;--awb-spacing-left-large:5.76%;--awb-width-medium:33.3333333333%;--awb-order-medium:0;--awb-spacing-right-medium:5.76%;--awb-spacing-left-medium:5.76%;--awb-width-small:50%;--awb-order-small:0;--awb-spacing-right-small:3.84%;--awb-spacing-left-small:3.84%;\"><div class=\"fusion-column-wrapper fusion-column-has-shadow fusion-flex-justify-content-flex-start fusion-content-layout-column\"><div style=\"text-align:center;\"><a class=\"fusion-button button-flat fusion-button-default-size button-default fusion-button-default button-3 fusion-button-span-yes fusion-button-default-type\" target=\"_self\" href=\"https:\/\/www.unitedabrasives.com\/resources\/product-safety-literature\/product-technical-information\/coated-abrasives\/\"><span class=\"fusion-button-text awb-button__text awb-button__text--default\">Abrasivos revestidos<\/span><\/a><\/div><\/div><\/div><div class=\"fusion-layout-column fusion_builder_column fusion-builder-column-3 fusion_builder_column_1_3 1_3 fusion-flex-column\" style=\"--awb-bg-size:cover;--awb-width-large:33.3333333333%;--awb-margin-top-large:0px;--awb-spacing-right-large:5.76%;--awb-margin-bottom-large:59px;--awb-spacing-left-large:5.76%;--awb-width-medium:33.3333333333%;--awb-order-medium:0;--awb-spacing-right-medium:5.76%;--awb-spacing-left-medium:5.76%;--awb-width-small:50%;--awb-order-small:0;--awb-spacing-right-small:3.84%;--awb-spacing-left-small:3.84%;\"><div class=\"fusion-column-wrapper fusion-column-has-shadow fusion-flex-justify-content-flex-start fusion-content-layout-column\"><div style=\"text-align:center;\"><a class=\"fusion-button button-flat fusion-button-default-size button-default fusion-button-default button-4 fusion-button-span-yes fusion-button-default-type\" target=\"_self\" href=\"https:\/\/www.unitedabrasives.com\/resources\/product-safety-literature\/product-technical-information\/flap-discs\/\"><span class=\"fusion-button-text awb-button__text awb-button__text--default\">Discos de l\u00e1minas<\/span><\/a><\/div><\/div><\/div><div class=\"fusion-layout-column fusion_builder_column fusion-builder-column-4 fusion_builder_column_1_3 1_3 fusion-flex-column\" style=\"--awb-bg-size:cover;--awb-width-large:33.3333333333%;--awb-margin-top-large:0px;--awb-spacing-right-large:5.76%;--awb-margin-bottom-large:59px;--awb-spacing-left-large:5.76%;--awb-width-medium:33.3333333333%;--awb-order-medium:0;--awb-spacing-right-medium:5.76%;--awb-spacing-left-medium:5.76%;--awb-width-small:50%;--awb-order-small:0;--awb-spacing-right-small:3.84%;--awb-spacing-left-small:3.84%;\"><div class=\"fusion-column-wrapper fusion-column-has-shadow fusion-flex-justify-content-flex-start fusion-content-layout-column\"><div style=\"text-align:center;\"><a class=\"fusion-button button-flat fusion-button-default-size button-default fusion-button-default button-5 fusion-button-span-yes fusion-button-default-type\" target=\"_self\" href=\"https:\/\/www.unitedabrasives.com\/resources\/product-safety-literature\/product-technical-information\/wire-brushes\/\"><span class=\"fusion-button-text awb-button__text awb-button__text--default\">Cepillos de alambre<\/span><\/a><\/div><\/div><\/div><div class=\"fusion-layout-column fusion_builder_column fusion-builder-column-5 fusion_builder_column_1_3 1_3 fusion-flex-column\" style=\"--awb-bg-size:cover;--awb-width-large:33.3333333333%;--awb-margin-top-large:0px;--awb-spacing-right-large:5.76%;--awb-margin-bottom-large:59px;--awb-spacing-left-large:5.76%;--awb-width-medium:33.3333333333%;--awb-order-medium:0;--awb-spacing-right-medium:5.76%;--awb-spacing-left-medium:5.76%;--awb-width-small:50%;--awb-order-small:0;--awb-spacing-right-small:3.84%;--awb-spacing-left-small:3.84%;\"><div class=\"fusion-column-wrapper fusion-column-has-shadow fusion-flex-justify-content-flex-start fusion-content-layout-column\"><div style=\"text-align:center;\"><a class=\"fusion-button button-flat fusion-button-default-size button-default fusion-button-default button-6 fusion-button-span-yes fusion-button-default-type\" target=\"_self\" href=\"https:\/\/www.unitedabrasives.com\/resources\/product-safety-literature\/product-technical-information\/superlock-hub\/\"><span class=\"fusion-button-text awb-button__text awb-button__text--default\">Super-Lock Hub\u2122<\/span><\/a><\/div><\/div><\/div><\/div><\/div>\n","protected":false},"excerpt":{"rendered":"<p>Obt\u00e9n la informaci\u00f3n sobre abrasivos que necesitas para los productos en los que conf\u00edas: Abrasivos aglomerados.<br \/>\nHoja de metal duro.<br \/>\nAbrasivos Recubiertos.<br \/>\nDiscos de l\u00e1minas.<br \/>\nCepillos de Alambre.<br \/>\nBuje Super-Lock.     <\/p>\n","protected":false},"author":1,"featured_media":0,"parent":65900,"menu_order":0,"comment_status":"closed","ping_status":"closed","template":"100-width.php","meta":{"_acf_changed":false,"footnotes":""},"class_list":["post-65933","page","type-page","status-publish","hentry"],"acf":[],"yoast_head":"<!-- This site is optimized with the Yoast SEO plugin v27.4 - https:\/\/yoast.com\/product\/yoast-seo-wordpress\/ -->\n<title>Informaci\u00f3n t\u00e9cnica del producto - United Abrasives<\/title>\n<meta name=\"robots\" content=\"index, follow, max-snippet:-1, max-image-preview:large, max-video-preview:-1\" \/>\n<link rel=\"canonical\" href=\"https:\/\/www.unitedabrasives.com\/es\/recursos\/documentacion-sobre-productos-y-seguridad\/informacion-tecnica-del-producto\/\" \/>\n<meta property=\"og:locale\" content=\"es_ES\" \/>\n<meta property=\"og:type\" content=\"article\" \/>\n<meta property=\"og:title\" content=\"Informaci\u00f3n t\u00e9cnica del producto - United Abrasives\" \/>\n<meta property=\"og:description\" content=\"Obt\u00e9n la informaci\u00f3n sobre abrasivos que necesitas para los productos en los que conf\u00edas: Abrasivos aglomerados. Hoja de metal duro. Abrasivos Recubiertos. Discos de l\u00e1minas. Cepillos de Alambre. Buje Super-Lock.\" \/>\n<meta property=\"og:url\" content=\"https:\/\/www.unitedabrasives.com\/es\/recursos\/documentacion-sobre-productos-y-seguridad\/informacion-tecnica-del-producto\/\" \/>\n<meta property=\"og:site_name\" content=\"United Abrasives\" \/>\n<meta property=\"article:modified_time\" content=\"2024-10-04T14:59:36+00:00\" \/>\n<meta name=\"twitter:card\" content=\"summary_large_image\" \/>\n<meta name=\"twitter:label1\" content=\"Tiempo de lectura\" \/>\n\t<meta name=\"twitter:data1\" content=\"9 minutos\" \/>\n<script type=\"application\/ld+json\" class=\"yoast-schema-graph\">{\"@context\":\"https:\\\/\\\/schema.org\",\"@graph\":[{\"@type\":\"WebPage\",\"@id\":\"https:\\\/\\\/www.unitedabrasives.com\\\/es\\\/recursos\\\/documentacion-sobre-productos-y-seguridad\\\/informacion-tecnica-del-producto\\\/\",\"url\":\"https:\\\/\\\/www.unitedabrasives.com\\\/es\\\/recursos\\\/documentacion-sobre-productos-y-seguridad\\\/informacion-tecnica-del-producto\\\/\",\"name\":\"Informaci\u00f3n t\u00e9cnica del producto - United Abrasives\",\"isPartOf\":{\"@id\":\"https:\\\/\\\/www.unitedabrasives.com\\\/es\\\/#website\"},\"datePublished\":\"2018-06-19T14:53:45+00:00\",\"dateModified\":\"2024-10-04T14:59:36+00:00\",\"breadcrumb\":{\"@id\":\"https:\\\/\\\/www.unitedabrasives.com\\\/es\\\/recursos\\\/documentacion-sobre-productos-y-seguridad\\\/informacion-tecnica-del-producto\\\/#breadcrumb\"},\"inLanguage\":\"es\",\"potentialAction\":[{\"@type\":\"ReadAction\",\"target\":[\"https:\\\/\\\/www.unitedabrasives.com\\\/es\\\/recursos\\\/documentacion-sobre-productos-y-seguridad\\\/informacion-tecnica-del-producto\\\/\"]}]},{\"@type\":\"BreadcrumbList\",\"@id\":\"https:\\\/\\\/www.unitedabrasives.com\\\/es\\\/recursos\\\/documentacion-sobre-productos-y-seguridad\\\/informacion-tecnica-del-producto\\\/#breadcrumb\",\"itemListElement\":[{\"@type\":\"ListItem\",\"position\":1,\"name\":\"Home\",\"item\":\"https:\\\/\\\/www.unitedabrasives.com\\\/es\\\/\"},{\"@type\":\"ListItem\",\"position\":2,\"name\":\"Recursos\",\"item\":\"https:\\\/\\\/www.unitedabrasives.com\\\/es\\\/?page_id=65847\"},{\"@type\":\"ListItem\",\"position\":3,\"name\":\"Documentaci\u00f3n sobre productos y seguridad\",\"item\":\"https:\\\/\\\/www.unitedabrasives.com\\\/es\\\/?page_id=65900\"},{\"@type\":\"ListItem\",\"position\":4,\"name\":\"Informaci\u00f3n t\u00e9cnica del producto\"}]},{\"@type\":\"WebSite\",\"@id\":\"https:\\\/\\\/www.unitedabrasives.com\\\/es\\\/#website\",\"url\":\"https:\\\/\\\/www.unitedabrasives.com\\\/es\\\/\",\"name\":\"United Abrasives\",\"description\":\"\",\"potentialAction\":[{\"@type\":\"SearchAction\",\"target\":{\"@type\":\"EntryPoint\",\"urlTemplate\":\"https:\\\/\\\/www.unitedabrasives.com\\\/es\\\/?s={search_term_string}\"},\"query-input\":{\"@type\":\"PropertyValueSpecification\",\"valueRequired\":true,\"valueName\":\"search_term_string\"}}],\"inLanguage\":\"es\"}]}<\/script>\n<!-- \/ Yoast SEO plugin. -->","yoast_head_json":{"title":"Informaci\u00f3n t\u00e9cnica del producto - United Abrasives","robots":{"index":"index","follow":"follow","max-snippet":"max-snippet:-1","max-image-preview":"max-image-preview:large","max-video-preview":"max-video-preview:-1"},"canonical":"https:\/\/www.unitedabrasives.com\/es\/recursos\/documentacion-sobre-productos-y-seguridad\/informacion-tecnica-del-producto\/","og_locale":"es_ES","og_type":"article","og_title":"Informaci\u00f3n t\u00e9cnica del producto - United Abrasives","og_description":"Obt\u00e9n la informaci\u00f3n sobre abrasivos que necesitas para los productos en los que conf\u00edas: Abrasivos aglomerados. Hoja de metal duro. Abrasivos Recubiertos. Discos de l\u00e1minas. Cepillos de Alambre. Buje Super-Lock.","og_url":"https:\/\/www.unitedabrasives.com\/es\/recursos\/documentacion-sobre-productos-y-seguridad\/informacion-tecnica-del-producto\/","og_site_name":"United Abrasives","article_modified_time":"2024-10-04T14:59:36+00:00","twitter_card":"summary_large_image","twitter_misc":{"Tiempo de lectura":"9 minutos"},"schema":{"@context":"https:\/\/schema.org","@graph":[{"@type":"WebPage","@id":"https:\/\/www.unitedabrasives.com\/es\/recursos\/documentacion-sobre-productos-y-seguridad\/informacion-tecnica-del-producto\/","url":"https:\/\/www.unitedabrasives.com\/es\/recursos\/documentacion-sobre-productos-y-seguridad\/informacion-tecnica-del-producto\/","name":"Informaci\u00f3n t\u00e9cnica del producto - United Abrasives","isPartOf":{"@id":"https:\/\/www.unitedabrasives.com\/es\/#website"},"datePublished":"2018-06-19T14:53:45+00:00","dateModified":"2024-10-04T14:59:36+00:00","breadcrumb":{"@id":"https:\/\/www.unitedabrasives.com\/es\/recursos\/documentacion-sobre-productos-y-seguridad\/informacion-tecnica-del-producto\/#breadcrumb"},"inLanguage":"es","potentialAction":[{"@type":"ReadAction","target":["https:\/\/www.unitedabrasives.com\/es\/recursos\/documentacion-sobre-productos-y-seguridad\/informacion-tecnica-del-producto\/"]}]},{"@type":"BreadcrumbList","@id":"https:\/\/www.unitedabrasives.com\/es\/recursos\/documentacion-sobre-productos-y-seguridad\/informacion-tecnica-del-producto\/#breadcrumb","itemListElement":[{"@type":"ListItem","position":1,"name":"Home","item":"https:\/\/www.unitedabrasives.com\/es\/"},{"@type":"ListItem","position":2,"name":"Recursos","item":"https:\/\/www.unitedabrasives.com\/es\/?page_id=65847"},{"@type":"ListItem","position":3,"name":"Documentaci\u00f3n sobre productos y seguridad","item":"https:\/\/www.unitedabrasives.com\/es\/?page_id=65900"},{"@type":"ListItem","position":4,"name":"Informaci\u00f3n t\u00e9cnica del producto"}]},{"@type":"WebSite","@id":"https:\/\/www.unitedabrasives.com\/es\/#website","url":"https:\/\/www.unitedabrasives.com\/es\/","name":"United Abrasives","description":"","potentialAction":[{"@type":"SearchAction","target":{"@type":"EntryPoint","urlTemplate":"https:\/\/www.unitedabrasives.com\/es\/?s={search_term_string}"},"query-input":{"@type":"PropertyValueSpecification","valueRequired":true,"valueName":"search_term_string"}}],"inLanguage":"es"}]}},"_links":{"self":[{"href":"https:\/\/www.unitedabrasives.com\/es\/wp-json\/wp\/v2\/pages\/65933","targetHints":{"allow":["GET"]}}],"collection":[{"href":"https:\/\/www.unitedabrasives.com\/es\/wp-json\/wp\/v2\/pages"}],"about":[{"href":"https:\/\/www.unitedabrasives.com\/es\/wp-json\/wp\/v2\/types\/page"}],"author":[{"embeddable":true,"href":"https:\/\/www.unitedabrasives.com\/es\/wp-json\/wp\/v2\/users\/1"}],"replies":[{"embeddable":true,"href":"https:\/\/www.unitedabrasives.com\/es\/wp-json\/wp\/v2\/comments?post=65933"}],"version-history":[{"count":0,"href":"https:\/\/www.unitedabrasives.com\/es\/wp-json\/wp\/v2\/pages\/65933\/revisions"}],"up":[{"embeddable":true,"href":"https:\/\/www.unitedabrasives.com\/es\/wp-json\/wp\/v2\/pages\/65900"}],"wp:attachment":[{"href":"https:\/\/www.unitedabrasives.com\/es\/wp-json\/wp\/v2\/media?parent=65933"}],"curies":[{"name":"wp","href":"https:\/\/api.w.org\/{rel}","templated":true}]}}