{"id":65937,"date":"2018-06-20T18:09:01","date_gmt":"2018-06-20T18:09:01","guid":{"rendered":"https:\/\/www.unitedabrasives.com\/recursos\/documentacion-sobre-productos-y-seguridad\/informacion-tecnica-del-producto\/abrasivos-revestidos\/"},"modified":"2024-10-04T14:59:47","modified_gmt":"2024-10-04T14:59:47","slug":"abrasivos-revestidos","status":"publish","type":"page","link":"https:\/\/www.unitedabrasives.com\/es\/recursos\/documentacion-sobre-productos-y-seguridad\/informacion-tecnica-del-producto\/abrasivos-revestidos\/","title":{"rendered":"Abrasivos revestidos"},"content":{"rendered":"<div class=\"fusion-fullwidth fullwidth-box fusion-builder-row-1 fusion-flex-container nonhundred-percent-fullwidth non-hundred-percent-height-scrolling\" style=\"--awb-border-radius-top-left:0px;--awb-border-radius-top-right:0px;--awb-border-radius-bottom-right:0px;--awb-border-radius-bottom-left:0px;--awb-flex-wrap:wrap;\" ><div class=\"fusion-builder-row fusion-row fusion-flex-align-items-flex-start fusion-flex-content-wrap\" style=\"max-width:1352px;margin-left: calc(-4% \/ 2 );margin-right: calc(-4% \/ 2 );\"><div class=\"fusion-layout-column fusion_builder_column fusion-builder-column-0 fusion_builder_column_1_1 1_1 fusion-flex-column\" style=\"--awb-bg-size:cover;--awb-width-large:100%;--awb-margin-top-large:0px;--awb-spacing-right-large:1.92%;--awb-margin-bottom-large:20px;--awb-spacing-left-large:1.92%;--awb-width-medium:100%;--awb-order-medium:0;--awb-spacing-right-medium:1.92%;--awb-spacing-left-medium:1.92%;--awb-width-small:100%;--awb-order-small:0;--awb-spacing-right-small:1.92%;--awb-spacing-left-small:1.92%;\"><div class=\"fusion-column-wrapper fusion-column-has-shadow fusion-flex-justify-content-flex-start fusion-content-layout-column\"><div class=\"fusion-text fusion-text-1\"><h2>\u00bfQu\u00e9 es un abrasivo revestido?<\/h2>\n<p>Un abrasivo revestido es un producto que consiste en una fina capa de grano abrasivo adherida a un sustrato como papel, tela, etc.<br \/>\nLos abrasivos revestidos se presentan en diversas formas, como hojas, discos, rollos, especialidades o bandas. <\/p>\n<\/div><\/div><\/div><div class=\"fusion-layout-column fusion_builder_column fusion-builder-column-1 fusion_builder_column_1_2 1_2 fusion-flex-column\" style=\"--awb-bg-size:cover;--awb-width-large:50%;--awb-margin-top-large:0px;--awb-spacing-right-large:3.84%;--awb-margin-bottom-large:20px;--awb-spacing-left-large:3.84%;--awb-width-medium:50%;--awb-order-medium:0;--awb-spacing-right-medium:3.84%;--awb-spacing-left-medium:3.84%;--awb-width-small:100%;--awb-order-small:0;--awb-spacing-right-small:1.92%;--awb-spacing-left-small:1.92%;\"><div class=\"fusion-column-wrapper fusion-column-has-shadow fusion-flex-justify-content-flex-start fusion-content-layout-column\"><div class=\"fusion-text fusion-text-2\"><h2>Componentes de los abrasivos revestidos<\/h2>\n<h3>Granos abrasivos<\/h3>\n<p>Los abrasivos revestidos se fabrican utilizando granos abrasivos; los m\u00e1s comunes son el \u00f3xido de aluminio, el circonio, la cer\u00e1mica, el carburo de silicio y el granate.<br \/>\nLos granos brutos se trituran y se separan en tama\u00f1os, llamados granos, mediante cribas calibradas.<br \/>\nLos granos van de 12 (muy grueso) a 1200 (muy fino).<br \/>\nUna vez separados los granos en tama\u00f1os, se fijan a un material de soporte mediante diversas t\u00e9cnicas de aglomerante.<br \/>\nA continuaci\u00f3n se describen los granos abrasivos m\u00e1s comunes:    <\/p>\n<p><strong>Cer\u00e1mica:&nbsp;<\/strong><br \/> Material abrasivo artificial de alto rendimiento.<br \/>\nSu estructura de grano muy uniforme y de alta densidad es extremadamente duradera y se autoafila para una mayor duraci\u00f3n y un corte m\u00e1s fr\u00edo.<br \/>\nSobresale en materiales dif\u00edciles de lijar.  <\/p>\n<p><strong>\u00d3xido de Aluminio:&nbsp;<\/strong><br \/> Un grano resistente, con forma de bloque, fabricado por el hombre, que se utiliza para el rectificado y acabado a alta velocidad de metales, madera y otros materiales de alta resistencia a la tracci\u00f3n, sin que se produzcan fracturas ni desprendimientos excesivos.<br \/>\nSiempre que la capacidad de resistir la fractura sea la consideraci\u00f3n principal, el \u00f3xido de aluminio superar\u00e1 a todos los dem\u00e1s granos abrasivos revestidos. <\/p>\n<p><strong>Zirconio:&nbsp;<\/strong><br \/> Un grano cristalino muy fino y denso, fabricado por el hombre, que puede utilizarse para el arranque agresivo de material.<br \/>\nEl circonio es un material muy denso con una caracter\u00edstica \u00fanica de autoafilado que le confiere una larga duraci\u00f3n en operaciones de arranque de virutas pesadas. <\/p>\n<p><strong>Carburo de silicio:&nbsp;<\/strong><br \/> Abrasivo artificial muy duro y afilado, adecuado para materiales no f\u00e9rreos y no met\u00e1licos, como hormig\u00f3n, m\u00e1rmol y vidrio.<br \/>\nAl ser un grano muy friable, el carburo de silicio corta m\u00e1s r\u00e1pido bajo una ligera presi\u00f3n que cualquier otro grano utilizado en abrasivos revestidos. <\/p>\n<p><strong>Granate:&nbsp;<\/strong><br \/> El granate est\u00e1 hecho de \u00f3xido de aluminio natural, que es una estructura de enlace relativamente afilada, pero muy d\u00e9bil.<br \/>\nEs muy inconsistente en comparaci\u00f3n con los sint\u00e9ticos.<br \/>\nSe utiliza principalmente en carpinter\u00eda, ya que el granate se embota demasiado r\u00e1pido para utilizarlo en metalurgia.  <\/p>\n<\/div><\/div><\/div><div class=\"fusion-layout-column fusion_builder_column fusion-builder-column-2 fusion_builder_column_1_2 1_2 fusion-flex-column\" style=\"--awb-bg-size:cover;--awb-width-large:50%;--awb-margin-top-large:0px;--awb-spacing-right-large:3.84%;--awb-margin-bottom-large:20px;--awb-spacing-left-large:3.84%;--awb-width-medium:50%;--awb-order-medium:0;--awb-spacing-right-medium:3.84%;--awb-spacing-left-medium:3.84%;--awb-width-small:100%;--awb-order-small:0;--awb-spacing-right-small:1.92%;--awb-spacing-left-small:1.92%;\"><div class=\"fusion-column-wrapper fusion-column-has-shadow fusion-flex-justify-content-flex-start fusion-content-layout-column\"><div class=\"fusion-text fusion-text-3\"><h2>Materiales de soporte (sustratos)<\/h2>\n<p>  A continuaci\u00f3n se indican los cuatro tipos principales de materiales de soporte:  <\/p>\n<h3>Papel<\/h3>\n<p>  Los papeles t\u00e9cnicos especializados se utilizan como sustratos para los abrasivos revestidos.<br \/>\nSe identifican por letras que representan el peso y la flexibilidad: Los gramajes \u00abA\u00bb y \u00abB\u00bb son ligeros y muy flexibles.<br \/>\nLos gramajes \u00abC\u00bb, \u00abD\u00bb, \u00abE\u00bb y \u00abF\u00bb son de peso medio a pesado, m\u00e1s resistentes y menos flexibles.    <\/p>\n<h3>Tela<\/h3>\n<p>  Los soportes de tela son m\u00e1s duraderos que los de papel.<br \/>\nHay varios tipos de soportes de tela: algod\u00f3n (egipcio), poli\u00e9ster y mezclas de poli\u00e9ster y algod\u00f3n.<br \/>\nLos soportes de tela se identifican por su peso y flexibilidad: El gramaje \u00abF\u00bb (J-Flex) es ligero y muy flexible.<br \/>\nEste gramaje m\u00e1s ligero es adecuado para la limpieza, el acabado y el pulido.<br \/>\nEl peso \u00abJ\u00bb (Jeans) es muy flexible y adecuado para la limpieza, el acabado y el pulido de superficies contorneadas.<br \/>\nEl peso \u00abX\u00bb (Brocas) es de peso medio a pesado para mayor resistencia y durabilidad.<br \/>\nTiene poca flexibilidad, adecuada para el lijado, desbarbado y acabado.<br \/>\n\u00abH\u00bb (Heavy Duty) es un peso m\u00e1s pesado que el peso \u00abX\u00bb.<br \/>\nTiene poca flexibilidad y es adecuada para aplicaciones de rectificado y desbarbado de alta resistencia.<br \/>\nExcelente estabilidad de los bordes.           <\/p>\n<h3>Fibra<\/h3>\n<p>  El soporte de fibra es un material vulcanizado resistente hecho de trapo.<br \/>\nEste soporte se suele utilizar para discos de fibra abrasiva.   <\/p>\n<h3>Combinaci\u00f3n<\/h3>\n<p>  El soporte combinado es papel y tela laminados, y es muy robusto y resistente a los golpes.<br \/>\nLos soportes combinados suelen utilizarse para una amplia gama de granos y t\u00e9cnicas de montaje.   <\/p>\n<h3>Otros materiales de soporte<\/h3>\n<p>  Tambi\u00e9n hay otros sustratos, como la fibra de nailon o las mallas, que pueden recubrirse para aplicaciones especiales.<br \/>\nEl nylon no tejido impregnado con grano abrasivo es otro sustrato que puede utilizarse para limpiar, pulir o mezclar.<\/p>\n<\/div><\/div><\/div><div class=\"fusion-layout-column fusion_builder_column fusion-builder-column-3 fusion_builder_column_1_1 1_1 fusion-flex-column\" style=\"--awb-bg-size:cover;--awb-width-large:100%;--awb-margin-top-large:0px;--awb-spacing-right-large:1.92%;--awb-margin-bottom-large:20px;--awb-spacing-left-large:1.92%;--awb-width-medium:100%;--awb-order-medium:0;--awb-spacing-right-medium:1.92%;--awb-spacing-left-medium:1.92%;--awb-width-small:100%;--awb-order-small:0;--awb-spacing-right-small:1.92%;--awb-spacing-left-small:1.92%;\"><div class=\"fusion-column-wrapper fusion-column-has-shadow fusion-flex-justify-content-flex-start fusion-content-layout-column\"><div class=\"fusion-text fusion-text-4\"><h2>Almacenamiento y manipulaci\u00f3n<\/h2>\n<p>El almacenamiento incorrecto de los abrasivos revestidos afectar\u00e1 significativamente a su rendimiento.<br \/>\nTodos los tipos de soportes son susceptibles a las variaciones de temperatura y humedad durante el almacenamiento: <\/p>\n<ul>\n<li>Mant\u00e9n el almac\u00e9n a niveles constantes de humedad (35-50%) y temperatura (60-80\u00b0 F)<\/li>\n<li>Mant\u00e9n los cartones alejados de paredes y suelos h\u00famedos o fr\u00edos donde puedan absorber humedad<\/li>\n<li>Almacena los abrasivos revestidos lejos de cualquier fuente de calor<\/li>\n<li>Mant\u00e9n los productos en sus envases originales para facilitar su manipulaci\u00f3n y apilamiento<\/li>\n<li>Las ruedas de aletas extra\u00eddas del embalaje original deben extenderse en una estanter\u00eda limpia, siempre colocadas boca abajo, nunca apoyadas en el borde<\/li>\n<li>Los discos de fibra extra\u00eddos de su embalaje original deben guardarse en un soporte de discos adecuado y mantenerse a presi\u00f3n<\/li>\n<li>Almacena los rollos a granel planos en estanter\u00edas o pal\u00e9s, no de canto<\/li>\n<li>Las cintas sacadas de la caja de embalaje deben enrollarse y colocarse de canto en una estanter\u00eda limpia.<br \/>\nPueden colocarse sobre un cilindro grande, pero nunca cuelgues una cinta de un clavo o una clavija (el soporte se arrugar\u00e1 y la capa abrasiva se agrietar\u00e1). <\/li>\n<li>Preacondiciona los productos abrasivos revestidos en un entorno de humedad y temperatura controladas antes de su uso para obtener la m\u00e1xima eficacia<\/li>\n<\/ul>\n<\/div><div class=\"fusion-image-element \" style=\"--awb-caption-title-font-family:var(--h2_typography-font-family);--awb-caption-title-font-weight:var(--h2_typography-font-weight);--awb-caption-title-font-style:var(--h2_typography-font-style);--awb-caption-title-size:var(--h2_typography-font-size);--awb-caption-title-transform:var(--h2_typography-text-transform);--awb-caption-title-line-height:var(--h2_typography-line-height);--awb-caption-title-letter-spacing:var(--h2_typography-letter-spacing);\"><span class=\" fusion-imageframe imageframe-none imageframe-1 hover-type-none\"><img decoding=\"async\" width=\"1200\" height=\"617\" title=\"coated-01\" src=\"https:\/\/www.unitedabrasives.com\/wp-content\/uploads\/2018\/06\/coated-01.jpg\" alt class=\"img-responsive wp-image-63226\" srcset=\"https:\/\/www.unitedabrasives.com\/wp-content\/uploads\/2018\/06\/coated-01-300x154.jpg 300w, https:\/\/www.unitedabrasives.com\/wp-content\/uploads\/2018\/06\/coated-01-768x395.jpg 768w, https:\/\/www.unitedabrasives.com\/wp-content\/uploads\/2018\/06\/coated-01-1024x527.jpg 1024w, https:\/\/www.unitedabrasives.com\/wp-content\/uploads\/2018\/06\/coated-01.jpg 1200w\" sizes=\"(max-width: 1200px) 100vw, 1200px\" \/><\/span><\/div><\/div><\/div><\/div><\/div>\n","protected":false},"excerpt":{"rendered":"<p>Un abrasivo revestido es un producto que consiste en una fina capa de grano abrasivo adherida a un sustrato como papel, tela, etc.<br \/>\nLos abrasivos revestidos se presentan en diversas formas, como hojas, discos, rollos, especialidades o bandas. <\/p>\n","protected":false},"author":1,"featured_media":0,"parent":65933,"menu_order":0,"comment_status":"closed","ping_status":"closed","template":"100-width.php","meta":{"_acf_changed":false,"footnotes":""},"class_list":["post-65937","page","type-page","status-publish","hentry"],"acf":[],"yoast_head":"<!-- This site is optimized with the Yoast SEO plugin v27.4 - https:\/\/yoast.com\/product\/yoast-seo-wordpress\/ -->\n<title>Abrasivos revestidos - United Abrasives<\/title>\n<meta name=\"robots\" content=\"index, follow, max-snippet:-1, max-image-preview:large, max-video-preview:-1\" \/>\n<link rel=\"canonical\" href=\"https:\/\/www.unitedabrasives.com\/es\/recursos\/documentacion-sobre-productos-y-seguridad\/informacion-tecnica-del-producto\/abrasivos-revestidos\/\" \/>\n<meta property=\"og:locale\" content=\"es_ES\" \/>\n<meta property=\"og:type\" content=\"article\" \/>\n<meta property=\"og:title\" content=\"Abrasivos revestidos - United Abrasives\" \/>\n<meta property=\"og:description\" content=\"Un abrasivo revestido es un producto que consiste en una fina capa de grano abrasivo adherida a un sustrato como papel, tela, etc. Los abrasivos revestidos se presentan en diversas formas, como hojas, discos, rollos, especialidades o bandas.\" \/>\n<meta property=\"og:url\" content=\"https:\/\/www.unitedabrasives.com\/es\/recursos\/documentacion-sobre-productos-y-seguridad\/informacion-tecnica-del-producto\/abrasivos-revestidos\/\" \/>\n<meta property=\"og:site_name\" content=\"United Abrasives\" \/>\n<meta property=\"article:modified_time\" content=\"2024-10-04T14:59:47+00:00\" \/>\n<meta name=\"twitter:card\" content=\"summary_large_image\" \/>\n<meta name=\"twitter:label1\" content=\"Tiempo de lectura\" \/>\n\t<meta name=\"twitter:data1\" content=\"12 minutos\" \/>\n<script type=\"application\/ld+json\" class=\"yoast-schema-graph\">{\"@context\":\"https:\\\/\\\/schema.org\",\"@graph\":[{\"@type\":\"WebPage\",\"@id\":\"https:\\\/\\\/www.unitedabrasives.com\\\/es\\\/recursos\\\/documentacion-sobre-productos-y-seguridad\\\/informacion-tecnica-del-producto\\\/abrasivos-revestidos\\\/\",\"url\":\"https:\\\/\\\/www.unitedabrasives.com\\\/es\\\/recursos\\\/documentacion-sobre-productos-y-seguridad\\\/informacion-tecnica-del-producto\\\/abrasivos-revestidos\\\/\",\"name\":\"Abrasivos revestidos - United Abrasives\",\"isPartOf\":{\"@id\":\"https:\\\/\\\/www.unitedabrasives.com\\\/es\\\/#website\"},\"datePublished\":\"2018-06-20T18:09:01+00:00\",\"dateModified\":\"2024-10-04T14:59:47+00:00\",\"breadcrumb\":{\"@id\":\"https:\\\/\\\/www.unitedabrasives.com\\\/es\\\/recursos\\\/documentacion-sobre-productos-y-seguridad\\\/informacion-tecnica-del-producto\\\/abrasivos-revestidos\\\/#breadcrumb\"},\"inLanguage\":\"es\",\"potentialAction\":[{\"@type\":\"ReadAction\",\"target\":[\"https:\\\/\\\/www.unitedabrasives.com\\\/es\\\/recursos\\\/documentacion-sobre-productos-y-seguridad\\\/informacion-tecnica-del-producto\\\/abrasivos-revestidos\\\/\"]}]},{\"@type\":\"BreadcrumbList\",\"@id\":\"https:\\\/\\\/www.unitedabrasives.com\\\/es\\\/recursos\\\/documentacion-sobre-productos-y-seguridad\\\/informacion-tecnica-del-producto\\\/abrasivos-revestidos\\\/#breadcrumb\",\"itemListElement\":[{\"@type\":\"ListItem\",\"position\":1,\"name\":\"Home\",\"item\":\"https:\\\/\\\/www.unitedabrasives.com\\\/es\\\/\"},{\"@type\":\"ListItem\",\"position\":2,\"name\":\"Recursos\",\"item\":\"https:\\\/\\\/www.unitedabrasives.com\\\/es\\\/?page_id=65847\"},{\"@type\":\"ListItem\",\"position\":3,\"name\":\"Documentaci\u00f3n sobre productos y seguridad\",\"item\":\"https:\\\/\\\/www.unitedabrasives.com\\\/es\\\/?page_id=65900\"},{\"@type\":\"ListItem\",\"position\":4,\"name\":\"Informaci\u00f3n t\u00e9cnica del producto\",\"item\":\"https:\\\/\\\/www.unitedabrasives.com\\\/es\\\/?page_id=65933\"},{\"@type\":\"ListItem\",\"position\":5,\"name\":\"Abrasivos revestidos\"}]},{\"@type\":\"WebSite\",\"@id\":\"https:\\\/\\\/www.unitedabrasives.com\\\/es\\\/#website\",\"url\":\"https:\\\/\\\/www.unitedabrasives.com\\\/es\\\/\",\"name\":\"United Abrasives\",\"description\":\"\",\"potentialAction\":[{\"@type\":\"SearchAction\",\"target\":{\"@type\":\"EntryPoint\",\"urlTemplate\":\"https:\\\/\\\/www.unitedabrasives.com\\\/es\\\/?s={search_term_string}\"},\"query-input\":{\"@type\":\"PropertyValueSpecification\",\"valueRequired\":true,\"valueName\":\"search_term_string\"}}],\"inLanguage\":\"es\"}]}<\/script>\n<!-- \/ Yoast SEO plugin. -->","yoast_head_json":{"title":"Abrasivos revestidos - United Abrasives","robots":{"index":"index","follow":"follow","max-snippet":"max-snippet:-1","max-image-preview":"max-image-preview:large","max-video-preview":"max-video-preview:-1"},"canonical":"https:\/\/www.unitedabrasives.com\/es\/recursos\/documentacion-sobre-productos-y-seguridad\/informacion-tecnica-del-producto\/abrasivos-revestidos\/","og_locale":"es_ES","og_type":"article","og_title":"Abrasivos revestidos - United Abrasives","og_description":"Un abrasivo revestido es un producto que consiste en una fina capa de grano abrasivo adherida a un sustrato como papel, tela, etc. Los abrasivos revestidos se presentan en diversas formas, como hojas, discos, rollos, especialidades o bandas.","og_url":"https:\/\/www.unitedabrasives.com\/es\/recursos\/documentacion-sobre-productos-y-seguridad\/informacion-tecnica-del-producto\/abrasivos-revestidos\/","og_site_name":"United Abrasives","article_modified_time":"2024-10-04T14:59:47+00:00","twitter_card":"summary_large_image","twitter_misc":{"Tiempo de lectura":"12 minutos"},"schema":{"@context":"https:\/\/schema.org","@graph":[{"@type":"WebPage","@id":"https:\/\/www.unitedabrasives.com\/es\/recursos\/documentacion-sobre-productos-y-seguridad\/informacion-tecnica-del-producto\/abrasivos-revestidos\/","url":"https:\/\/www.unitedabrasives.com\/es\/recursos\/documentacion-sobre-productos-y-seguridad\/informacion-tecnica-del-producto\/abrasivos-revestidos\/","name":"Abrasivos revestidos - United Abrasives","isPartOf":{"@id":"https:\/\/www.unitedabrasives.com\/es\/#website"},"datePublished":"2018-06-20T18:09:01+00:00","dateModified":"2024-10-04T14:59:47+00:00","breadcrumb":{"@id":"https:\/\/www.unitedabrasives.com\/es\/recursos\/documentacion-sobre-productos-y-seguridad\/informacion-tecnica-del-producto\/abrasivos-revestidos\/#breadcrumb"},"inLanguage":"es","potentialAction":[{"@type":"ReadAction","target":["https:\/\/www.unitedabrasives.com\/es\/recursos\/documentacion-sobre-productos-y-seguridad\/informacion-tecnica-del-producto\/abrasivos-revestidos\/"]}]},{"@type":"BreadcrumbList","@id":"https:\/\/www.unitedabrasives.com\/es\/recursos\/documentacion-sobre-productos-y-seguridad\/informacion-tecnica-del-producto\/abrasivos-revestidos\/#breadcrumb","itemListElement":[{"@type":"ListItem","position":1,"name":"Home","item":"https:\/\/www.unitedabrasives.com\/es\/"},{"@type":"ListItem","position":2,"name":"Recursos","item":"https:\/\/www.unitedabrasives.com\/es\/?page_id=65847"},{"@type":"ListItem","position":3,"name":"Documentaci\u00f3n sobre productos y seguridad","item":"https:\/\/www.unitedabrasives.com\/es\/?page_id=65900"},{"@type":"ListItem","position":4,"name":"Informaci\u00f3n t\u00e9cnica del producto","item":"https:\/\/www.unitedabrasives.com\/es\/?page_id=65933"},{"@type":"ListItem","position":5,"name":"Abrasivos revestidos"}]},{"@type":"WebSite","@id":"https:\/\/www.unitedabrasives.com\/es\/#website","url":"https:\/\/www.unitedabrasives.com\/es\/","name":"United Abrasives","description":"","potentialAction":[{"@type":"SearchAction","target":{"@type":"EntryPoint","urlTemplate":"https:\/\/www.unitedabrasives.com\/es\/?s={search_term_string}"},"query-input":{"@type":"PropertyValueSpecification","valueRequired":true,"valueName":"search_term_string"}}],"inLanguage":"es"}]}},"_links":{"self":[{"href":"https:\/\/www.unitedabrasives.com\/es\/wp-json\/wp\/v2\/pages\/65937","targetHints":{"allow":["GET"]}}],"collection":[{"href":"https:\/\/www.unitedabrasives.com\/es\/wp-json\/wp\/v2\/pages"}],"about":[{"href":"https:\/\/www.unitedabrasives.com\/es\/wp-json\/wp\/v2\/types\/page"}],"author":[{"embeddable":true,"href":"https:\/\/www.unitedabrasives.com\/es\/wp-json\/wp\/v2\/users\/1"}],"replies":[{"embeddable":true,"href":"https:\/\/www.unitedabrasives.com\/es\/wp-json\/wp\/v2\/comments?post=65937"}],"version-history":[{"count":0,"href":"https:\/\/www.unitedabrasives.com\/es\/wp-json\/wp\/v2\/pages\/65937\/revisions"}],"up":[{"embeddable":true,"href":"https:\/\/www.unitedabrasives.com\/es\/wp-json\/wp\/v2\/pages\/65933"}],"wp:attachment":[{"href":"https:\/\/www.unitedabrasives.com\/es\/wp-json\/wp\/v2\/media?parent=65937"}],"curies":[{"name":"wp","href":"https:\/\/api.w.org\/{rel}","templated":true}]}}