{"id":65876,"date":"2017-12-04T05:13:21","date_gmt":"2017-12-04T05:13:21","guid":{"rendered":"https:\/\/www.unitedabrasives.com\/a-propos-de-nous\/"},"modified":"2024-10-21T12:28:47","modified_gmt":"2024-10-21T12:28:47","slug":"a-propos-de-nous","status":"publish","type":"page","link":"https:\/\/www.unitedabrasives.com\/fr\/a-propos-de-nous\/","title":{"rendered":"A propos de nous"},"content":{"rendered":"<p><div class=\"fusion-fullwidth fullwidth-box fusion-builder-row-1 fusion-flex-container nonhundred-percent-fullwidth non-hundred-percent-height-scrolling\" style=\"--awb-border-radius-top-left:0px;--awb-border-radius-top-right:0px;--awb-border-radius-bottom-right:0px;--awb-border-radius-bottom-left:0px;--awb-padding-bottom:60px;--awb-flex-wrap:wrap;\" ><div class=\"fusion-builder-row fusion-row fusion-flex-align-items-flex-start fusion-flex-justify-content-center fusion-flex-content-wrap\" style=\"max-width:1352px;margin-left: calc(-4% \/ 2 );margin-right: calc(-4% \/ 2 );\"><div class=\"fusion-layout-column fusion_builder_column fusion-builder-column-0 fusion_builder_column_2_3 2_3 fusion-flex-column\" style=\"--awb-bg-blend:overlay;--awb-bg-size:cover;--awb-width-large:66.6666666667%;--awb-margin-top-large:0px;--awb-spacing-right-large:2.88%;--awb-margin-bottom-large:0px;--awb-spacing-left-large:2.88%;--awb-width-medium:66.6666666667%;--awb-spacing-right-medium:2.88%;--awb-spacing-left-medium:2.88%;--awb-width-small:100%;--awb-spacing-right-small:1.92%;--awb-spacing-left-small:1.92%;\"><div class=\"fusion-column-wrapper fusion-flex-justify-content-flex-start fusion-content-layout-column\"><div class=\"fusion-title title fusion-title-1 fusion-sep-none fusion-title-text fusion-title-size-two\" style=\"--awb-margin-top-small:10px;--awb-margin-right-small:0px;--awb-margin-bottom-small:10px;--awb-margin-left-small:0px;\"><h2 class=\"fusion-title-heading title-heading-left fusion-responsive-typography-calculated\" style=\"margin:0;--fontSize:42;line-height:1.3;\">Qu&rsquo;est-ce qui fait la diff\u00e9rence ?<\/h2><\/div><div class=\"fusion-text fusion-text-1\"><h4>UNE PERFORMANCE PLUS DURABLE<\/h4>\n<p>Contrairement \u00e0 de nombreux fabricants d&rsquo;abrasifs, nous n&rsquo;utilisons que des grains de qualit\u00e9 sup\u00e9rieure et jamais de charges ou d&rsquo;agents de liaison de qualit\u00e9 inf\u00e9rieure. Avec des abrasifs durables qui continuent \u00e0 fonctionner dans le temps, vous pouvez \u00e9viter les commandes fr\u00e9quentes et les temps d&rsquo;arr\u00eat co\u00fbteux. <\/p>\n<h4>UNE S\u00c9CURIT\u00c9 IN\u00c9GAL\u00c9E<\/h4>\n<p>Le processus de fabrication, du d\u00e9but \u00e0 la fin, int\u00e8gre des \u00e9quipements de pointe, des analyses de contr\u00f4le de la qualit\u00e9 et de la conformit\u00e9, ainsi qu&rsquo;une \u00e9valuation rigoureuse des produits afin de garantir \u00e0 nos clients les roues les plus s\u00fbres, les plus coh\u00e9rentes et les plus performantes du march\u00e9.<\/p>\n<h4>LA PLUS HAUTE QUALIT\u00c9<\/h4>\n<p>Nous utilisons des mat\u00e9riaux de premi\u00e8re qualit\u00e9 et des techniques de fabrication avanc\u00e9es pour garantir que nos abrasifs durent plus longtemps et sont plus performants, offrant ainsi une qualit\u00e9 sup\u00e9rieure sur l&rsquo;ensemble de notre gamme de produits.<\/p>\n<h4>FABRIQU\u00c9 AVEC EXCELLENCE<\/h4>\n<p>Qu&rsquo;il s&rsquo;agisse de notre large gamme de produits abrasifs fabriqu\u00e9s avec des \u00e9quipements de pointe et des tests rigoureux dans le Connecticut et en Floride, ou de nos abrasifs appliqu\u00e9s fabriqu\u00e9s avec pr\u00e9cision en Italie, United Abrasives offre des performances et une fiabilit\u00e9 exceptionnelles.<\/p>\n<h4>EXP\u00c9DITION LE JOUR M\u00caME<\/h4>\n<p>Chez United Abrasives, chaque commande est trait\u00e9e comme une commande urgente. Notre fonctionnement rationalis\u00e9 garantit que vos produits passent de la commande &#8211; par t\u00e9l\u00e9phone, EDI ou e-mail &#8211; au camion de livraison en quelques minutes.<\/p>\n<\/div><\/div><\/div><\/div><\/div><div class=\"fusion-fullwidth fullwidth-box fusion-builder-row-2 fusion-flex-container has-pattern-background has-mask-background nonhundred-percent-fullwidth non-hundred-percent-height-scrolling\" style=\"--awb-border-radius-top-left:0px;--awb-border-radius-top-right:0px;--awb-border-radius-bottom-right:0px;--awb-border-radius-bottom-left:0px;--awb-padding-top:0px;--awb-flex-wrap:wrap;\" ><div class=\"fusion-builder-row fusion-row fusion-flex-align-items-flex-start fusion-flex-content-wrap\" style=\"max-width:1352px;margin-left: calc(-4% \/ 2 );margin-right: calc(-4% \/ 2 );\"><div class=\"fusion-layout-column fusion_builder_column fusion-builder-column-1 fusion_builder_column_1_1 1_1 fusion-flex-column\" style=\"--awb-bg-size:cover;--awb-width-large:100%;--awb-margin-top-large:0px;--awb-spacing-right-large:1.92%;--awb-margin-bottom-large:20px;--awb-spacing-left-large:1.92%;--awb-width-medium:100%;--awb-order-medium:0;--awb-spacing-right-medium:1.92%;--awb-spacing-left-medium:1.92%;--awb-width-small:100%;--awb-order-small:0;--awb-spacing-right-small:1.92%;--awb-spacing-left-small:1.92%;\"><div class=\"fusion-column-wrapper fusion-column-has-shadow fusion-flex-justify-content-flex-start fusion-content-layout-column\"><div class=\"fusion-title title fusion-title-2 fusion-sep-none fusion-title-center fusion-title-text fusion-title-size-three\" style=\"--awb-margin-bottom:30px;--awb-margin-top-small:10px;--awb-margin-right-small:0px;--awb-margin-bottom-small:10px;--awb-margin-left-small:0px;\"><h3 class=\"fusion-title-heading title-heading-center fusion-responsive-typography-calculated\" style=\"margin:0;--fontSize:32;line-height:1.3;\">Des outils pour chaque \u00e9tape du travail avec United Abrasives<\/h3><\/div><div class=\"fusion-video fusion-youtube\" style=\"--awb-max-width:1000px;--awb-max-height:563px;--awb-align-self:center;--awb-width:100%;\"><div class=\"video-shortcode\"><lite-youtube videoid=\"HyeKVTOlYq4\" class=\"landscape\" params=\"wmode=transparent&autoplay=1&amp;enablejsapi=1\" title=\"YouTube video player 1\" data-button-label=\"Play Video\" width=\"1000\" height=\"563\" data-thumbnail-size=\"auto\" data-no-cookie=\"on\"><\/lite-youtube><\/div><\/div><\/div><\/div><\/div><\/div><div class=\"fusion-fullwidth fullwidth-box fusion-builder-row-3 fusion-flex-container nonhundred-percent-fullwidth non-hundred-percent-height-scrolling\" style=\"--awb-border-radius-top-left:0px;--awb-border-radius-top-right:0px;--awb-border-radius-bottom-right:0px;--awb-border-radius-bottom-left:0px;--awb-padding-top:0px;--awb-padding-bottom:60px;--awb-margin-top:0px;--awb-flex-wrap:wrap;\" ><div class=\"fusion-builder-row fusion-row fusion-flex-align-items-flex-start fusion-flex-justify-content-center fusion-flex-content-wrap\" style=\"max-width:1352px;margin-left: calc(-4% \/ 2 );margin-right: calc(-4% \/ 2 );\"><div class=\"fusion-layout-column fusion_builder_column fusion-builder-column-2 fusion_builder_column_2_3 2_3 fusion-flex-column\" style=\"--awb-bg-blend:overlay;--awb-bg-size:cover;--awb-width-large:66.6666666667%;--awb-margin-top-large:0px;--awb-spacing-right-large:2.88%;--awb-margin-bottom-large:0px;--awb-spacing-left-large:2.88%;--awb-width-medium:66.6666666667%;--awb-spacing-right-medium:2.88%;--awb-spacing-left-medium:2.88%;--awb-width-small:100%;--awb-spacing-right-small:1.92%;--awb-spacing-left-small:1.92%;\"><div class=\"fusion-column-wrapper fusion-flex-justify-content-flex-start fusion-content-layout-column\"><div class=\"fusion-text fusion-text-2\"><h3>Notre histoire<\/h3>\n<p>Depuis sa cr\u00e9ation en 1970, United Abrasives\/ SAIT est synonyme de qualit\u00e9, de fiabilit\u00e9, d&rsquo;innovation et de valeur. Nous restons un leader dans l&rsquo;industrie des abrasifs avec des produits qui \u00e9tablissent de nouvelles normes d&rsquo;excellence. Nous sommes fiers de notre r\u00e9putation et nous nous engageons \u00e0 tester, concevoir et am\u00e9liorer continuellement nos produits pour en garantir la qualit\u00e9 et la fonctionnalit\u00e9 maximale.  <\/p>\n<p>United Abrasives est une soci\u00e9t\u00e9 priv\u00e9e. Notre relation avec SAIT, une soci\u00e9t\u00e9 italienne fond\u00e9e en 1953, a commenc\u00e9 par la fabrication de bandes abrasives rev\u00eatues. En 1975, nous avons \u00e9tendu notre production aux abrasifs agglom\u00e9r\u00e9s. L&rsquo;engagement fort entre United Abrasives et SAIT se poursuit aujourd&rsquo;hui.   <\/p>\n<p>En restant fid\u00e8les \u00e0 nos valeurs fondamentales au cours de nos presque cinquante ann\u00e9es d&rsquo;activit\u00e9, nous avons cr\u00e9\u00e9 une entreprise que nous sommes fiers de diriger et pour laquelle nous sommes fiers de travailler. Notre objectif reste de fabriquer les meilleurs produits abrasifs possibles. <\/p>\n<\/div><\/div><\/div><\/div><\/div><div class=\"fusion-fullwidth fullwidth-box fusion-builder-row-4 fusion-flex-container has-pattern-background has-mask-background nonhundred-percent-fullwidth non-hundred-percent-height-scrolling\" style=\"--awb-border-radius-top-left:0px;--awb-border-radius-top-right:0px;--awb-border-radius-bottom-right:0px;--awb-border-radius-bottom-left:0px;--awb-padding-top:0px;--awb-flex-wrap:wrap;\" ><div class=\"fusion-builder-row fusion-row fusion-flex-align-items-flex-start fusion-flex-content-wrap\" style=\"max-width:1352px;margin-left: calc(-4% \/ 2 );margin-right: calc(-4% \/ 2 );\"><div class=\"fusion-layout-column fusion_builder_column fusion-builder-column-3 fusion_builder_column_1_1 1_1 fusion-flex-column\" style=\"--awb-bg-size:cover;--awb-width-large:100%;--awb-margin-top-large:0px;--awb-spacing-right-large:1.92%;--awb-margin-bottom-large:20px;--awb-spacing-left-large:1.92%;--awb-width-medium:100%;--awb-order-medium:0;--awb-spacing-right-medium:1.92%;--awb-spacing-left-medium:1.92%;--awb-width-small:100%;--awb-order-small:0;--awb-spacing-right-small:1.92%;--awb-spacing-left-small:1.92%;\"><div class=\"fusion-column-wrapper fusion-column-has-shadow fusion-flex-justify-content-flex-start fusion-content-layout-column\"><div class=\"fusion-title title fusion-title-3 fusion-sep-none fusion-title-center fusion-title-text fusion-title-size-three\" style=\"--awb-margin-bottom:30px;--awb-margin-top-small:10px;--awb-margin-right-small:0px;--awb-margin-bottom-small:10px;--awb-margin-left-small:0px;\"><h3 class=\"fusion-title-heading title-heading-center fusion-responsive-typography-calculated\" style=\"margin:0;--fontSize:32;line-height:1.3;\">Restez sur votre meule : Meules abrasives United Abrasives<\/h3><\/div><div class=\"fusion-video fusion-youtube\" style=\"--awb-max-width:1000px;--awb-max-height:563px;--awb-align-self:center;--awb-width:100%;\"><div class=\"video-shortcode\"><div class=\"fluid-width-video-wrapper\" style=\"padding-top:56.3%;\" ><iframe title=\"YouTube video player 2\" src=\"https:\/\/www.youtube.com\/embed\/pC5uqU9h-iQ?wmode=transparent&autoplay=0\" width=\"1000\" height=\"563\" allowfullscreen allow=\"autoplay; clipboard-write; encrypted-media; gyroscope; picture-in-picture;\"><\/iframe><\/div><\/div><\/div><div style=\"text-align:center;\"><a class=\"fusion-button button-flat fusion-button-default-size button-default fusion-button-default button-1 fusion-button-default-span fusion-button-default-type\" style=\"--awb-margin-top:100px;--awb-padding-right:60px;--awb-padding-left:60px;--button_font_size:24px;\" target=\"_self\" href=\"https:\/\/www.unitedabrasives.com\/fr\/produits\/\"><span class=\"fusion-button-text awb-button__text awb-button__text--default\">D\u00e9couvrez tous nos produits<\/span><\/a><\/div><\/div><\/div><\/div><\/div><\/p>\n","protected":false},"excerpt":{"rendered":"<p>Depuis sa cr\u00e9ation en 1970, United Abrasives\/ SAIT est synonyme de qualit\u00e9, de fiabilit\u00e9, d&rsquo;innovation et de valeur. Nous restons un leader dans l&rsquo;industrie des abrasifs avec des produits qui \u00e9tablissent de nouvelles normes d&rsquo;excellence. Nous sommes fiers de notre r\u00e9putation et nous nous engageons \u00e0 tester, concevoir et am\u00e9liorer continuellement nos produits pour en garantir la qualit\u00e9 et la fonctionnalit\u00e9 maximale.  <\/p>\n","protected":false},"author":1,"featured_media":0,"parent":0,"menu_order":0,"comment_status":"closed","ping_status":"closed","template":"100-width.php","meta":{"_acf_changed":false,"footnotes":""},"class_list":["post-65876","page","type-page","status-publish","hentry"],"acf":[],"yoast_head":"<!-- This site is optimized with the Yoast SEO plugin v27.4 - https:\/\/yoast.com\/product\/yoast-seo-wordpress\/ -->\n<title>A propos de nous - United Abrasives<\/title>\n<meta name=\"description\" content=\"United Abrasives\/ SAIT est un leader dans l&#039;industrie des abrasifs avec des produits qui \u00e9tablissent des normes d&#039;excellence. D\u00e9couvrez ce qui nous distingue.\" \/>\n<meta name=\"robots\" content=\"index, follow, max-snippet:-1, max-image-preview:large, max-video-preview:-1\" \/>\n<link rel=\"canonical\" href=\"https:\/\/www.unitedabrasives.com\/fr\/a-propos-de-nous\/\" \/>\n<meta property=\"og:locale\" content=\"fr_FR\" \/>\n<meta property=\"og:type\" content=\"article\" \/>\n<meta property=\"og:title\" content=\"A propos de nous - United Abrasives\" \/>\n<meta property=\"og:description\" content=\"United Abrasives\/ SAIT est un leader dans l&#039;industrie des abrasifs avec des produits qui \u00e9tablissent des normes d&#039;excellence. D\u00e9couvrez ce qui nous distingue.\" \/>\n<meta property=\"og:url\" content=\"https:\/\/www.unitedabrasives.com\/fr\/a-propos-de-nous\/\" \/>\n<meta property=\"og:site_name\" content=\"United Abrasives\" \/>\n<meta property=\"article:modified_time\" content=\"2024-10-21T12:28:47+00:00\" \/>\n<meta name=\"twitter:card\" content=\"summary_large_image\" \/>\n<meta name=\"twitter:label1\" content=\"Dur\u00e9e de lecture estim\u00e9e\" \/>\n\t<meta name=\"twitter:data1\" content=\"10 minutes\" \/>\n<script type=\"application\/ld+json\" class=\"yoast-schema-graph\">{\"@context\":\"https:\\\/\\\/schema.org\",\"@graph\":[{\"@type\":\"WebPage\",\"@id\":\"https:\\\/\\\/www.unitedabrasives.com\\\/fr\\\/a-propos-de-nous\\\/\",\"url\":\"https:\\\/\\\/www.unitedabrasives.com\\\/fr\\\/a-propos-de-nous\\\/\",\"name\":\"A propos de nous - United Abrasives\",\"isPartOf\":{\"@id\":\"https:\\\/\\\/www.unitedabrasives.com\\\/fr\\\/#website\"},\"datePublished\":\"2017-12-04T05:13:21+00:00\",\"dateModified\":\"2024-10-21T12:28:47+00:00\",\"description\":\"United Abrasives\\\/ SAIT est un leader dans l'industrie des abrasifs avec des produits qui \u00e9tablissent des normes d'excellence. D\u00e9couvrez ce qui nous distingue.\",\"breadcrumb\":{\"@id\":\"https:\\\/\\\/www.unitedabrasives.com\\\/fr\\\/a-propos-de-nous\\\/#breadcrumb\"},\"inLanguage\":\"fr-FR\",\"potentialAction\":[{\"@type\":\"ReadAction\",\"target\":[\"https:\\\/\\\/www.unitedabrasives.com\\\/fr\\\/a-propos-de-nous\\\/\"]}]},{\"@type\":\"BreadcrumbList\",\"@id\":\"https:\\\/\\\/www.unitedabrasives.com\\\/fr\\\/a-propos-de-nous\\\/#breadcrumb\",\"itemListElement\":[{\"@type\":\"ListItem\",\"position\":1,\"name\":\"Home\",\"item\":\"https:\\\/\\\/www.unitedabrasives.com\\\/fr\\\/accueil\\\/\"},{\"@type\":\"ListItem\",\"position\":2,\"name\":\"A propos de nous\"}]},{\"@type\":\"WebSite\",\"@id\":\"https:\\\/\\\/www.unitedabrasives.com\\\/fr\\\/#website\",\"url\":\"https:\\\/\\\/www.unitedabrasives.com\\\/fr\\\/\",\"name\":\"United Abrasives\",\"description\":\"\",\"potentialAction\":[{\"@type\":\"SearchAction\",\"target\":{\"@type\":\"EntryPoint\",\"urlTemplate\":\"https:\\\/\\\/www.unitedabrasives.com\\\/fr\\\/?s={search_term_string}\"},\"query-input\":{\"@type\":\"PropertyValueSpecification\",\"valueRequired\":true,\"valueName\":\"search_term_string\"}}],\"inLanguage\":\"fr-FR\"}]}<\/script>\n<!-- \/ Yoast SEO plugin. -->","yoast_head_json":{"title":"A propos de nous - United Abrasives","description":"United Abrasives\/ SAIT est un leader dans l'industrie des abrasifs avec des produits qui \u00e9tablissent des normes d'excellence. D\u00e9couvrez ce qui nous distingue.","robots":{"index":"index","follow":"follow","max-snippet":"max-snippet:-1","max-image-preview":"max-image-preview:large","max-video-preview":"max-video-preview:-1"},"canonical":"https:\/\/www.unitedabrasives.com\/fr\/a-propos-de-nous\/","og_locale":"fr_FR","og_type":"article","og_title":"A propos de nous - United Abrasives","og_description":"United Abrasives\/ SAIT est un leader dans l'industrie des abrasifs avec des produits qui \u00e9tablissent des normes d'excellence. D\u00e9couvrez ce qui nous distingue.","og_url":"https:\/\/www.unitedabrasives.com\/fr\/a-propos-de-nous\/","og_site_name":"United Abrasives","article_modified_time":"2024-10-21T12:28:47+00:00","twitter_card":"summary_large_image","twitter_misc":{"Dur\u00e9e de lecture estim\u00e9e":"10 minutes"},"schema":{"@context":"https:\/\/schema.org","@graph":[{"@type":"WebPage","@id":"https:\/\/www.unitedabrasives.com\/fr\/a-propos-de-nous\/","url":"https:\/\/www.unitedabrasives.com\/fr\/a-propos-de-nous\/","name":"A propos de nous - United Abrasives","isPartOf":{"@id":"https:\/\/www.unitedabrasives.com\/fr\/#website"},"datePublished":"2017-12-04T05:13:21+00:00","dateModified":"2024-10-21T12:28:47+00:00","description":"United Abrasives\/ SAIT est un leader dans l'industrie des abrasifs avec des produits qui \u00e9tablissent des normes d'excellence. D\u00e9couvrez ce qui nous distingue.","breadcrumb":{"@id":"https:\/\/www.unitedabrasives.com\/fr\/a-propos-de-nous\/#breadcrumb"},"inLanguage":"fr-FR","potentialAction":[{"@type":"ReadAction","target":["https:\/\/www.unitedabrasives.com\/fr\/a-propos-de-nous\/"]}]},{"@type":"BreadcrumbList","@id":"https:\/\/www.unitedabrasives.com\/fr\/a-propos-de-nous\/#breadcrumb","itemListElement":[{"@type":"ListItem","position":1,"name":"Home","item":"https:\/\/www.unitedabrasives.com\/fr\/accueil\/"},{"@type":"ListItem","position":2,"name":"A propos de nous"}]},{"@type":"WebSite","@id":"https:\/\/www.unitedabrasives.com\/fr\/#website","url":"https:\/\/www.unitedabrasives.com\/fr\/","name":"United Abrasives","description":"","potentialAction":[{"@type":"SearchAction","target":{"@type":"EntryPoint","urlTemplate":"https:\/\/www.unitedabrasives.com\/fr\/?s={search_term_string}"},"query-input":{"@type":"PropertyValueSpecification","valueRequired":true,"valueName":"search_term_string"}}],"inLanguage":"fr-FR"}]}},"_links":{"self":[{"href":"https:\/\/www.unitedabrasives.com\/fr\/wp-json\/wp\/v2\/pages\/65876","targetHints":{"allow":["GET"]}}],"collection":[{"href":"https:\/\/www.unitedabrasives.com\/fr\/wp-json\/wp\/v2\/pages"}],"about":[{"href":"https:\/\/www.unitedabrasives.com\/fr\/wp-json\/wp\/v2\/types\/page"}],"author":[{"embeddable":true,"href":"https:\/\/www.unitedabrasives.com\/fr\/wp-json\/wp\/v2\/users\/1"}],"replies":[{"embeddable":true,"href":"https:\/\/www.unitedabrasives.com\/fr\/wp-json\/wp\/v2\/comments?post=65876"}],"version-history":[{"count":0,"href":"https:\/\/www.unitedabrasives.com\/fr\/wp-json\/wp\/v2\/pages\/65876\/revisions"}],"wp:attachment":[{"href":"https:\/\/www.unitedabrasives.com\/fr\/wp-json\/wp\/v2\/media?parent=65876"}],"curies":[{"name":"wp","href":"https:\/\/api.w.org\/{rel}","templated":true}]}}