{"id":65916,"date":"2019-09-25T17:37:11","date_gmt":"2019-09-25T17:37:11","guid":{"rendered":"https:\/\/www.unitedabrasives.com\/stockage-et-manutention\/"},"modified":"2024-10-04T14:57:33","modified_gmt":"2024-10-04T14:57:33","slug":"stockage-et-manutention","status":"publish","type":"page","link":"https:\/\/www.unitedabrasives.com\/fr\/ressources\/informations-generales-sur-la-securite\/stockage-et-manutention\/","title":{"rendered":"Stockage et manutention"},"content":{"rendered":"<div class=\"fusion-fullwidth fullwidth-box fusion-builder-row-1 fusion-flex-container nonhundred-percent-fullwidth non-hundred-percent-height-scrolling\" style=\"--awb-border-radius-top-left:0px;--awb-border-radius-top-right:0px;--awb-border-radius-bottom-right:0px;--awb-border-radius-bottom-left:0px;--awb-padding-top:30px;--awb-flex-wrap:wrap;\" ><div class=\"fusion-builder-row fusion-row fusion-flex-align-items-flex-start fusion-flex-content-wrap\" style=\"max-width:1352px;margin-left: calc(-4% \/ 2 );margin-right: calc(-4% \/ 2 );\"><div class=\"fusion-layout-column fusion_builder_column fusion-builder-column-0 fusion_builder_column_1_2 1_2 fusion-flex-column\" style=\"--awb-bg-size:cover;--awb-width-large:50%;--awb-margin-top-large:0px;--awb-spacing-right-large:3.84%;--awb-margin-bottom-large:20px;--awb-spacing-left-large:3.84%;--awb-width-medium:50%;--awb-order-medium:0;--awb-spacing-right-medium:3.84%;--awb-spacing-left-medium:3.84%;--awb-width-small:100%;--awb-order-small:0;--awb-spacing-right-small:1.92%;--awb-spacing-left-small:1.92%;\"><div class=\"fusion-column-wrapper fusion-column-has-shadow fusion-flex-justify-content-flex-start fusion-content-layout-column\"><div class=\"fusion-text fusion-text-1\"><h3>Abrasifs agglom\u00e9r\u00e9s<\/h3>\n<p>Toutes les meules abrasives sont cassables et il convient donc de les manipuler et de les stocker avec pr\u00e9caution pour \u00e9viter de les endommager.<\/p>\n<p>Les r\u00e8gles suivantes, bas\u00e9es sur l&rsquo;exp\u00e9rience, doivent \u00eatre respect\u00e9es :<\/p>\n<ul>\n<li>Manipulez la roue avec pr\u00e9caution pour \u00e9viter de la faire tomber ou de la heurter.<\/li>\n<li>Ne pas faire rouler les roues (mode cerceau)<\/li>\n<li>Utilisez des camions ou d&rsquo;autres moyens de transport appropri\u00e9s pour assurer le soutien et la protection lors du transport de toutes les roues qui ne peuvent \u00eatre port\u00e9es \u00e0 la main.<\/li>\n<li>Des \u00e9tag\u00e8res, des bacs, des tiroirs ou des bo\u00eetes appropri\u00e9s doivent \u00eatre pr\u00e9vus pour stocker les diff\u00e9rents types de roues utilis\u00e9s.<\/li>\n<li>Les meules abrasives doivent \u00eatre stock\u00e9es dans un endroit sec, non soumis \u00e0 des changements de temp\u00e9rature extr\u00eames, car certaines liaisons peuvent \u00eatre affect\u00e9es par une humidit\u00e9 excessive et des diff\u00e9rences de temp\u00e9rature.<\/li>\n<li>Les rayonnages doivent \u00eatre plac\u00e9s aussi pr\u00e8s que possible du lieu de broyage, mais jamais \u00e0 un endroit o\u00f9 ils risquent d&rsquo;\u00eatre endommag\u00e9s par le passage de camions ou d&rsquo;engins de manutention ou par des vibrations excessives.<\/li>\n<li>Veuillez vous r\u00e9f\u00e9rer au guide de s\u00e9curit\u00e9 qui accompagne le produit et qui figure \u00e0 la page pr\u00e9c\u00e9dente de ce catalogue.<\/li>\n<\/ul>\n<\/div><\/div><\/div><div class=\"fusion-layout-column fusion_builder_column fusion-builder-column-1 fusion_builder_column_1_2 1_2 fusion-flex-column\" style=\"--awb-bg-size:cover;--awb-width-large:50%;--awb-margin-top-large:0px;--awb-spacing-right-large:3.84%;--awb-margin-bottom-large:20px;--awb-spacing-left-large:3.84%;--awb-width-medium:50%;--awb-order-medium:0;--awb-spacing-right-medium:3.84%;--awb-spacing-left-medium:3.84%;--awb-width-small:100%;--awb-order-small:0;--awb-spacing-right-small:1.92%;--awb-spacing-left-small:1.92%;\"><div class=\"fusion-column-wrapper fusion-column-has-shadow fusion-flex-justify-content-flex-start fusion-content-layout-column\"><div class=\"fusion-text fusion-text-2\"><h3>Abrasifs rev\u00eatus<\/h3>\n<p>Un stockage incorrect des abrasifs appliqu\u00e9s affecte consid\u00e9rablement leur performance.<br \/>\nTous les types de supports sont sensibles aux variations de temp\u00e9rature et d&rsquo;humidit\u00e9 pendant le stockage : <\/p>\n<ul>\n<li>Maintenez l&rsquo;entrep\u00f4t \u00e0 des niveaux d&rsquo;humidit\u00e9 (35-50%) et de temp\u00e9rature (60-80\u00b0 F) constants.<\/li>\n<li>Tenez les cartons \u00e0 l&rsquo;\u00e9cart des murs et des sols humides ou froids, o\u00f9 ils risquent d&rsquo;absorber l&rsquo;humidit\u00e9.<\/li>\n<li>Conservez les abrasifs enduits \u00e0 l&rsquo;\u00e9cart de toute source de chaleur<\/li>\n<li>Conservez les produits dans leur emballage d&rsquo;origine pour faciliter leur manipulation et leur empilage.<\/li>\n<li>Les roues \u00e0 lamelles retir\u00e9es de leur emballage d&rsquo;origine doivent \u00eatre \u00e9tal\u00e9es sur une \u00e9tag\u00e8re propre, toujours plac\u00e9es face vers le bas et ne reposant jamais sur les bords.<\/li>\n<li>Les disques en fibre retir\u00e9s de leur emballage d&rsquo;origine doivent \u00eatre stock\u00e9s dans un porte-disque appropri\u00e9 et maintenus sous pression.<\/li>\n<\/ul>\n<\/div><\/div><\/div><\/div><\/div>\n","protected":false},"excerpt":{"rendered":"<p>Toutes les meules abrasives sont cassables et il convient donc de les manipuler et de les stocker avec soin pour \u00e9viter de les endommager.<br \/>\nLes r\u00e8gles suivantes, bas\u00e9es sur l&rsquo;exp\u00e9rience, doivent \u00eatre respect\u00e9es : Manipulez la meule avec pr\u00e9caution pour \u00e9viter de la faire tomber ou de la heurter, ne faites pas rouler les meules (\u00e0 la mani\u00e8re d&rsquo;un cerceau), etc&#8230; <\/p>\n","protected":false},"author":1,"featured_media":0,"parent":65921,"menu_order":0,"comment_status":"closed","ping_status":"closed","template":"","meta":{"_acf_changed":false,"footnotes":""},"class_list":["post-65916","page","type-page","status-publish","hentry"],"acf":[],"yoast_head":"<!-- This site is optimized with the Yoast SEO plugin v27.4 - https:\/\/yoast.com\/product\/yoast-seo-wordpress\/ -->\n<title>Stockage et manutention - United Abrasives<\/title>\n<meta name=\"robots\" content=\"index, follow, max-snippet:-1, max-image-preview:large, max-video-preview:-1\" \/>\n<link rel=\"canonical\" href=\"https:\/\/www.unitedabrasives.com\/fr\/ressources\/informations-generales-sur-la-securite\/stockage-et-manutention\/\" \/>\n<meta property=\"og:locale\" content=\"fr_FR\" \/>\n<meta property=\"og:type\" content=\"article\" \/>\n<meta property=\"og:title\" content=\"Stockage et manutention - United Abrasives\" \/>\n<meta property=\"og:description\" content=\"Toutes les meules abrasives sont cassables et il convient donc de les manipuler et de les stocker avec soin pour \u00e9viter de les endommager. Les r\u00e8gles suivantes, bas\u00e9es sur l&#039;exp\u00e9rience, doivent \u00eatre respect\u00e9es : Manipulez la meule avec pr\u00e9caution pour \u00e9viter de la faire tomber ou de la heurter, ne faites pas rouler les meules (\u00e0 la mani\u00e8re d&#039;un cerceau), etc...\" \/>\n<meta property=\"og:url\" content=\"https:\/\/www.unitedabrasives.com\/fr\/ressources\/informations-generales-sur-la-securite\/stockage-et-manutention\/\" \/>\n<meta property=\"og:site_name\" content=\"United Abrasives\" \/>\n<meta property=\"article:modified_time\" content=\"2024-10-04T14:57:33+00:00\" \/>\n<meta name=\"twitter:card\" content=\"summary_large_image\" \/>\n<meta name=\"twitter:label1\" content=\"Dur\u00e9e de lecture estim\u00e9e\" \/>\n\t<meta name=\"twitter:data1\" content=\"5 minutes\" \/>\n<script type=\"application\/ld+json\" class=\"yoast-schema-graph\">{\"@context\":\"https:\\\/\\\/schema.org\",\"@graph\":[{\"@type\":\"WebPage\",\"@id\":\"https:\\\/\\\/www.unitedabrasives.com\\\/fr\\\/ressources\\\/informations-generales-sur-la-securite\\\/stockage-et-manutention\\\/\",\"url\":\"https:\\\/\\\/www.unitedabrasives.com\\\/fr\\\/ressources\\\/informations-generales-sur-la-securite\\\/stockage-et-manutention\\\/\",\"name\":\"Stockage et manutention - United Abrasives\",\"isPartOf\":{\"@id\":\"https:\\\/\\\/www.unitedabrasives.com\\\/fr\\\/#website\"},\"datePublished\":\"2019-09-25T17:37:11+00:00\",\"dateModified\":\"2024-10-04T14:57:33+00:00\",\"breadcrumb\":{\"@id\":\"https:\\\/\\\/www.unitedabrasives.com\\\/fr\\\/ressources\\\/informations-generales-sur-la-securite\\\/stockage-et-manutention\\\/#breadcrumb\"},\"inLanguage\":\"fr-FR\",\"potentialAction\":[{\"@type\":\"ReadAction\",\"target\":[\"https:\\\/\\\/www.unitedabrasives.com\\\/fr\\\/ressources\\\/informations-generales-sur-la-securite\\\/stockage-et-manutention\\\/\"]}]},{\"@type\":\"BreadcrumbList\",\"@id\":\"https:\\\/\\\/www.unitedabrasives.com\\\/fr\\\/ressources\\\/informations-generales-sur-la-securite\\\/stockage-et-manutention\\\/#breadcrumb\",\"itemListElement\":[{\"@type\":\"ListItem\",\"position\":1,\"name\":\"Home\",\"item\":\"https:\\\/\\\/www.unitedabrasives.com\\\/fr\\\/accueil\\\/\"},{\"@type\":\"ListItem\",\"position\":2,\"name\":\"Ressources\",\"item\":\"https:\\\/\\\/www.unitedabrasives.com\\\/fr\\\/ressources\\\/\"},{\"@type\":\"ListItem\",\"position\":3,\"name\":\"Informations g\u00e9n\u00e9rales sur la s\u00e9curit\u00e9\",\"item\":\"https:\\\/\\\/www.unitedabrasives.com\\\/fr\\\/?page_id=65921\"},{\"@type\":\"ListItem\",\"position\":4,\"name\":\"Stockage et manutention\"}]},{\"@type\":\"WebSite\",\"@id\":\"https:\\\/\\\/www.unitedabrasives.com\\\/fr\\\/#website\",\"url\":\"https:\\\/\\\/www.unitedabrasives.com\\\/fr\\\/\",\"name\":\"United Abrasives\",\"description\":\"\",\"potentialAction\":[{\"@type\":\"SearchAction\",\"target\":{\"@type\":\"EntryPoint\",\"urlTemplate\":\"https:\\\/\\\/www.unitedabrasives.com\\\/fr\\\/?s={search_term_string}\"},\"query-input\":{\"@type\":\"PropertyValueSpecification\",\"valueRequired\":true,\"valueName\":\"search_term_string\"}}],\"inLanguage\":\"fr-FR\"}]}<\/script>\n<!-- \/ Yoast SEO plugin. -->","yoast_head_json":{"title":"Stockage et manutention - United Abrasives","robots":{"index":"index","follow":"follow","max-snippet":"max-snippet:-1","max-image-preview":"max-image-preview:large","max-video-preview":"max-video-preview:-1"},"canonical":"https:\/\/www.unitedabrasives.com\/fr\/ressources\/informations-generales-sur-la-securite\/stockage-et-manutention\/","og_locale":"fr_FR","og_type":"article","og_title":"Stockage et manutention - United Abrasives","og_description":"Toutes les meules abrasives sont cassables et il convient donc de les manipuler et de les stocker avec soin pour \u00e9viter de les endommager. Les r\u00e8gles suivantes, bas\u00e9es sur l'exp\u00e9rience, doivent \u00eatre respect\u00e9es : Manipulez la meule avec pr\u00e9caution pour \u00e9viter de la faire tomber ou de la heurter, ne faites pas rouler les meules (\u00e0 la mani\u00e8re d'un cerceau), etc...","og_url":"https:\/\/www.unitedabrasives.com\/fr\/ressources\/informations-generales-sur-la-securite\/stockage-et-manutention\/","og_site_name":"United Abrasives","article_modified_time":"2024-10-04T14:57:33+00:00","twitter_card":"summary_large_image","twitter_misc":{"Dur\u00e9e de lecture estim\u00e9e":"5 minutes"},"schema":{"@context":"https:\/\/schema.org","@graph":[{"@type":"WebPage","@id":"https:\/\/www.unitedabrasives.com\/fr\/ressources\/informations-generales-sur-la-securite\/stockage-et-manutention\/","url":"https:\/\/www.unitedabrasives.com\/fr\/ressources\/informations-generales-sur-la-securite\/stockage-et-manutention\/","name":"Stockage et manutention - United Abrasives","isPartOf":{"@id":"https:\/\/www.unitedabrasives.com\/fr\/#website"},"datePublished":"2019-09-25T17:37:11+00:00","dateModified":"2024-10-04T14:57:33+00:00","breadcrumb":{"@id":"https:\/\/www.unitedabrasives.com\/fr\/ressources\/informations-generales-sur-la-securite\/stockage-et-manutention\/#breadcrumb"},"inLanguage":"fr-FR","potentialAction":[{"@type":"ReadAction","target":["https:\/\/www.unitedabrasives.com\/fr\/ressources\/informations-generales-sur-la-securite\/stockage-et-manutention\/"]}]},{"@type":"BreadcrumbList","@id":"https:\/\/www.unitedabrasives.com\/fr\/ressources\/informations-generales-sur-la-securite\/stockage-et-manutention\/#breadcrumb","itemListElement":[{"@type":"ListItem","position":1,"name":"Home","item":"https:\/\/www.unitedabrasives.com\/fr\/accueil\/"},{"@type":"ListItem","position":2,"name":"Ressources","item":"https:\/\/www.unitedabrasives.com\/fr\/ressources\/"},{"@type":"ListItem","position":3,"name":"Informations g\u00e9n\u00e9rales sur la s\u00e9curit\u00e9","item":"https:\/\/www.unitedabrasives.com\/fr\/?page_id=65921"},{"@type":"ListItem","position":4,"name":"Stockage et manutention"}]},{"@type":"WebSite","@id":"https:\/\/www.unitedabrasives.com\/fr\/#website","url":"https:\/\/www.unitedabrasives.com\/fr\/","name":"United Abrasives","description":"","potentialAction":[{"@type":"SearchAction","target":{"@type":"EntryPoint","urlTemplate":"https:\/\/www.unitedabrasives.com\/fr\/?s={search_term_string}"},"query-input":{"@type":"PropertyValueSpecification","valueRequired":true,"valueName":"search_term_string"}}],"inLanguage":"fr-FR"}]}},"_links":{"self":[{"href":"https:\/\/www.unitedabrasives.com\/fr\/wp-json\/wp\/v2\/pages\/65916","targetHints":{"allow":["GET"]}}],"collection":[{"href":"https:\/\/www.unitedabrasives.com\/fr\/wp-json\/wp\/v2\/pages"}],"about":[{"href":"https:\/\/www.unitedabrasives.com\/fr\/wp-json\/wp\/v2\/types\/page"}],"author":[{"embeddable":true,"href":"https:\/\/www.unitedabrasives.com\/fr\/wp-json\/wp\/v2\/users\/1"}],"replies":[{"embeddable":true,"href":"https:\/\/www.unitedabrasives.com\/fr\/wp-json\/wp\/v2\/comments?post=65916"}],"version-history":[{"count":0,"href":"https:\/\/www.unitedabrasives.com\/fr\/wp-json\/wp\/v2\/pages\/65916\/revisions"}],"up":[{"embeddable":true,"href":"https:\/\/www.unitedabrasives.com\/fr\/wp-json\/wp\/v2\/pages\/65921"}],"wp:attachment":[{"href":"https:\/\/www.unitedabrasives.com\/fr\/wp-json\/wp\/v2\/media?parent=65916"}],"curies":[{"name":"wp","href":"https:\/\/api.w.org\/{rel}","templated":true}]}}