{"id":65919,"date":"2019-09-26T13:32:09","date_gmt":"2019-09-26T13:32:09","guid":{"rendered":"https:\/\/www.unitedabrasives.com\/ce-quil-faut-faire-et-ne-pas-faire-en-matiere-de-securite\/"},"modified":"2024-10-04T14:57:34","modified_gmt":"2024-10-04T14:57:34","slug":"ce-quil-faut-faire-et-ne-pas-faire-en-matiere-de-securite","status":"publish","type":"page","link":"https:\/\/www.unitedabrasives.com\/fr\/ressources\/informations-generales-sur-la-securite\/ce-quil-faut-faire-et-ne-pas-faire-en-matiere-de-securite\/","title":{"rendered":"Ce qu&rsquo;il faut faire et ne pas faire en mati\u00e8re de s\u00e9curit\u00e9"},"content":{"rendered":"<div class=\"fusion-fullwidth fullwidth-box fusion-builder-row-1 fusion-flex-container nonhundred-percent-fullwidth non-hundred-percent-height-scrolling\" style=\"--awb-border-radius-top-left:0px;--awb-border-radius-top-right:0px;--awb-border-radius-bottom-right:0px;--awb-border-radius-bottom-left:0px;--awb-flex-wrap:wrap;\" ><div class=\"fusion-builder-row fusion-row fusion-flex-align-items-flex-start fusion-flex-content-wrap\" style=\"max-width:1352px;margin-left: calc(-4% \/ 2 );margin-right: calc(-4% \/ 2 );\"><div class=\"fusion-layout-column fusion_builder_column fusion-builder-column-0 fusion_builder_column_1_1 1_1 fusion-flex-column\" style=\"--awb-bg-size:cover;--awb-width-large:100%;--awb-margin-top-large:0px;--awb-spacing-right-large:1.92%;--awb-margin-bottom-large:0px;--awb-spacing-left-large:1.92%;--awb-width-medium:100%;--awb-spacing-right-medium:1.92%;--awb-spacing-left-medium:1.92%;--awb-width-small:100%;--awb-spacing-right-small:1.92%;--awb-spacing-left-small:1.92%;\"><div class=\"fusion-column-wrapper fusion-flex-justify-content-flex-start fusion-content-layout-column\"><div class=\"fusion-text fusion-text-1 awb-text-cols fusion-text-columns-2\" style=\"--awb-columns:2;--awb-column-spacing:2em;--awb-column-min-width:300px;\"><ul style=\"margin-top:0;\">\n<li>Manipulez et stockez toujours les roues avec pr\u00e9caution<strong>.<\/strong> <\/li>\n<li>Inspectez visuellement toutes les roues avant le montage pour v\u00e9rifier qu&rsquo;elles ne sont pas endommag\u00e9es<strong>.<\/strong> <\/li>\n<li>Assurez-vous que la vitesse de fonctionnement de la machine ne d\u00e9passe pas la vitesse indiqu\u00e9e sur la roue, son buvard ou son conteneur<strong>.<\/strong> <\/li>\n<li>V\u00e9rifiez que les brides de montage sont de m\u00eame taille, qu&rsquo;elles sont soulag\u00e9es comme il se doit et qu&rsquo;elles ont le bon diam\u00e8tre<strong>.<\/strong> <\/li>\n<li><strong>Utilisez<\/strong> des buvards de montage comme l&rsquo;exigent les normes ANSI.<\/li>\n<li>Assurez-vous que le repose-pied est correctement r\u00e9gl\u00e9 sur les meuleuses d&rsquo;\u00e9tabli, les meuleuses sur socle et les meuleuses sur pied<strong>.<\/strong> <\/li>\n<li>Utilisez toujours une protection qui couvre au moins la moiti\u00e9 (1\/2) de la meule abrasive<strong>.<\/strong> <\/li>\n<li>Laissez tourner les meules nouvellement mont\u00e9es \u00e0 leur vitesse de fonctionnement, avec la protection en place, pendant au moins une minute avant de proc\u00e9der au meulage<strong>.<\/strong> <\/li>\n<li>Portez toujours des lunettes de s\u00e9curit\u00e9 ou un autre type de protection oculaire approuv\u00e9 lorsque vous meulez ou coupez<strong>.<\/strong> <\/li>\n<li>Coupez le liquide de refroidissement avant d&rsquo;arr\u00eater la roue pour \u00e9viter de cr\u00e9er une situation de d\u00e9s\u00e9quilibre<strong>.<\/strong> <\/li>\n<li>Respectez les consignes de s\u00e9curit\u00e9 de bon sens<strong>.<\/strong> <\/li>\n<li><strong>Respectez<\/strong> les lois et r\u00e9glementations f\u00e9d\u00e9rales, nationales et locales.<\/li>\n<li><strong>N&rsquo;<\/strong> utilisez <strong>pas<\/strong> une roue qui est tomb\u00e9e ou qui semble avoir \u00e9t\u00e9 maltrait\u00e9e.<\/li>\n<li><strong>Ne<\/strong> forcez <strong>pas<\/strong> une roue \u00e0 s&rsquo;adapter \u00e0 la machine et ne modifiez pas la taille du trou de montage.<br \/>\nSi la roue n&rsquo;est pas adapt\u00e9e \u00e0 la machine, achetez-en une qui le sera. <\/li>\n<li><strong>Ne<\/strong> d\u00e9passez jamais la vitesse maximale d&rsquo;utilisation pr\u00e9vue pour la roue.<\/li>\n<li><strong>N&rsquo;<\/strong> utilisez pas de brides de montage dont les surfaces d&rsquo;appui ne sont pas propres, planes et lisses.<\/li>\n<li><strong>Ne<\/strong> serrez pas excessivement l&rsquo;\u00e9crou de montage.<\/li>\n<li><strong>Ne<\/strong> meulez <strong>pas<\/strong> sur le c\u00f4t\u00e9 des roues conventionnelles, droites ou de type 1.<\/li>\n<li><strong>N&rsquo;<\/strong> utilisez <strong>pas<\/strong> une roue sur une machine qui n&rsquo;est pas con\u00e7ue pour l&rsquo;application sp\u00e9cifique de la roue.<\/li>\n<li>Ne d\u00e9marrez <strong>pas<\/strong> la machine tant que le dispositif de protection n&rsquo;est pas correctement et solidement en place.<\/li>\n<li><strong>Ne<\/strong> bloquez <strong>pas<\/strong> le travail dans la roue.<\/li>\n<li><strong>Ne<\/strong> vous tenez pas directement devant une meule de meulage ou de tron\u00e7onnage lorsqu&rsquo;une machine est en fonctionnement.<\/li>\n<li><strong>Ne<\/strong> meulez <strong>pas<\/strong> et ne coupez pas des mat\u00e9riaux pour lesquels la meule n&rsquo;est pas con\u00e7ue.<\/li>\n<\/ul>\n<\/div><\/div><\/div><\/div><\/div>\n","protected":false},"excerpt":{"rendered":"<p>Toutes les meules abrasives sont cassables et il convient donc de les manipuler et de les stocker avec soin pour \u00e9viter de les endommager.<br \/>\nLes r\u00e8gles suivantes, bas\u00e9es sur l&rsquo;exp\u00e9rience, doivent \u00eatre respect\u00e9es : Manipulez la meule avec pr\u00e9caution pour \u00e9viter de la faire tomber ou de la heurter, ne faites pas rouler les meules (\u00e0 la mani\u00e8re d&rsquo;un cerceau), etc&#8230; <\/p>\n","protected":false},"author":1,"featured_media":0,"parent":65921,"menu_order":0,"comment_status":"closed","ping_status":"closed","template":"100-width.php","meta":{"_acf_changed":false,"footnotes":""},"class_list":["post-65919","page","type-page","status-publish","hentry"],"acf":[],"yoast_head":"<!-- This site is optimized with the Yoast SEO plugin v27.4 - https:\/\/yoast.com\/product\/yoast-seo-wordpress\/ -->\n<title>Ce qu&#039;il faut faire et ne pas faire en mati\u00e8re de s\u00e9curit\u00e9 - United Abrasives<\/title>\n<meta name=\"robots\" content=\"index, follow, max-snippet:-1, max-image-preview:large, max-video-preview:-1\" \/>\n<link rel=\"canonical\" href=\"https:\/\/www.unitedabrasives.com\/fr\/ressources\/informations-generales-sur-la-securite\/ce-quil-faut-faire-et-ne-pas-faire-en-matiere-de-securite\/\" \/>\n<meta property=\"og:locale\" content=\"fr_FR\" \/>\n<meta property=\"og:type\" content=\"article\" \/>\n<meta property=\"og:title\" content=\"Ce qu&#039;il faut faire et ne pas faire en mati\u00e8re de s\u00e9curit\u00e9 - United Abrasives\" \/>\n<meta property=\"og:description\" content=\"Toutes les meules abrasives sont cassables et il convient donc de les manipuler et de les stocker avec soin pour \u00e9viter de les endommager. Les r\u00e8gles suivantes, bas\u00e9es sur l&#039;exp\u00e9rience, doivent \u00eatre respect\u00e9es : Manipulez la meule avec pr\u00e9caution pour \u00e9viter de la faire tomber ou de la heurter, ne faites pas rouler les meules (\u00e0 la mani\u00e8re d&#039;un cerceau), etc...\" \/>\n<meta property=\"og:url\" content=\"https:\/\/www.unitedabrasives.com\/fr\/ressources\/informations-generales-sur-la-securite\/ce-quil-faut-faire-et-ne-pas-faire-en-matiere-de-securite\/\" \/>\n<meta property=\"og:site_name\" content=\"United Abrasives\" \/>\n<meta property=\"article:modified_time\" content=\"2024-10-04T14:57:34+00:00\" \/>\n<meta name=\"twitter:card\" content=\"summary_large_image\" \/>\n<meta name=\"twitter:label1\" content=\"Dur\u00e9e de lecture estim\u00e9e\" \/>\n\t<meta name=\"twitter:data1\" content=\"3 minutes\" \/>\n<script type=\"application\/ld+json\" class=\"yoast-schema-graph\">{\"@context\":\"https:\\\/\\\/schema.org\",\"@graph\":[{\"@type\":\"WebPage\",\"@id\":\"https:\\\/\\\/www.unitedabrasives.com\\\/fr\\\/ressources\\\/informations-generales-sur-la-securite\\\/ce-quil-faut-faire-et-ne-pas-faire-en-matiere-de-securite\\\/\",\"url\":\"https:\\\/\\\/www.unitedabrasives.com\\\/fr\\\/ressources\\\/informations-generales-sur-la-securite\\\/ce-quil-faut-faire-et-ne-pas-faire-en-matiere-de-securite\\\/\",\"name\":\"Ce qu'il faut faire et ne pas faire en mati\u00e8re de s\u00e9curit\u00e9 - United Abrasives\",\"isPartOf\":{\"@id\":\"https:\\\/\\\/www.unitedabrasives.com\\\/fr\\\/#website\"},\"datePublished\":\"2019-09-26T13:32:09+00:00\",\"dateModified\":\"2024-10-04T14:57:34+00:00\",\"breadcrumb\":{\"@id\":\"https:\\\/\\\/www.unitedabrasives.com\\\/fr\\\/ressources\\\/informations-generales-sur-la-securite\\\/ce-quil-faut-faire-et-ne-pas-faire-en-matiere-de-securite\\\/#breadcrumb\"},\"inLanguage\":\"fr-FR\",\"potentialAction\":[{\"@type\":\"ReadAction\",\"target\":[\"https:\\\/\\\/www.unitedabrasives.com\\\/fr\\\/ressources\\\/informations-generales-sur-la-securite\\\/ce-quil-faut-faire-et-ne-pas-faire-en-matiere-de-securite\\\/\"]}]},{\"@type\":\"BreadcrumbList\",\"@id\":\"https:\\\/\\\/www.unitedabrasives.com\\\/fr\\\/ressources\\\/informations-generales-sur-la-securite\\\/ce-quil-faut-faire-et-ne-pas-faire-en-matiere-de-securite\\\/#breadcrumb\",\"itemListElement\":[{\"@type\":\"ListItem\",\"position\":1,\"name\":\"Home\",\"item\":\"https:\\\/\\\/www.unitedabrasives.com\\\/fr\\\/accueil\\\/\"},{\"@type\":\"ListItem\",\"position\":2,\"name\":\"Ce qu&rsquo;il faut faire et ne pas faire en mati\u00e8re de s\u00e9curit\u00e9\"}]},{\"@type\":\"WebSite\",\"@id\":\"https:\\\/\\\/www.unitedabrasives.com\\\/fr\\\/#website\",\"url\":\"https:\\\/\\\/www.unitedabrasives.com\\\/fr\\\/\",\"name\":\"United Abrasives\",\"description\":\"\",\"potentialAction\":[{\"@type\":\"SearchAction\",\"target\":{\"@type\":\"EntryPoint\",\"urlTemplate\":\"https:\\\/\\\/www.unitedabrasives.com\\\/fr\\\/?s={search_term_string}\"},\"query-input\":{\"@type\":\"PropertyValueSpecification\",\"valueRequired\":true,\"valueName\":\"search_term_string\"}}],\"inLanguage\":\"fr-FR\"}]}<\/script>\n<!-- \/ Yoast SEO plugin. -->","yoast_head_json":{"title":"Ce qu'il faut faire et ne pas faire en mati\u00e8re de s\u00e9curit\u00e9 - United Abrasives","robots":{"index":"index","follow":"follow","max-snippet":"max-snippet:-1","max-image-preview":"max-image-preview:large","max-video-preview":"max-video-preview:-1"},"canonical":"https:\/\/www.unitedabrasives.com\/fr\/ressources\/informations-generales-sur-la-securite\/ce-quil-faut-faire-et-ne-pas-faire-en-matiere-de-securite\/","og_locale":"fr_FR","og_type":"article","og_title":"Ce qu'il faut faire et ne pas faire en mati\u00e8re de s\u00e9curit\u00e9 - United Abrasives","og_description":"Toutes les meules abrasives sont cassables et il convient donc de les manipuler et de les stocker avec soin pour \u00e9viter de les endommager. Les r\u00e8gles suivantes, bas\u00e9es sur l'exp\u00e9rience, doivent \u00eatre respect\u00e9es : Manipulez la meule avec pr\u00e9caution pour \u00e9viter de la faire tomber ou de la heurter, ne faites pas rouler les meules (\u00e0 la mani\u00e8re d'un cerceau), etc...","og_url":"https:\/\/www.unitedabrasives.com\/fr\/ressources\/informations-generales-sur-la-securite\/ce-quil-faut-faire-et-ne-pas-faire-en-matiere-de-securite\/","og_site_name":"United Abrasives","article_modified_time":"2024-10-04T14:57:34+00:00","twitter_card":"summary_large_image","twitter_misc":{"Dur\u00e9e de lecture estim\u00e9e":"3 minutes"},"schema":{"@context":"https:\/\/schema.org","@graph":[{"@type":"WebPage","@id":"https:\/\/www.unitedabrasives.com\/fr\/ressources\/informations-generales-sur-la-securite\/ce-quil-faut-faire-et-ne-pas-faire-en-matiere-de-securite\/","url":"https:\/\/www.unitedabrasives.com\/fr\/ressources\/informations-generales-sur-la-securite\/ce-quil-faut-faire-et-ne-pas-faire-en-matiere-de-securite\/","name":"Ce qu'il faut faire et ne pas faire en mati\u00e8re de s\u00e9curit\u00e9 - United Abrasives","isPartOf":{"@id":"https:\/\/www.unitedabrasives.com\/fr\/#website"},"datePublished":"2019-09-26T13:32:09+00:00","dateModified":"2024-10-04T14:57:34+00:00","breadcrumb":{"@id":"https:\/\/www.unitedabrasives.com\/fr\/ressources\/informations-generales-sur-la-securite\/ce-quil-faut-faire-et-ne-pas-faire-en-matiere-de-securite\/#breadcrumb"},"inLanguage":"fr-FR","potentialAction":[{"@type":"ReadAction","target":["https:\/\/www.unitedabrasives.com\/fr\/ressources\/informations-generales-sur-la-securite\/ce-quil-faut-faire-et-ne-pas-faire-en-matiere-de-securite\/"]}]},{"@type":"BreadcrumbList","@id":"https:\/\/www.unitedabrasives.com\/fr\/ressources\/informations-generales-sur-la-securite\/ce-quil-faut-faire-et-ne-pas-faire-en-matiere-de-securite\/#breadcrumb","itemListElement":[{"@type":"ListItem","position":1,"name":"Home","item":"https:\/\/www.unitedabrasives.com\/fr\/accueil\/"},{"@type":"ListItem","position":2,"name":"Ce qu&rsquo;il faut faire et ne pas faire en mati\u00e8re de s\u00e9curit\u00e9"}]},{"@type":"WebSite","@id":"https:\/\/www.unitedabrasives.com\/fr\/#website","url":"https:\/\/www.unitedabrasives.com\/fr\/","name":"United Abrasives","description":"","potentialAction":[{"@type":"SearchAction","target":{"@type":"EntryPoint","urlTemplate":"https:\/\/www.unitedabrasives.com\/fr\/?s={search_term_string}"},"query-input":{"@type":"PropertyValueSpecification","valueRequired":true,"valueName":"search_term_string"}}],"inLanguage":"fr-FR"}]}},"_links":{"self":[{"href":"https:\/\/www.unitedabrasives.com\/fr\/wp-json\/wp\/v2\/pages\/65919","targetHints":{"allow":["GET"]}}],"collection":[{"href":"https:\/\/www.unitedabrasives.com\/fr\/wp-json\/wp\/v2\/pages"}],"about":[{"href":"https:\/\/www.unitedabrasives.com\/fr\/wp-json\/wp\/v2\/types\/page"}],"author":[{"embeddable":true,"href":"https:\/\/www.unitedabrasives.com\/fr\/wp-json\/wp\/v2\/users\/1"}],"replies":[{"embeddable":true,"href":"https:\/\/www.unitedabrasives.com\/fr\/wp-json\/wp\/v2\/comments?post=65919"}],"version-history":[{"count":0,"href":"https:\/\/www.unitedabrasives.com\/fr\/wp-json\/wp\/v2\/pages\/65919\/revisions"}],"up":[{"embeddable":true,"href":"https:\/\/www.unitedabrasives.com\/fr\/wp-json\/wp\/v2\/pages\/65921"}],"wp:attachment":[{"href":"https:\/\/www.unitedabrasives.com\/fr\/wp-json\/wp\/v2\/media?parent=65919"}],"curies":[{"name":"wp","href":"https:\/\/api.w.org\/{rel}","templated":true}]}}