{"id":65925,"date":"2024-06-27T19:19:52","date_gmt":"2024-06-27T19:19:52","guid":{"rendered":"https:\/\/www.unitedabrasives.com\/contactez-nous\/merci-de-votre-attention\/"},"modified":"2024-10-04T14:57:42","modified_gmt":"2024-10-04T14:57:42","slug":"merci-de-votre-attention","status":"publish","type":"page","link":"https:\/\/www.unitedabrasives.com\/fr\/contactez-nous\/merci-de-votre-attention\/","title":{"rendered":"Merci de votre attention"},"content":{"rendered":"<div class=\"fusion-fullwidth fullwidth-box fusion-builder-row-1 fusion-flex-container nonhundred-percent-fullwidth non-hundred-percent-height-scrolling\" style=\"--awb-border-radius-top-left:0px;--awb-border-radius-top-right:0px;--awb-border-radius-bottom-right:0px;--awb-border-radius-bottom-left:0px;--awb-flex-wrap:wrap;\" ><div class=\"fusion-builder-row fusion-row fusion-flex-align-items-flex-start fusion-flex-content-wrap\" style=\"max-width:1352px;margin-left: calc(-4% \/ 2 );margin-right: calc(-4% \/ 2 );\"><div class=\"fusion-layout-column fusion_builder_column fusion-builder-column-0 fusion_builder_column_2_3 2_3 fusion-flex-column\" style=\"--awb-padding-top:40px;--awb-bg-blend:overlay;--awb-bg-size:cover;--awb-width-large:66.6666666667%;--awb-margin-top-large:0px;--awb-spacing-right-large:7.344%;--awb-margin-bottom-large:50px;--awb-spacing-left-large:2.88%;--awb-width-medium:100%;--awb-spacing-right-medium:4.896%;--awb-spacing-left-medium:1.92%;--awb-width-small:100%;--awb-spacing-right-small:1.92%;--awb-spacing-left-small:1.92%;\"><div class=\"fusion-column-wrapper fusion-flex-justify-content-flex-start fusion-content-layout-column\"><div class=\"fusion-text fusion-text-1\"><h2>Merci de nous avoir contact\u00e9s !<\/h2>\n<h3>Nous vous contacterons dans les plus brefs d\u00e9lais.<\/h3>\n<\/div><\/div><\/div><div class=\"fusion-layout-column fusion_builder_column fusion-builder-column-1 fusion_builder_column_1_3 1_3 fusion-flex-column\" style=\"--awb-bg-blend:overlay;--awb-bg-size:cover;--awb-width-large:33.3333333333%;--awb-margin-top-large:0px;--awb-spacing-right-large:5.76%;--awb-margin-bottom-large:49px;--awb-spacing-left-large:3.84%;--awb-width-medium:100%;--awb-spacing-right-medium:1.92%;--awb-spacing-left-medium:1.28%;--awb-width-small:100%;--awb-spacing-right-small:1.92%;--awb-spacing-left-small:1.92%;\"><div class=\"fusion-column-wrapper fusion-flex-justify-content-flex-start fusion-content-layout-column\"><div class=\"fusion-text fusion-text-2\"><h3 class=\"\" style=\"--fontsize: 32; line-height: 1.3;\" data-fontsize=\"32\" data-lineheight=\"41.6px\">Appelez-nous<\/h3>\n<p>  Ventes aux \u00c9tats-Unis : 800.428.5927 Ventes au Canada : 800.345.7248 Heures d&rsquo;ouverture du service client\u00e8le : Du lundi au vendredi, de 8h00 \u00e0 17h00 (heure de l&rsquo;Est)<\/p>\n<\/div><\/div><\/div><\/div><\/div>\n","protected":false},"excerpt":{"rendered":"<p>Toute notre \u00e9quipe re\u00e7oit r\u00e9guli\u00e8rement une formation sp\u00e9cialis\u00e9e afin de garantir que vous recevez les meilleures informations possibles.<br \/>\nQu&rsquo;il s&rsquo;agisse de questions simples ou de questions techniques complexes, nous sommes l\u00e0 pour vous aider !<br \/>\nUnited Abrasives s&rsquo;efforce de fournir le meilleur service possible.<br \/>\nN&rsquo;h\u00e9sitez pas \u00e0 nous appeler !   <\/p>\n","protected":false},"author":1,"featured_media":0,"parent":65848,"menu_order":0,"comment_status":"closed","ping_status":"closed","template":"100-width.php","meta":{"_acf_changed":false,"footnotes":""},"class_list":["post-65925","page","type-page","status-publish","hentry"],"acf":[],"yoast_head":"<!-- This site is optimized with the Yoast SEO plugin v27.3 - https:\/\/yoast.com\/product\/yoast-seo-wordpress\/ -->\n<title>Merci de votre attention - United Abrasives<\/title>\n<meta name=\"description\" content=\"Vous avez des questions sur nos abrasifs ? Contactez-nous pour recevoir la meilleure information possible. N&#039;h\u00e9sitez pas \u00e0 nous \u00e9crire ou \u00e0 nous appeler !\" \/>\n<meta name=\"robots\" content=\"index, follow, max-snippet:-1, max-image-preview:large, max-video-preview:-1\" \/>\n<link rel=\"canonical\" href=\"https:\/\/www.unitedabrasives.com\/fr\/contactez-nous\/merci-de-votre-attention\/\" \/>\n<meta property=\"og:locale\" content=\"fr_FR\" \/>\n<meta property=\"og:type\" content=\"article\" \/>\n<meta property=\"og:title\" content=\"Merci de votre attention - United Abrasives\" \/>\n<meta property=\"og:description\" content=\"Vous avez des questions sur nos abrasifs ? Contactez-nous pour recevoir la meilleure information possible. N&#039;h\u00e9sitez pas \u00e0 nous \u00e9crire ou \u00e0 nous appeler !\" \/>\n<meta property=\"og:url\" content=\"https:\/\/www.unitedabrasives.com\/fr\/contactez-nous\/merci-de-votre-attention\/\" \/>\n<meta property=\"og:site_name\" content=\"United Abrasives\" \/>\n<meta property=\"article:modified_time\" content=\"2024-10-04T14:57:42+00:00\" \/>\n<meta name=\"twitter:card\" content=\"summary_large_image\" \/>\n<meta name=\"twitter:label1\" content=\"Dur\u00e9e de lecture estim\u00e9e\" \/>\n\t<meta name=\"twitter:data1\" content=\"1 minute\" \/>\n<script type=\"application\/ld+json\" class=\"yoast-schema-graph\">{\"@context\":\"https:\\\/\\\/schema.org\",\"@graph\":[{\"@type\":\"WebPage\",\"@id\":\"https:\\\/\\\/www.unitedabrasives.com\\\/fr\\\/contactez-nous\\\/merci-de-votre-attention\\\/\",\"url\":\"https:\\\/\\\/www.unitedabrasives.com\\\/fr\\\/contactez-nous\\\/merci-de-votre-attention\\\/\",\"name\":\"Merci de votre attention - United Abrasives\",\"isPartOf\":{\"@id\":\"https:\\\/\\\/www.unitedabrasives.com\\\/fr\\\/#website\"},\"datePublished\":\"2024-06-27T19:19:52+00:00\",\"dateModified\":\"2024-10-04T14:57:42+00:00\",\"description\":\"Vous avez des questions sur nos abrasifs ? Contactez-nous pour recevoir la meilleure information possible. N'h\u00e9sitez pas \u00e0 nous \u00e9crire ou \u00e0 nous appeler !\",\"breadcrumb\":{\"@id\":\"https:\\\/\\\/www.unitedabrasives.com\\\/fr\\\/contactez-nous\\\/merci-de-votre-attention\\\/#breadcrumb\"},\"inLanguage\":\"fr-FR\",\"potentialAction\":[{\"@type\":\"ReadAction\",\"target\":[\"https:\\\/\\\/www.unitedabrasives.com\\\/fr\\\/contactez-nous\\\/merci-de-votre-attention\\\/\"]}]},{\"@type\":\"BreadcrumbList\",\"@id\":\"https:\\\/\\\/www.unitedabrasives.com\\\/fr\\\/contactez-nous\\\/merci-de-votre-attention\\\/#breadcrumb\",\"itemListElement\":[{\"@type\":\"ListItem\",\"position\":1,\"name\":\"Home\",\"item\":\"https:\\\/\\\/www.unitedabrasives.com\\\/fr\\\/accueil\\\/\"},{\"@type\":\"ListItem\",\"position\":2,\"name\":\"Contactez\",\"item\":\"https:\\\/\\\/www.unitedabrasives.com\\\/fr\\\/contactez-nous\\\/\"},{\"@type\":\"ListItem\",\"position\":3,\"name\":\"Merci de votre attention\"}]},{\"@type\":\"WebSite\",\"@id\":\"https:\\\/\\\/www.unitedabrasives.com\\\/fr\\\/#website\",\"url\":\"https:\\\/\\\/www.unitedabrasives.com\\\/fr\\\/\",\"name\":\"United Abrasives\",\"description\":\"\",\"potentialAction\":[{\"@type\":\"SearchAction\",\"target\":{\"@type\":\"EntryPoint\",\"urlTemplate\":\"https:\\\/\\\/www.unitedabrasives.com\\\/fr\\\/?s={search_term_string}\"},\"query-input\":{\"@type\":\"PropertyValueSpecification\",\"valueRequired\":true,\"valueName\":\"search_term_string\"}}],\"inLanguage\":\"fr-FR\"}]}<\/script>\n<!-- \/ Yoast SEO plugin. -->","yoast_head_json":{"title":"Merci de votre attention - United Abrasives","description":"Vous avez des questions sur nos abrasifs ? Contactez-nous pour recevoir la meilleure information possible. N'h\u00e9sitez pas \u00e0 nous \u00e9crire ou \u00e0 nous appeler !","robots":{"index":"index","follow":"follow","max-snippet":"max-snippet:-1","max-image-preview":"max-image-preview:large","max-video-preview":"max-video-preview:-1"},"canonical":"https:\/\/www.unitedabrasives.com\/fr\/contactez-nous\/merci-de-votre-attention\/","og_locale":"fr_FR","og_type":"article","og_title":"Merci de votre attention - United Abrasives","og_description":"Vous avez des questions sur nos abrasifs ? Contactez-nous pour recevoir la meilleure information possible. N'h\u00e9sitez pas \u00e0 nous \u00e9crire ou \u00e0 nous appeler !","og_url":"https:\/\/www.unitedabrasives.com\/fr\/contactez-nous\/merci-de-votre-attention\/","og_site_name":"United Abrasives","article_modified_time":"2024-10-04T14:57:42+00:00","twitter_card":"summary_large_image","twitter_misc":{"Dur\u00e9e de lecture estim\u00e9e":"1 minute"},"schema":{"@context":"https:\/\/schema.org","@graph":[{"@type":"WebPage","@id":"https:\/\/www.unitedabrasives.com\/fr\/contactez-nous\/merci-de-votre-attention\/","url":"https:\/\/www.unitedabrasives.com\/fr\/contactez-nous\/merci-de-votre-attention\/","name":"Merci de votre attention - United Abrasives","isPartOf":{"@id":"https:\/\/www.unitedabrasives.com\/fr\/#website"},"datePublished":"2024-06-27T19:19:52+00:00","dateModified":"2024-10-04T14:57:42+00:00","description":"Vous avez des questions sur nos abrasifs ? Contactez-nous pour recevoir la meilleure information possible. N'h\u00e9sitez pas \u00e0 nous \u00e9crire ou \u00e0 nous appeler !","breadcrumb":{"@id":"https:\/\/www.unitedabrasives.com\/fr\/contactez-nous\/merci-de-votre-attention\/#breadcrumb"},"inLanguage":"fr-FR","potentialAction":[{"@type":"ReadAction","target":["https:\/\/www.unitedabrasives.com\/fr\/contactez-nous\/merci-de-votre-attention\/"]}]},{"@type":"BreadcrumbList","@id":"https:\/\/www.unitedabrasives.com\/fr\/contactez-nous\/merci-de-votre-attention\/#breadcrumb","itemListElement":[{"@type":"ListItem","position":1,"name":"Home","item":"https:\/\/www.unitedabrasives.com\/fr\/accueil\/"},{"@type":"ListItem","position":2,"name":"Contactez","item":"https:\/\/www.unitedabrasives.com\/fr\/contactez-nous\/"},{"@type":"ListItem","position":3,"name":"Merci de votre attention"}]},{"@type":"WebSite","@id":"https:\/\/www.unitedabrasives.com\/fr\/#website","url":"https:\/\/www.unitedabrasives.com\/fr\/","name":"United Abrasives","description":"","potentialAction":[{"@type":"SearchAction","target":{"@type":"EntryPoint","urlTemplate":"https:\/\/www.unitedabrasives.com\/fr\/?s={search_term_string}"},"query-input":{"@type":"PropertyValueSpecification","valueRequired":true,"valueName":"search_term_string"}}],"inLanguage":"fr-FR"}]}},"_links":{"self":[{"href":"https:\/\/www.unitedabrasives.com\/fr\/wp-json\/wp\/v2\/pages\/65925","targetHints":{"allow":["GET"]}}],"collection":[{"href":"https:\/\/www.unitedabrasives.com\/fr\/wp-json\/wp\/v2\/pages"}],"about":[{"href":"https:\/\/www.unitedabrasives.com\/fr\/wp-json\/wp\/v2\/types\/page"}],"author":[{"embeddable":true,"href":"https:\/\/www.unitedabrasives.com\/fr\/wp-json\/wp\/v2\/users\/1"}],"replies":[{"embeddable":true,"href":"https:\/\/www.unitedabrasives.com\/fr\/wp-json\/wp\/v2\/comments?post=65925"}],"version-history":[{"count":0,"href":"https:\/\/www.unitedabrasives.com\/fr\/wp-json\/wp\/v2\/pages\/65925\/revisions"}],"up":[{"embeddable":true,"href":"https:\/\/www.unitedabrasives.com\/fr\/wp-json\/wp\/v2\/pages\/65848"}],"wp:attachment":[{"href":"https:\/\/www.unitedabrasives.com\/fr\/wp-json\/wp\/v2\/media?parent=65925"}],"curies":[{"name":"wp","href":"https:\/\/api.w.org\/{rel}","templated":true}]}}