{"id":65932,"date":"2018-06-19T14:53:23","date_gmt":"2018-06-19T14:53:23","guid":{"rendered":"https:\/\/www.unitedabrasives.com\/abrasifs-agglomeres\/"},"modified":"2024-10-04T14:59:39","modified_gmt":"2024-10-04T14:59:39","slug":"abrasifs-agglomeres","status":"publish","type":"page","link":"https:\/\/www.unitedabrasives.com\/fr\/ressources\/litterature-sur-les-produits-et-la-securite\/informations-techniques-sur-les-produits\/abrasifs-agglomeres\/","title":{"rendered":"Abrasifs agglom\u00e9r\u00e9s"},"content":{"rendered":"<div class=\"fusion-fullwidth fullwidth-box fusion-builder-row-1 fusion-flex-container nonhundred-percent-fullwidth non-hundred-percent-height-scrolling\" style=\"--awb-border-radius-top-left:0px;--awb-border-radius-top-right:0px;--awb-border-radius-bottom-right:0px;--awb-border-radius-bottom-left:0px;--awb-flex-wrap:wrap;\" ><div class=\"fusion-builder-row fusion-row fusion-flex-align-items-flex-start fusion-flex-content-wrap\" style=\"max-width:1352px;margin-left: calc(-4% \/ 2 );margin-right: calc(-4% \/ 2 );\"><div class=\"fusion-layout-column fusion_builder_column fusion-builder-column-0 fusion_builder_column_2_3 2_3 fusion-flex-column\" style=\"--awb-bg-size:cover;--awb-width-large:66.6666666667%;--awb-margin-top-large:0px;--awb-spacing-right-large:2.88%;--awb-margin-bottom-large:0px;--awb-spacing-left-large:2.88%;--awb-width-medium:66.6666666667%;--awb-spacing-right-medium:2.88%;--awb-spacing-left-medium:2.88%;--awb-width-small:100%;--awb-spacing-right-small:1.92%;--awb-spacing-left-small:1.92%;\"><div class=\"fusion-column-wrapper fusion-flex-justify-content-flex-start fusion-content-layout-column\"><div class=\"fusion-text fusion-text-1\"><h2 class=\"fusion-responsive-typography-calculated\" data-fontsize=\"42\" data-lineheight=\"54.6px\">Qu&rsquo;est-ce qu&rsquo;un abrasif agglom\u00e9r\u00e9 ?<\/h2>\n<p>Un abrasif li\u00e9 \u00e0 la r\u00e9sine est un outil de meulage ou de coupe compos\u00e9 de grains abrasifs maintenus fermement ensemble par un agent de liaison et g\u00e9n\u00e9ralement renforc\u00e9s par un mat\u00e9riau tiss\u00e9.<br \/>\nDans la cat\u00e9gorie des abrasifs agglom\u00e9r\u00e9s, on trouve des meules et des outils de coupe, ainsi que des \u00ab\u00a0pierres\u00a0\u00bb de formes et de tailles diverses. <\/p>\n<h3 class=\"fusion-responsive-typography-calculated\" data-fontsize=\"32\" data-lineheight=\"41.6px\">Principaux composants des abrasifs \u00e0 liant r\u00e9sino\u00efde<\/h3>\n<p><strong>Grains abrasifs<\/strong><\/p>\n<p>Les grains abrasifs, parfois appel\u00e9s grenailles, sont des particules de compos\u00e9s fabriqu\u00e9s par l&rsquo;homme.<br \/>\nLa structure chimique des grains d\u00e9termine les propri\u00e9t\u00e9s physiques telles que la forme et le tranchant de chaque particule, ainsi que sa duret\u00e9 et sa friabilit\u00e9 (la propension \u00e0 se d\u00e9composer).<br \/>\nLes types de grains couramment utilis\u00e9s dans la fabrication d&rsquo;abrasifs agglom\u00e9r\u00e9s sont les suivants :  <\/p>\n<ul>\n<li>A &#8211; Oxyde d&rsquo;aluminium : Un grain r\u00e9sistant en forme de bloc utilis\u00e9 pour couper des m\u00e9taux et d&rsquo;autres mat\u00e9riaux \u00e0 haute r\u00e9sistance \u00e0 la traction sans fracture excessive.<\/li>\n<li>C &#8211; Carbure de silicium : Un abrasif tr\u00e8s dur et tr\u00e8s tranchant adapt\u00e9 aux mat\u00e9riaux non m\u00e9talliques tels que le b\u00e9ton.<\/li>\n<li>Z &#8211; Zirconium : Un grain cristallin tr\u00e8s fin et dense qui peut \u00eatre utilis\u00e9 pour l&rsquo;enl\u00e8vement de mati\u00e8re robuste.<\/li>\n<li>SG &#8211; C\u00e9ramique : Un oxyde d&rsquo;aluminium c\u00e9ramique unique qui est deux ou trois fois plus r\u00e9sistant que l&rsquo;oxyde d&rsquo;aluminium standard.<\/li>\n<\/ul>\n<p><strong>Agent de liaison<\/strong><\/p>\n<p>L&rsquo;agent de liaison qui maintient les grains ensemble d\u00e9termine la r\u00e9sistance de la roue.<\/p>\n<p><strong>Renforcement<\/strong><\/p>\n<p>Le mat\u00e9riau de renforcement fournit la force n\u00e9cessaire pour faire fonctionner le produit abrasif aux vitesses maximales indiqu\u00e9es et pour r\u00e9sister \u00e0 la pression lat\u00e9rale exerc\u00e9e pendant l&rsquo;utilisation.<br \/>\nCet \u00e9l\u00e9ment critique, invisible \u00e0 l&rsquo;\u0153il nu, d\u00e9termine la r\u00e9sistance structurelle du produit. <\/p>\n<h3 class=\"fusion-responsive-typography-calculated\" data-fontsize=\"32\" data-lineheight=\"41.6px\">Combinaison des composants<\/h3>\n<p>Au cours du processus de fabrication, ces trois composants sont combin\u00e9s pour former un outil abrasif.<br \/>\nLes grains et les liants sont mesur\u00e9s, combin\u00e9s et press\u00e9s dans une presse hydraulique automatis\u00e9e.<\/p>\n<\/div><\/div><\/div><div class=\"fusion-layout-column fusion_builder_column fusion-builder-column-1 fusion_builder_column_1_3 1_3 fusion-flex-column\" style=\"--awb-bg-size:cover;--awb-width-large:33.3333333333%;--awb-margin-top-large:0px;--awb-spacing-right-large:5.76%;--awb-margin-bottom-large:20px;--awb-spacing-left-large:5.76%;--awb-width-medium:33.3333333333%;--awb-order-medium:0;--awb-spacing-right-medium:5.76%;--awb-spacing-left-medium:5.76%;--awb-width-small:100%;--awb-order-small:0;--awb-spacing-right-small:1.92%;--awb-spacing-left-small:1.92%;\"><div class=\"fusion-column-wrapper fusion-column-has-shadow fusion-flex-justify-content-flex-start fusion-content-layout-column\"><div class=\"fusion-image-element \" style=\"text-align:center;--awb-caption-title-font-family:var(--h2_typography-font-family);--awb-caption-title-font-weight:var(--h2_typography-font-weight);--awb-caption-title-font-style:var(--h2_typography-font-style);--awb-caption-title-size:var(--h2_typography-font-size);--awb-caption-title-transform:var(--h2_typography-text-transform);--awb-caption-title-line-height:var(--h2_typography-line-height);--awb-caption-title-letter-spacing:var(--h2_typography-letter-spacing);\"><span class=\" fusion-imageframe imageframe-none imageframe-1 hover-type-none\"><img decoding=\"async\" width=\"300\" height=\"798\" title=\"bonded-01\" src=\"https:\/\/www.unitedabrasives.com\/wp-content\/uploads\/2018\/06\/bonded-01.jpg\" alt class=\"img-responsive wp-image-63203\" srcset=\"https:\/\/www.unitedabrasives.com\/wp-content\/uploads\/2018\/06\/bonded-01-113x300.jpg 113w, https:\/\/www.unitedabrasives.com\/wp-content\/uploads\/2018\/06\/bonded-01.jpg 300w\" sizes=\"(max-width: 300px) 100vw, 300px\" \/><\/span><\/div><\/div><\/div><div class=\"fusion-layout-column fusion_builder_column fusion-builder-column-2 fusion_builder_column_1_1 1_1 fusion-flex-column\" style=\"--awb-bg-size:cover;--awb-width-large:100%;--awb-margin-top-large:0px;--awb-spacing-right-large:1.92%;--awb-margin-bottom-large:20px;--awb-spacing-left-large:1.92%;--awb-width-medium:100%;--awb-order-medium:0;--awb-spacing-right-medium:1.92%;--awb-spacing-left-medium:1.92%;--awb-width-small:100%;--awb-order-small:0;--awb-spacing-right-small:1.92%;--awb-spacing-left-small:1.92%;\"><div class=\"fusion-column-wrapper fusion-column-has-shadow fusion-flex-justify-content-flex-start fusion-content-layout-column\"><div class=\"fusion-title title fusion-title-1 fusion-sep-none fusion-title-text fusion-title-size-two\" style=\"--awb-margin-top:40px;--awb-margin-top-small:10px;--awb-margin-right-small:0px;--awb-margin-bottom-small:10px;--awb-margin-left-small:0px;\"><h2 class=\"fusion-title-heading title-heading-left fusion-responsive-typography-calculated\" style=\"margin:0;--fontSize:42;line-height:1.3;\">Le fonctionnement d&rsquo;une roue<\/h2><\/div><div class=\"fusion-image-element \" style=\"--awb-caption-title-font-family:var(--h2_typography-font-family);--awb-caption-title-font-weight:var(--h2_typography-font-weight);--awb-caption-title-font-style:var(--h2_typography-font-style);--awb-caption-title-size:var(--h2_typography-font-size);--awb-caption-title-transform:var(--h2_typography-text-transform);--awb-caption-title-line-height:var(--h2_typography-line-height);--awb-caption-title-letter-spacing:var(--h2_typography-letter-spacing);\"><span class=\" fusion-imageframe imageframe-none imageframe-2 hover-type-none\"><img decoding=\"async\" width=\"800\" height=\"711\" title=\"bonded-02\" src=\"https:\/\/www.unitedabrasives.com\/wp-content\/uploads\/2018\/06\/bonded-02.jpg\" alt class=\"img-responsive wp-image-63205\" srcset=\"https:\/\/www.unitedabrasives.com\/wp-content\/uploads\/2018\/06\/bonded-02-300x267.jpg 300w, https:\/\/www.unitedabrasives.com\/wp-content\/uploads\/2018\/06\/bonded-02-768x683.jpg 768w, https:\/\/www.unitedabrasives.com\/wp-content\/uploads\/2018\/06\/bonded-02.jpg 800w\" sizes=\"(max-width: 800px) 100vw, 800px\" \/><\/span><\/div><div class=\"fusion-text fusion-text-2\" style=\"--awb-margin-top:50px;\"><h2>Occurrences courantes dans les applications de meulage et de tron\u00e7onnage<\/h2>\n<p>Lors du meulage et\/ou de la coupe d&rsquo;une meule, certaines situations peuvent survenir lors de l&rsquo;application, telles que le gla\u00e7age ou le chargement.<br \/>\nVoici une description de chacune de ces situations et quelques solutions possibles. <\/p>\n<\/div><\/div><\/div><div class=\"fusion-layout-column fusion_builder_column fusion-builder-column-3 fusion_builder_column_1_2 1_2 fusion-flex-column\" style=\"--awb-bg-size:cover;--awb-width-large:50%;--awb-margin-top-large:0px;--awb-spacing-right-large:3.84%;--awb-margin-bottom-large:20px;--awb-spacing-left-large:3.84%;--awb-width-medium:50%;--awb-order-medium:0;--awb-spacing-right-medium:3.84%;--awb-spacing-left-medium:3.84%;--awb-width-small:100%;--awb-order-small:0;--awb-margin-top-small:22px;--awb-spacing-right-small:1.92%;--awb-spacing-left-small:1.92%;\"><div class=\"fusion-column-wrapper fusion-column-has-shadow fusion-flex-justify-content-flex-start fusion-content-layout-column\"><div class=\"fusion-image-element \" style=\"--awb-caption-title-font-family:var(--h2_typography-font-family);--awb-caption-title-font-weight:var(--h2_typography-font-weight);--awb-caption-title-font-style:var(--h2_typography-font-style);--awb-caption-title-size:var(--h2_typography-font-size);--awb-caption-title-transform:var(--h2_typography-text-transform);--awb-caption-title-line-height:var(--h2_typography-line-height);--awb-caption-title-letter-spacing:var(--h2_typography-letter-spacing);\"><span class=\" fusion-imageframe imageframe-none imageframe-3 hover-type-none\"><img decoding=\"async\" width=\"771\" height=\"550\" title=\"bonded-glazing\" src=\"https:\/\/www.unitedabrasives.com\/wp-content\/uploads\/2018\/06\/bonded-glazing.jpg\" alt class=\"img-responsive wp-image-63207\" srcset=\"https:\/\/www.unitedabrasives.com\/wp-content\/uploads\/2018\/06\/bonded-glazing-300x214.jpg 300w, https:\/\/www.unitedabrasives.com\/wp-content\/uploads\/2018\/06\/bonded-glazing-768x548.jpg 768w, https:\/\/www.unitedabrasives.com\/wp-content\/uploads\/2018\/06\/bonded-glazing.jpg 771w\" sizes=\"(max-width: 771px) 100vw, 771px\" \/><\/span><\/div><div class=\"fusion-text fusion-text-3\"><h3>Solutions pour le vitrage<\/h3>\n<ul>\n<li>Habiller la roue pour une solution temporaire<\/li>\n<li>Utilisez un liant plus doux et\/ou une meule \u00e0 grain plus grossier.<\/li>\n<\/ul>\n<\/div><\/div><\/div><div class=\"fusion-layout-column fusion_builder_column fusion-builder-column-4 fusion_builder_column_1_2 1_2 fusion-flex-column\" style=\"--awb-bg-size:cover;--awb-width-large:50%;--awb-margin-top-large:0px;--awb-spacing-right-large:3.84%;--awb-margin-bottom-large:20px;--awb-spacing-left-large:3.84%;--awb-width-medium:50%;--awb-order-medium:0;--awb-spacing-right-medium:3.84%;--awb-spacing-left-medium:3.84%;--awb-width-small:100%;--awb-order-small:0;--awb-margin-top-small:32px;--awb-spacing-right-small:1.92%;--awb-spacing-left-small:1.92%;\"><div class=\"fusion-column-wrapper fusion-column-has-shadow fusion-flex-justify-content-flex-start fusion-content-layout-column\"><div class=\"fusion-image-element \" style=\"--awb-caption-title-font-family:var(--h2_typography-font-family);--awb-caption-title-font-weight:var(--h2_typography-font-weight);--awb-caption-title-font-style:var(--h2_typography-font-style);--awb-caption-title-size:var(--h2_typography-font-size);--awb-caption-title-transform:var(--h2_typography-text-transform);--awb-caption-title-line-height:var(--h2_typography-line-height);--awb-caption-title-letter-spacing:var(--h2_typography-letter-spacing);\"><span class=\" fusion-imageframe imageframe-none imageframe-4 hover-type-none\"><img decoding=\"async\" width=\"755\" height=\"550\" title=\"bonded-loading\" src=\"https:\/\/www.unitedabrasives.com\/wp-content\/uploads\/2018\/06\/bonded-loading.jpg\" alt class=\"img-responsive wp-image-63209\" srcset=\"https:\/\/www.unitedabrasives.com\/wp-content\/uploads\/2018\/06\/bonded-loading-300x219.jpg 300w, https:\/\/www.unitedabrasives.com\/wp-content\/uploads\/2018\/06\/bonded-loading.jpg 755w\" sizes=\"(max-width: 755px) 100vw, 755px\" \/><\/span><\/div><div class=\"fusion-text fusion-text-4\"><h3>Solutions au chargement<\/h3>\n<ul>\n<li>Habiller la roue pour une solution temporaire<\/li>\n<li>Utilisez la roue adapt\u00e9e \u00e0 l&rsquo;application<\/li>\n<\/ul>\n<\/div><\/div><\/div><\/div><\/div>\n","protected":false},"excerpt":{"rendered":"<p>Un abrasif li\u00e9 \u00e0 la r\u00e9sine est un outil de meulage ou de coupe compos\u00e9 de grains abrasifs maintenus fermement ensemble par un agent de liaison et g\u00e9n\u00e9ralement renforc\u00e9s par un mat\u00e9riau tiss\u00e9.<\/p>\n","protected":false},"author":1,"featured_media":0,"parent":65934,"menu_order":0,"comment_status":"closed","ping_status":"closed","template":"100-width.php","meta":{"_acf_changed":false,"footnotes":""},"class_list":["post-65932","page","type-page","status-publish","hentry"],"acf":[],"yoast_head":"<!-- This site is optimized with the Yoast SEO plugin v27.4 - https:\/\/yoast.com\/product\/yoast-seo-wordpress\/ -->\n<title>Abrasifs agglom\u00e9r\u00e9s - United Abrasives<\/title>\n<meta name=\"robots\" content=\"index, follow, max-snippet:-1, max-image-preview:large, max-video-preview:-1\" \/>\n<link rel=\"canonical\" href=\"https:\/\/www.unitedabrasives.com\/fr\/ressources\/litterature-sur-les-produits-et-la-securite\/informations-techniques-sur-les-produits\/abrasifs-agglomeres\/\" \/>\n<meta property=\"og:locale\" content=\"fr_FR\" \/>\n<meta property=\"og:type\" content=\"article\" \/>\n<meta property=\"og:title\" content=\"Abrasifs agglom\u00e9r\u00e9s - United Abrasives\" \/>\n<meta property=\"og:description\" content=\"Un abrasif li\u00e9 \u00e0 la r\u00e9sine est un outil de meulage ou de coupe compos\u00e9 de grains abrasifs maintenus fermement ensemble par un agent de liaison et g\u00e9n\u00e9ralement renforc\u00e9s par un mat\u00e9riau tiss\u00e9.\" \/>\n<meta property=\"og:url\" content=\"https:\/\/www.unitedabrasives.com\/fr\/ressources\/litterature-sur-les-produits-et-la-securite\/informations-techniques-sur-les-produits\/abrasifs-agglomeres\/\" \/>\n<meta property=\"og:site_name\" content=\"United Abrasives\" \/>\n<meta property=\"article:modified_time\" content=\"2024-10-04T14:59:39+00:00\" \/>\n<meta name=\"twitter:card\" content=\"summary_large_image\" \/>\n<meta name=\"twitter:label1\" content=\"Dur\u00e9e de lecture estim\u00e9e\" \/>\n\t<meta name=\"twitter:data1\" content=\"12 minutes\" \/>\n<script type=\"application\/ld+json\" class=\"yoast-schema-graph\">{\"@context\":\"https:\\\/\\\/schema.org\",\"@graph\":[{\"@type\":\"WebPage\",\"@id\":\"https:\\\/\\\/www.unitedabrasives.com\\\/fr\\\/ressources\\\/litterature-sur-les-produits-et-la-securite\\\/informations-techniques-sur-les-produits\\\/abrasifs-agglomeres\\\/\",\"url\":\"https:\\\/\\\/www.unitedabrasives.com\\\/fr\\\/ressources\\\/litterature-sur-les-produits-et-la-securite\\\/informations-techniques-sur-les-produits\\\/abrasifs-agglomeres\\\/\",\"name\":\"Abrasifs agglom\u00e9r\u00e9s - United Abrasives\",\"isPartOf\":{\"@id\":\"https:\\\/\\\/www.unitedabrasives.com\\\/fr\\\/#website\"},\"datePublished\":\"2018-06-19T14:53:23+00:00\",\"dateModified\":\"2024-10-04T14:59:39+00:00\",\"breadcrumb\":{\"@id\":\"https:\\\/\\\/www.unitedabrasives.com\\\/fr\\\/ressources\\\/litterature-sur-les-produits-et-la-securite\\\/informations-techniques-sur-les-produits\\\/abrasifs-agglomeres\\\/#breadcrumb\"},\"inLanguage\":\"fr-FR\",\"potentialAction\":[{\"@type\":\"ReadAction\",\"target\":[\"https:\\\/\\\/www.unitedabrasives.com\\\/fr\\\/ressources\\\/litterature-sur-les-produits-et-la-securite\\\/informations-techniques-sur-les-produits\\\/abrasifs-agglomeres\\\/\"]}]},{\"@type\":\"BreadcrumbList\",\"@id\":\"https:\\\/\\\/www.unitedabrasives.com\\\/fr\\\/ressources\\\/litterature-sur-les-produits-et-la-securite\\\/informations-techniques-sur-les-produits\\\/abrasifs-agglomeres\\\/#breadcrumb\",\"itemListElement\":[{\"@type\":\"ListItem\",\"position\":1,\"name\":\"Home\",\"item\":\"https:\\\/\\\/www.unitedabrasives.com\\\/fr\\\/accueil\\\/\"},{\"@type\":\"ListItem\",\"position\":2,\"name\":\"Ressources\",\"item\":\"https:\\\/\\\/www.unitedabrasives.com\\\/fr\\\/ressources\\\/\"},{\"@type\":\"ListItem\",\"position\":3,\"name\":\"Litt\u00e9rature sur les produits et la s\u00e9curit\u00e9\",\"item\":\"https:\\\/\\\/www.unitedabrasives.com\\\/fr\\\/?page_id=65899\"},{\"@type\":\"ListItem\",\"position\":4,\"name\":\"Informations techniques sur les produits\",\"item\":\"https:\\\/\\\/www.unitedabrasives.com\\\/fr\\\/?page_id=65934\"},{\"@type\":\"ListItem\",\"position\":5,\"name\":\"Abrasifs agglom\u00e9r\u00e9s\"}]},{\"@type\":\"WebSite\",\"@id\":\"https:\\\/\\\/www.unitedabrasives.com\\\/fr\\\/#website\",\"url\":\"https:\\\/\\\/www.unitedabrasives.com\\\/fr\\\/\",\"name\":\"United Abrasives\",\"description\":\"\",\"potentialAction\":[{\"@type\":\"SearchAction\",\"target\":{\"@type\":\"EntryPoint\",\"urlTemplate\":\"https:\\\/\\\/www.unitedabrasives.com\\\/fr\\\/?s={search_term_string}\"},\"query-input\":{\"@type\":\"PropertyValueSpecification\",\"valueRequired\":true,\"valueName\":\"search_term_string\"}}],\"inLanguage\":\"fr-FR\"}]}<\/script>\n<!-- \/ Yoast SEO plugin. -->","yoast_head_json":{"title":"Abrasifs agglom\u00e9r\u00e9s - United Abrasives","robots":{"index":"index","follow":"follow","max-snippet":"max-snippet:-1","max-image-preview":"max-image-preview:large","max-video-preview":"max-video-preview:-1"},"canonical":"https:\/\/www.unitedabrasives.com\/fr\/ressources\/litterature-sur-les-produits-et-la-securite\/informations-techniques-sur-les-produits\/abrasifs-agglomeres\/","og_locale":"fr_FR","og_type":"article","og_title":"Abrasifs agglom\u00e9r\u00e9s - United Abrasives","og_description":"Un abrasif li\u00e9 \u00e0 la r\u00e9sine est un outil de meulage ou de coupe compos\u00e9 de grains abrasifs maintenus fermement ensemble par un agent de liaison et g\u00e9n\u00e9ralement renforc\u00e9s par un mat\u00e9riau tiss\u00e9.","og_url":"https:\/\/www.unitedabrasives.com\/fr\/ressources\/litterature-sur-les-produits-et-la-securite\/informations-techniques-sur-les-produits\/abrasifs-agglomeres\/","og_site_name":"United Abrasives","article_modified_time":"2024-10-04T14:59:39+00:00","twitter_card":"summary_large_image","twitter_misc":{"Dur\u00e9e de lecture estim\u00e9e":"12 minutes"},"schema":{"@context":"https:\/\/schema.org","@graph":[{"@type":"WebPage","@id":"https:\/\/www.unitedabrasives.com\/fr\/ressources\/litterature-sur-les-produits-et-la-securite\/informations-techniques-sur-les-produits\/abrasifs-agglomeres\/","url":"https:\/\/www.unitedabrasives.com\/fr\/ressources\/litterature-sur-les-produits-et-la-securite\/informations-techniques-sur-les-produits\/abrasifs-agglomeres\/","name":"Abrasifs agglom\u00e9r\u00e9s - United Abrasives","isPartOf":{"@id":"https:\/\/www.unitedabrasives.com\/fr\/#website"},"datePublished":"2018-06-19T14:53:23+00:00","dateModified":"2024-10-04T14:59:39+00:00","breadcrumb":{"@id":"https:\/\/www.unitedabrasives.com\/fr\/ressources\/litterature-sur-les-produits-et-la-securite\/informations-techniques-sur-les-produits\/abrasifs-agglomeres\/#breadcrumb"},"inLanguage":"fr-FR","potentialAction":[{"@type":"ReadAction","target":["https:\/\/www.unitedabrasives.com\/fr\/ressources\/litterature-sur-les-produits-et-la-securite\/informations-techniques-sur-les-produits\/abrasifs-agglomeres\/"]}]},{"@type":"BreadcrumbList","@id":"https:\/\/www.unitedabrasives.com\/fr\/ressources\/litterature-sur-les-produits-et-la-securite\/informations-techniques-sur-les-produits\/abrasifs-agglomeres\/#breadcrumb","itemListElement":[{"@type":"ListItem","position":1,"name":"Home","item":"https:\/\/www.unitedabrasives.com\/fr\/accueil\/"},{"@type":"ListItem","position":2,"name":"Ressources","item":"https:\/\/www.unitedabrasives.com\/fr\/ressources\/"},{"@type":"ListItem","position":3,"name":"Litt\u00e9rature sur les produits et la s\u00e9curit\u00e9","item":"https:\/\/www.unitedabrasives.com\/fr\/?page_id=65899"},{"@type":"ListItem","position":4,"name":"Informations techniques sur les produits","item":"https:\/\/www.unitedabrasives.com\/fr\/?page_id=65934"},{"@type":"ListItem","position":5,"name":"Abrasifs agglom\u00e9r\u00e9s"}]},{"@type":"WebSite","@id":"https:\/\/www.unitedabrasives.com\/fr\/#website","url":"https:\/\/www.unitedabrasives.com\/fr\/","name":"United Abrasives","description":"","potentialAction":[{"@type":"SearchAction","target":{"@type":"EntryPoint","urlTemplate":"https:\/\/www.unitedabrasives.com\/fr\/?s={search_term_string}"},"query-input":{"@type":"PropertyValueSpecification","valueRequired":true,"valueName":"search_term_string"}}],"inLanguage":"fr-FR"}]}},"_links":{"self":[{"href":"https:\/\/www.unitedabrasives.com\/fr\/wp-json\/wp\/v2\/pages\/65932","targetHints":{"allow":["GET"]}}],"collection":[{"href":"https:\/\/www.unitedabrasives.com\/fr\/wp-json\/wp\/v2\/pages"}],"about":[{"href":"https:\/\/www.unitedabrasives.com\/fr\/wp-json\/wp\/v2\/types\/page"}],"author":[{"embeddable":true,"href":"https:\/\/www.unitedabrasives.com\/fr\/wp-json\/wp\/v2\/users\/1"}],"replies":[{"embeddable":true,"href":"https:\/\/www.unitedabrasives.com\/fr\/wp-json\/wp\/v2\/comments?post=65932"}],"version-history":[{"count":0,"href":"https:\/\/www.unitedabrasives.com\/fr\/wp-json\/wp\/v2\/pages\/65932\/revisions"}],"up":[{"embeddable":true,"href":"https:\/\/www.unitedabrasives.com\/fr\/wp-json\/wp\/v2\/pages\/65934"}],"wp:attachment":[{"href":"https:\/\/www.unitedabrasives.com\/fr\/wp-json\/wp\/v2\/media?parent=65932"}],"curies":[{"name":"wp","href":"https:\/\/api.w.org\/{rel}","templated":true}]}}