{"id":65938,"date":"2018-06-20T18:09:01","date_gmt":"2018-06-20T18:09:01","guid":{"rendered":"https:\/\/www.unitedabrasives.com\/ressources\/litterature-sur-les-produits-et-la-securite\/informations-techniques-sur-les-produits\/abrasifs-revetus\/"},"modified":"2024-10-04T14:59:47","modified_gmt":"2024-10-04T14:59:47","slug":"abrasifs-revetus","status":"publish","type":"page","link":"https:\/\/www.unitedabrasives.com\/fr\/ressources\/litterature-sur-les-produits-et-la-securite\/informations-techniques-sur-les-produits\/abrasifs-revetus\/","title":{"rendered":"Abrasifs rev\u00eatus"},"content":{"rendered":"<div class=\"fusion-fullwidth fullwidth-box fusion-builder-row-1 fusion-flex-container nonhundred-percent-fullwidth non-hundred-percent-height-scrolling\" style=\"--awb-border-radius-top-left:0px;--awb-border-radius-top-right:0px;--awb-border-radius-bottom-right:0px;--awb-border-radius-bottom-left:0px;--awb-flex-wrap:wrap;\" ><div class=\"fusion-builder-row fusion-row fusion-flex-align-items-flex-start fusion-flex-content-wrap\" style=\"max-width:1352px;margin-left: calc(-4% \/ 2 );margin-right: calc(-4% \/ 2 );\"><div class=\"fusion-layout-column fusion_builder_column fusion-builder-column-0 fusion_builder_column_1_1 1_1 fusion-flex-column\" style=\"--awb-bg-size:cover;--awb-width-large:100%;--awb-margin-top-large:0px;--awb-spacing-right-large:1.92%;--awb-margin-bottom-large:20px;--awb-spacing-left-large:1.92%;--awb-width-medium:100%;--awb-order-medium:0;--awb-spacing-right-medium:1.92%;--awb-spacing-left-medium:1.92%;--awb-width-small:100%;--awb-order-small:0;--awb-spacing-right-small:1.92%;--awb-spacing-left-small:1.92%;\"><div class=\"fusion-column-wrapper fusion-column-has-shadow fusion-flex-justify-content-flex-start fusion-content-layout-column\"><div class=\"fusion-text fusion-text-1\"><h2>Qu&rsquo;est-ce qu&rsquo;un abrasif rev\u00eatu ?<\/h2>\n<p>Un abrasif appliqu\u00e9 est un produit constitu\u00e9 d&rsquo;une fine couche de grains abrasifs fix\u00e9e sur un support tel que le papier, le tissu, etc.<br \/>\nLes abrasifs appliqu\u00e9s se pr\u00e9sentent sous diverses formes : feuilles, disques, rouleaux, sp\u00e9cialit\u00e9s ou bandes. <\/p>\n<\/div><\/div><\/div><div class=\"fusion-layout-column fusion_builder_column fusion-builder-column-1 fusion_builder_column_1_2 1_2 fusion-flex-column\" style=\"--awb-bg-size:cover;--awb-width-large:50%;--awb-margin-top-large:0px;--awb-spacing-right-large:3.84%;--awb-margin-bottom-large:20px;--awb-spacing-left-large:3.84%;--awb-width-medium:50%;--awb-order-medium:0;--awb-spacing-right-medium:3.84%;--awb-spacing-left-medium:3.84%;--awb-width-small:100%;--awb-order-small:0;--awb-spacing-right-small:1.92%;--awb-spacing-left-small:1.92%;\"><div class=\"fusion-column-wrapper fusion-column-has-shadow fusion-flex-justify-content-flex-start fusion-content-layout-column\"><div class=\"fusion-text fusion-text-2\"><h2>Composants des abrasifs rev\u00eatus<\/h2>\n<h3>Grains abrasifs<\/h3>\n<p>Les abrasifs appliqu\u00e9s sont fabriqu\u00e9s \u00e0 partir de grains abrasifs ; les plus courants sont l&rsquo;oxyde d&rsquo;aluminium, le zirconium, la c\u00e9ramique, le carbure de silicium et le grenat.<br \/>\nLes grains bruts sont broy\u00e9s et s\u00e9par\u00e9s en tailles, appel\u00e9es granulom\u00e9tries, \u00e0 l&rsquo;aide de tamis calibr\u00e9s.<br \/>\nLes grains vont de 12 (tr\u00e8s grossier) \u00e0 1200 (tr\u00e8s fin).<br \/>\nUne fois les grains s\u00e9par\u00e9s en tailles, ils sont fix\u00e9s \u00e0 un mat\u00e9riau de support \u00e0 l&rsquo;aide de diverses techniques de collage.<br \/>\nVous trouverez ci-dessous une description des grains abrasifs les plus courants :    <\/p>\n<p><strong>C\u00e9ramique :&nbsp;<\/strong><br \/> Mat\u00e9riau abrasif artificiel de haute performance.<br \/>\nLa structure de grain tr\u00e8s uniforme et de haute densit\u00e9 est extr\u00eamement durable et s&rsquo;auto-aff\u00fbte pour une dur\u00e9e de vie plus longue et une coupe plus froide.<br \/>\nExcellente pour les mat\u00e9riaux difficiles \u00e0 meuler.  <\/p>\n<p><strong>Oxyde d&rsquo;aluminium :&nbsp;<\/strong><br \/> Grain artificiel r\u00e9sistant, en forme de bloc, utilis\u00e9 pour le meulage et la finition \u00e0 grande vitesse des m\u00e9taux, du bois et d&rsquo;autres mat\u00e9riaux \u00e0 haute r\u00e9sistance \u00e0 la traction, sans fracturation ni \u00e9rosion excessives.<br \/>\nLorsque la capacit\u00e9 \u00e0 r\u00e9sister \u00e0 la fracturation est le principal crit\u00e8re, l&rsquo;oxyde d&rsquo;aluminium surpasse tous les autres grains abrasifs appliqu\u00e9s. <\/p>\n<p><strong>Zirconium :&nbsp;<\/strong><br \/> Un grain cristallin tr\u00e8s fin, dense, fabriqu\u00e9 par l&rsquo;homme, qui peut \u00eatre utilis\u00e9 pour un enl\u00e8vement de mati\u00e8re agressif.<br \/>\nLe zirconium est un mat\u00e9riau tr\u00e8s dense dot\u00e9 d&rsquo;une caract\u00e9ristique unique d&rsquo;auto-aff\u00fbtage qui lui conf\u00e8re une longue dur\u00e9e de vie pour les op\u00e9rations d&rsquo;enl\u00e8vement de mati\u00e8re lourdes. <\/p>\n<p><strong>Carbure de silicium :&nbsp;<\/strong><br \/> Abrasif artificiel tr\u00e8s dur et tr\u00e8s tranchant, adapt\u00e9 aux mat\u00e9riaux non ferreux et non m\u00e9talliques tels que le b\u00e9ton, le marbre et le verre.<br \/>\nTr\u00e8s friable, le carbure de silicium coupe plus rapidement sous une l\u00e9g\u00e8re pression que tout autre grain utilis\u00e9 dans les abrasifs appliqu\u00e9s. <\/p>\n<p><strong>Grenat :&nbsp;<\/strong><br \/> Le grenat est compos\u00e9 d&rsquo;oxyde d&rsquo;aluminium naturel qui est une structure relativement tranchante, mais dont la liaison est tr\u00e8s faible.<br \/>\nIl est tr\u00e8s irr\u00e9gulier par rapport aux mat\u00e9riaux synth\u00e9tiques.<br \/>\nIl est principalement utilis\u00e9 dans le travail du bois, car le grenat s&rsquo;\u00e9mousse trop rapidement pour \u00eatre utilis\u00e9 dans le travail du m\u00e9tal.  <\/p>\n<\/div><\/div><\/div><div class=\"fusion-layout-column fusion_builder_column fusion-builder-column-2 fusion_builder_column_1_2 1_2 fusion-flex-column\" style=\"--awb-bg-size:cover;--awb-width-large:50%;--awb-margin-top-large:0px;--awb-spacing-right-large:3.84%;--awb-margin-bottom-large:20px;--awb-spacing-left-large:3.84%;--awb-width-medium:50%;--awb-order-medium:0;--awb-spacing-right-medium:3.84%;--awb-spacing-left-medium:3.84%;--awb-width-small:100%;--awb-order-small:0;--awb-spacing-right-small:1.92%;--awb-spacing-left-small:1.92%;\"><div class=\"fusion-column-wrapper fusion-column-has-shadow fusion-flex-justify-content-flex-start fusion-content-layout-column\"><div class=\"fusion-text fusion-text-3\"><h2>Mat\u00e9riaux de support (substrats)<\/h2>\n<p>  Vous trouverez ci-dessous les quatre principaux types de mat\u00e9riaux de support :  <\/p>\n<h3>Papier<\/h3>\n<p>  Des papiers techniques sp\u00e9cialis\u00e9s sont utilis\u00e9s comme substrats pour les abrasifs appliqu\u00e9s.<br \/>\nIls sont identifi\u00e9s par des lettres repr\u00e9sentant le poids et la flexibilit\u00e9 : Les grammages \u00ab\u00a0A\u00a0\u00bb et \u00ab\u00a0B\u00a0\u00bb sont l\u00e9gers et tr\u00e8s souples.<br \/>\nLes grammages \u00ab\u00a0C\u00a0\u00bb, \u00ab\u00a0D\u00a0\u00bb, \u00ab\u00a0E\u00a0\u00bb, \u00ab\u00a0F\u00a0\u00bb sont des grammages moyens \u00e0 lourds, plus r\u00e9sistants et moins souples.    <\/p>\n<h3>Tissu<\/h3>\n<p>  Les supports en tissu sont plus durables que les supports en papier.<br \/>\nIl existe plusieurs types de supports en tissu : le coton (\u00e9gyptien), le polyester et les m\u00e9langes polyester-coton.<br \/>\nLes supports en tissu se distinguent par leur poids et leur souplesse : Le grammage \u00ab\u00a0F\u00a0\u00bb (J-Flex) est l\u00e9ger et tr\u00e8s souple.<br \/>\nCe grammage plus l\u00e9ger convient au nettoyage, \u00e0 la finition et au polissage.<br \/>\nLe poids \u00ab\u00a0J\u00a0\u00bb (Jeans) est tr\u00e8s flexible et convient au nettoyage, \u00e0 la finition et au polissage des surfaces de contour.<br \/>\nLe poids \u00ab\u00a0X\u00a0\u00bb (Drills) est un poids moyen \u00e0 lourd pour plus de r\u00e9sistance et de durabilit\u00e9.<br \/>\nIl est peu flexible et convient au pon\u00e7age, \u00e0 l&rsquo;\u00e9bavurage et \u00e0 la finition.<br \/>\nLe poids \u00ab\u00a0H\u00a0\u00bb (Heavy Duty) est plus lourd que le poids \u00ab\u00a0X\u00a0\u00bb.<br \/>\nIl est peu flexible et convient aux applications de meulage et d&rsquo;\u00e9bavurage.<br \/>\nExcellente stabilit\u00e9 des bords.           <\/p>\n<h3>Fibre<\/h3>\n<p>  Le support fibre est un mat\u00e9riau vulcanis\u00e9 r\u00e9sistant fabriqu\u00e9 \u00e0 partir de chiffons.<br \/>\nCe support est g\u00e9n\u00e9ralement utilis\u00e9 pour les disques en fibre abrasive.   <\/p>\n<h3>Combinaison<\/h3>\n<p>  Le support combin\u00e9 est constitu\u00e9 de papier et de tissu stratifi\u00e9s ; il est tr\u00e8s robuste et r\u00e9sistant aux chocs.<br \/>\nLes supports combin\u00e9s sont g\u00e9n\u00e9ralement utilis\u00e9s pour une large gamme de grains et de techniques de montage.   <\/p>\n<h3>Autres mat\u00e9riaux de support<\/h3>\n<p>  Il existe \u00e9galement une vari\u00e9t\u00e9 d&rsquo;autres substrats tels que la fibre de nylon ou les \u00e9crans qui peuvent \u00eatre enduits pour des applications sp\u00e9ciales.<br \/>\nLe nylon non tiss\u00e9 impr\u00e9gn\u00e9 de grains abrasifs est un autre substrat qui peut \u00eatre utilis\u00e9 pour le nettoyage, le polissage ou le m\u00e9lange.<\/p>\n<\/div><\/div><\/div><div class=\"fusion-layout-column fusion_builder_column fusion-builder-column-3 fusion_builder_column_1_1 1_1 fusion-flex-column\" style=\"--awb-bg-size:cover;--awb-width-large:100%;--awb-margin-top-large:0px;--awb-spacing-right-large:1.92%;--awb-margin-bottom-large:20px;--awb-spacing-left-large:1.92%;--awb-width-medium:100%;--awb-order-medium:0;--awb-spacing-right-medium:1.92%;--awb-spacing-left-medium:1.92%;--awb-width-small:100%;--awb-order-small:0;--awb-spacing-right-small:1.92%;--awb-spacing-left-small:1.92%;\"><div class=\"fusion-column-wrapper fusion-column-has-shadow fusion-flex-justify-content-flex-start fusion-content-layout-column\"><div class=\"fusion-text fusion-text-4\"><h2>Stockage et manipulation<\/h2>\n<p>Un stockage incorrect des abrasifs appliqu\u00e9s affecte consid\u00e9rablement leur performance.<br \/>\nTous les types de supports sont sensibles aux variations de temp\u00e9rature et d&rsquo;humidit\u00e9 pendant le stockage : <\/p>\n<ul>\n<li>Maintenez l&rsquo;entrep\u00f4t \u00e0 des niveaux d&rsquo;humidit\u00e9 (35-50%) et de temp\u00e9rature (60-80\u00b0 F) constants.<\/li>\n<li>Tenez les cartons \u00e0 l&rsquo;\u00e9cart des murs et des sols humides ou froids, o\u00f9 ils risquent d&rsquo;absorber l&rsquo;humidit\u00e9.<\/li>\n<li>Conservez les abrasifs enduits \u00e0 l&rsquo;\u00e9cart de toute source de chaleur<\/li>\n<li>Conservez les produits dans leur emballage d&rsquo;origine pour faciliter leur manipulation et leur empilage.<\/li>\n<li>Les roues \u00e0 lamelles retir\u00e9es de leur emballage d&rsquo;origine doivent \u00eatre \u00e9tal\u00e9es sur une \u00e9tag\u00e8re propre, toujours plac\u00e9es face vers le bas et ne reposant jamais sur les bords.<\/li>\n<li>Les disques en fibre retir\u00e9s de leur emballage d&rsquo;origine doivent \u00eatre stock\u00e9s dans un porte-disque appropri\u00e9 et maintenus sous pression.<\/li>\n<li>Stockez les rouleaux en vrac \u00e0 plat sur des \u00e9tag\u00e8res ou des palettes, et non sur les bords.<\/li>\n<li>Les courroies retir\u00e9es de leur emballage doivent \u00eatre enroul\u00e9es et pos\u00e9es sur une \u00e9tag\u00e8re propre.<br \/>\nElles peuvent \u00eatre drap\u00e9es sur un grand cylindre, mais ne les suspendez jamais \u00e0 un clou ou \u00e0 une cheville (le support se froisserait et la couche abrasive se fissurerait). <\/li>\n<li>Pr\u00e9conditionner les produits abrasifs appliqu\u00e9s dans un environnement \u00e0 humidit\u00e9 et temp\u00e9rature contr\u00f4l\u00e9es avant leur utilisation pour une efficacit\u00e9 maximale.<\/li>\n<\/ul>\n<\/div><div class=\"fusion-image-element \" style=\"--awb-caption-title-font-family:var(--h2_typography-font-family);--awb-caption-title-font-weight:var(--h2_typography-font-weight);--awb-caption-title-font-style:var(--h2_typography-font-style);--awb-caption-title-size:var(--h2_typography-font-size);--awb-caption-title-transform:var(--h2_typography-text-transform);--awb-caption-title-line-height:var(--h2_typography-line-height);--awb-caption-title-letter-spacing:var(--h2_typography-letter-spacing);\"><span class=\" fusion-imageframe imageframe-none imageframe-1 hover-type-none\"><img decoding=\"async\" width=\"1200\" height=\"617\" title=\"coated-01\" src=\"https:\/\/www.unitedabrasives.com\/wp-content\/uploads\/2018\/06\/coated-01.jpg\" alt class=\"img-responsive wp-image-63225\" srcset=\"https:\/\/www.unitedabrasives.com\/wp-content\/uploads\/2018\/06\/coated-01-300x154.jpg 300w, https:\/\/www.unitedabrasives.com\/wp-content\/uploads\/2018\/06\/coated-01-768x395.jpg 768w, https:\/\/www.unitedabrasives.com\/wp-content\/uploads\/2018\/06\/coated-01-1024x527.jpg 1024w, https:\/\/www.unitedabrasives.com\/wp-content\/uploads\/2018\/06\/coated-01.jpg 1200w\" sizes=\"(max-width: 1200px) 100vw, 1200px\" \/><\/span><\/div><\/div><\/div><\/div><\/div>\n","protected":false},"excerpt":{"rendered":"<p>Un abrasif appliqu\u00e9 est un produit constitu\u00e9 d&rsquo;une fine couche de grains abrasifs fix\u00e9e sur un support tel que le papier, le tissu, etc.<br \/>\nLes abrasifs appliqu\u00e9s se pr\u00e9sentent sous diverses formes : feuilles, disques, rouleaux, sp\u00e9cialit\u00e9s ou bandes. <\/p>\n","protected":false},"author":1,"featured_media":0,"parent":65934,"menu_order":0,"comment_status":"closed","ping_status":"closed","template":"100-width.php","meta":{"_acf_changed":false,"footnotes":""},"class_list":["post-65938","page","type-page","status-publish","hentry"],"acf":[],"yoast_head":"<!-- This site is optimized with the Yoast SEO plugin v27.1.1 - https:\/\/yoast.com\/product\/yoast-seo-wordpress\/ -->\n<title>Abrasifs rev\u00eatus - United Abrasives<\/title>\n<meta name=\"robots\" content=\"index, follow, max-snippet:-1, max-image-preview:large, max-video-preview:-1\" \/>\n<link rel=\"canonical\" href=\"https:\/\/www.unitedabrasives.com\/fr\/ressources\/litterature-sur-les-produits-et-la-securite\/informations-techniques-sur-les-produits\/abrasifs-revetus\/\" \/>\n<meta property=\"og:locale\" content=\"fr_FR\" \/>\n<meta property=\"og:type\" content=\"article\" \/>\n<meta property=\"og:title\" content=\"Abrasifs rev\u00eatus - United Abrasives\" \/>\n<meta property=\"og:description\" content=\"Un abrasif appliqu\u00e9 est un produit constitu\u00e9 d&#039;une fine couche de grains abrasifs fix\u00e9e sur un support tel que le papier, le tissu, etc. Les abrasifs appliqu\u00e9s se pr\u00e9sentent sous diverses formes : feuilles, disques, rouleaux, sp\u00e9cialit\u00e9s ou bandes.\" \/>\n<meta property=\"og:url\" content=\"https:\/\/www.unitedabrasives.com\/fr\/ressources\/litterature-sur-les-produits-et-la-securite\/informations-techniques-sur-les-produits\/abrasifs-revetus\/\" \/>\n<meta property=\"og:site_name\" content=\"United Abrasives\" \/>\n<meta property=\"article:modified_time\" content=\"2024-10-04T14:59:47+00:00\" \/>\n<meta name=\"twitter:card\" content=\"summary_large_image\" \/>\n<meta name=\"twitter:label1\" content=\"Dur\u00e9e de lecture estim\u00e9e\" \/>\n\t<meta name=\"twitter:data1\" content=\"12 minutes\" \/>\n<script type=\"application\/ld+json\" class=\"yoast-schema-graph\">{\"@context\":\"https:\/\/schema.org\",\"@graph\":[{\"@type\":\"WebPage\",\"@id\":\"https:\/\/www.unitedabrasives.com\/fr\/ressources\/litterature-sur-les-produits-et-la-securite\/informations-techniques-sur-les-produits\/abrasifs-revetus\/\",\"url\":\"https:\/\/www.unitedabrasives.com\/fr\/ressources\/litterature-sur-les-produits-et-la-securite\/informations-techniques-sur-les-produits\/abrasifs-revetus\/\",\"name\":\"Abrasifs rev\u00eatus - United Abrasives\",\"isPartOf\":{\"@id\":\"https:\/\/www.unitedabrasives.com\/fr\/#website\"},\"datePublished\":\"2018-06-20T18:09:01+00:00\",\"dateModified\":\"2024-10-04T14:59:47+00:00\",\"breadcrumb\":{\"@id\":\"https:\/\/www.unitedabrasives.com\/fr\/ressources\/litterature-sur-les-produits-et-la-securite\/informations-techniques-sur-les-produits\/abrasifs-revetus\/#breadcrumb\"},\"inLanguage\":\"fr-FR\",\"potentialAction\":[{\"@type\":\"ReadAction\",\"target\":[\"https:\/\/www.unitedabrasives.com\/fr\/ressources\/litterature-sur-les-produits-et-la-securite\/informations-techniques-sur-les-produits\/abrasifs-revetus\/\"]}]},{\"@type\":\"BreadcrumbList\",\"@id\":\"https:\/\/www.unitedabrasives.com\/fr\/ressources\/litterature-sur-les-produits-et-la-securite\/informations-techniques-sur-les-produits\/abrasifs-revetus\/#breadcrumb\",\"itemListElement\":[{\"@type\":\"ListItem\",\"position\":1,\"name\":\"Home\",\"item\":\"https:\/\/www.unitedabrasives.com\/fr\/accueil\/\"},{\"@type\":\"ListItem\",\"position\":2,\"name\":\"Ressources\",\"item\":\"https:\/\/www.unitedabrasives.com\/fr\/ressources\/\"},{\"@type\":\"ListItem\",\"position\":3,\"name\":\"Litt\u00e9rature sur les produits et la s\u00e9curit\u00e9\",\"item\":\"https:\/\/www.unitedabrasives.com\/fr\/?page_id=65899\"},{\"@type\":\"ListItem\",\"position\":4,\"name\":\"Informations techniques sur les produits\",\"item\":\"https:\/\/www.unitedabrasives.com\/fr\/?page_id=65934\"},{\"@type\":\"ListItem\",\"position\":5,\"name\":\"Abrasifs rev\u00eatus\"}]},{\"@type\":\"WebSite\",\"@id\":\"https:\/\/www.unitedabrasives.com\/fr\/#website\",\"url\":\"https:\/\/www.unitedabrasives.com\/fr\/\",\"name\":\"United Abrasives\",\"description\":\"\",\"potentialAction\":[{\"@type\":\"SearchAction\",\"target\":{\"@type\":\"EntryPoint\",\"urlTemplate\":\"https:\/\/www.unitedabrasives.com\/fr\/?s={search_term_string}\"},\"query-input\":{\"@type\":\"PropertyValueSpecification\",\"valueRequired\":true,\"valueName\":\"search_term_string\"}}],\"inLanguage\":\"fr-FR\"}]}<\/script>\n<!-- \/ Yoast SEO plugin. -->","yoast_head_json":{"title":"Abrasifs rev\u00eatus - United Abrasives","robots":{"index":"index","follow":"follow","max-snippet":"max-snippet:-1","max-image-preview":"max-image-preview:large","max-video-preview":"max-video-preview:-1"},"canonical":"https:\/\/www.unitedabrasives.com\/fr\/ressources\/litterature-sur-les-produits-et-la-securite\/informations-techniques-sur-les-produits\/abrasifs-revetus\/","og_locale":"fr_FR","og_type":"article","og_title":"Abrasifs rev\u00eatus - United Abrasives","og_description":"Un abrasif appliqu\u00e9 est un produit constitu\u00e9 d'une fine couche de grains abrasifs fix\u00e9e sur un support tel que le papier, le tissu, etc. Les abrasifs appliqu\u00e9s se pr\u00e9sentent sous diverses formes : feuilles, disques, rouleaux, sp\u00e9cialit\u00e9s ou bandes.","og_url":"https:\/\/www.unitedabrasives.com\/fr\/ressources\/litterature-sur-les-produits-et-la-securite\/informations-techniques-sur-les-produits\/abrasifs-revetus\/","og_site_name":"United Abrasives","article_modified_time":"2024-10-04T14:59:47+00:00","twitter_card":"summary_large_image","twitter_misc":{"Dur\u00e9e de lecture estim\u00e9e":"12 minutes"},"schema":{"@context":"https:\/\/schema.org","@graph":[{"@type":"WebPage","@id":"https:\/\/www.unitedabrasives.com\/fr\/ressources\/litterature-sur-les-produits-et-la-securite\/informations-techniques-sur-les-produits\/abrasifs-revetus\/","url":"https:\/\/www.unitedabrasives.com\/fr\/ressources\/litterature-sur-les-produits-et-la-securite\/informations-techniques-sur-les-produits\/abrasifs-revetus\/","name":"Abrasifs rev\u00eatus - United Abrasives","isPartOf":{"@id":"https:\/\/www.unitedabrasives.com\/fr\/#website"},"datePublished":"2018-06-20T18:09:01+00:00","dateModified":"2024-10-04T14:59:47+00:00","breadcrumb":{"@id":"https:\/\/www.unitedabrasives.com\/fr\/ressources\/litterature-sur-les-produits-et-la-securite\/informations-techniques-sur-les-produits\/abrasifs-revetus\/#breadcrumb"},"inLanguage":"fr-FR","potentialAction":[{"@type":"ReadAction","target":["https:\/\/www.unitedabrasives.com\/fr\/ressources\/litterature-sur-les-produits-et-la-securite\/informations-techniques-sur-les-produits\/abrasifs-revetus\/"]}]},{"@type":"BreadcrumbList","@id":"https:\/\/www.unitedabrasives.com\/fr\/ressources\/litterature-sur-les-produits-et-la-securite\/informations-techniques-sur-les-produits\/abrasifs-revetus\/#breadcrumb","itemListElement":[{"@type":"ListItem","position":1,"name":"Home","item":"https:\/\/www.unitedabrasives.com\/fr\/accueil\/"},{"@type":"ListItem","position":2,"name":"Ressources","item":"https:\/\/www.unitedabrasives.com\/fr\/ressources\/"},{"@type":"ListItem","position":3,"name":"Litt\u00e9rature sur les produits et la s\u00e9curit\u00e9","item":"https:\/\/www.unitedabrasives.com\/fr\/?page_id=65899"},{"@type":"ListItem","position":4,"name":"Informations techniques sur les produits","item":"https:\/\/www.unitedabrasives.com\/fr\/?page_id=65934"},{"@type":"ListItem","position":5,"name":"Abrasifs rev\u00eatus"}]},{"@type":"WebSite","@id":"https:\/\/www.unitedabrasives.com\/fr\/#website","url":"https:\/\/www.unitedabrasives.com\/fr\/","name":"United Abrasives","description":"","potentialAction":[{"@type":"SearchAction","target":{"@type":"EntryPoint","urlTemplate":"https:\/\/www.unitedabrasives.com\/fr\/?s={search_term_string}"},"query-input":{"@type":"PropertyValueSpecification","valueRequired":true,"valueName":"search_term_string"}}],"inLanguage":"fr-FR"}]}},"_links":{"self":[{"href":"https:\/\/www.unitedabrasives.com\/fr\/wp-json\/wp\/v2\/pages\/65938","targetHints":{"allow":["GET"]}}],"collection":[{"href":"https:\/\/www.unitedabrasives.com\/fr\/wp-json\/wp\/v2\/pages"}],"about":[{"href":"https:\/\/www.unitedabrasives.com\/fr\/wp-json\/wp\/v2\/types\/page"}],"author":[{"embeddable":true,"href":"https:\/\/www.unitedabrasives.com\/fr\/wp-json\/wp\/v2\/users\/1"}],"replies":[{"embeddable":true,"href":"https:\/\/www.unitedabrasives.com\/fr\/wp-json\/wp\/v2\/comments?post=65938"}],"version-history":[{"count":0,"href":"https:\/\/www.unitedabrasives.com\/fr\/wp-json\/wp\/v2\/pages\/65938\/revisions"}],"up":[{"embeddable":true,"href":"https:\/\/www.unitedabrasives.com\/fr\/wp-json\/wp\/v2\/pages\/65934"}],"wp:attachment":[{"href":"https:\/\/www.unitedabrasives.com\/fr\/wp-json\/wp\/v2\/media?parent=65938"}],"curies":[{"name":"wp","href":"https:\/\/api.w.org\/{rel}","templated":true}]}}