{"id":65942,"date":"2018-06-20T18:38:11","date_gmt":"2018-06-20T18:38:11","guid":{"rendered":"https:\/\/www.unitedabrasives.com\/ressources\/litterature-sur-les-produits-et-la-securite\/informations-techniques-sur-les-produits\/disques-a-lamelles\/"},"modified":"2024-10-04T15:00:06","modified_gmt":"2024-10-04T15:00:06","slug":"disques-a-lamelles","status":"publish","type":"page","link":"https:\/\/www.unitedabrasives.com\/fr\/ressources\/litterature-sur-les-produits-et-la-securite\/informations-techniques-sur-les-produits\/disques-a-lamelles\/","title":{"rendered":"Disques \u00e0 lamelles"},"content":{"rendered":"<div class=\"fusion-fullwidth fullwidth-box fusion-builder-row-1 fusion-flex-container nonhundred-percent-fullwidth non-hundred-percent-height-scrolling\" style=\"--awb-border-radius-top-left:0px;--awb-border-radius-top-right:0px;--awb-border-radius-bottom-right:0px;--awb-border-radius-bottom-left:0px;--awb-flex-wrap:wrap;\" ><div class=\"fusion-builder-row fusion-row fusion-flex-align-items-flex-start fusion-flex-content-wrap\" style=\"max-width:1352px;margin-left: calc(-4% \/ 2 );margin-right: calc(-4% \/ 2 );\"><div class=\"fusion-layout-column fusion_builder_column fusion-builder-column-0 fusion_builder_column_1_1 1_1 fusion-flex-column\" style=\"--awb-bg-size:cover;--awb-width-large:100%;--awb-margin-top-large:0px;--awb-spacing-right-large:1.92%;--awb-margin-bottom-large:0px;--awb-spacing-left-large:1.92%;--awb-width-medium:100%;--awb-spacing-right-medium:1.92%;--awb-spacing-left-medium:1.92%;--awb-width-small:100%;--awb-spacing-right-small:1.92%;--awb-spacing-left-small:1.92%;\"><div class=\"fusion-column-wrapper fusion-flex-justify-content-flex-start fusion-content-layout-column\"><div class=\"fusion-text fusion-text-1\"><h2>Qu&rsquo;est-ce qu&rsquo;un disque \u00e0 lamelles ?<\/h2>\n<ul>\n<li>Les disques \u00e0 lamelles sont construits en superposant des lamelles abrasives enduites, de sorte qu&rsquo;elles s&rsquo;usent et exposent de nouveaux grains tranchants.<\/li>\n<li>Les disques \u00e0 lamelles augmentent la productivit\u00e9 et r\u00e9duisent les co\u00fbts totaux de meulage et de finition gr\u00e2ce au meulage, au m\u00e9lange et \u00e0 la finition en une seule \u00e9tape.<\/li>\n<\/ul>\n<\/div><\/div><\/div><div class=\"fusion-layout-column fusion_builder_column fusion-builder-column-1 fusion_builder_column_1_2 1_2 fusion-flex-column\" style=\"--awb-bg-size:cover;--awb-width-large:50%;--awb-margin-top-large:0px;--awb-spacing-right-large:3.84%;--awb-margin-bottom-large:0px;--awb-spacing-left-large:3.84%;--awb-width-medium:50%;--awb-spacing-right-medium:3.84%;--awb-spacing-left-medium:3.84%;--awb-width-small:100%;--awb-spacing-right-small:1.92%;--awb-spacing-left-small:1.92%;\"><div class=\"fusion-column-wrapper fusion-flex-justify-content-flex-start fusion-content-layout-column\"><div class=\"fusion-text fusion-text-2\"><h3>Forme du support<\/h3>\n<p><strong><img decoding=\"async\" class=\"alignright wp-image-37059\" src=\"https:\/\/www.unitedabrasives.com\/wp-content\/uploads\/2018\/06\/flap-conical.jpg\" sizes=\"(max-width: 205px) 100vw, 205px\" srcset=\"https:\/\/www.unitedabrasives.com\/wp-content\/uploads\/2018\/06\/flap-conical.jpg 353w, https:\/\/www.unitedabrasives.com\/wp-content\/uploads\/2018\/06\/flap-conical-300x71.jpg 300w\" alt=\"\" width=\"205\" height=\"48\">\u00c9l\u00e9ments de forme conique (type 29) :<\/strong><\/p>\n<ul>\n<li>Angle int\u00e9gr\u00e9 pour augmenter la surface de contact<\/li>\n<li>Id\u00e9al pour les surfaces profil\u00e9es et les travaux sur les bords.<\/li>\n<li>Minimise le gougeage de la pi\u00e8ce<\/li>\n<li>Enl\u00e8vement plus agressif de la mati\u00e8re gr\u00e2ce \u00e0 un angle plus \u00e9lev\u00e9<\/li>\n<li>Angle de travail 15\u00b0-25<\/li>\n<\/ul>\n<p><strong><img decoding=\"async\" class=\"alignright wp-image-37060\" src=\"https:\/\/www.unitedabrasives.com\/wp-content\/uploads\/2018\/06\/flap-flat.jpg\" alt=\"\" width=\"202\" height=\"54\">Caract\u00e9ristiques de forme plate (type 27) :<\/strong><\/p>\n<ul>\n<li>Id\u00e9al pour les joints d&rsquo;onglet, les coins et les ar\u00eates<\/li>\n<li>Le meilleur choix pour la finition des surfaces complexes et orn\u00e9es<\/li>\n<li>Id\u00e9al pour une finition lisse<\/li>\n<li>Angle de travail de 0\u00b0 \u00e0 15<\/li>\n<\/ul>\n<h3>Type de support<\/h3>\n<p><strong>Caract\u00e9ristiques du support en fibre de verre :<\/strong><\/p>\n<ul>\n<li>Le support s&rsquo;use uniform\u00e9ment \u00e0 l&rsquo;aide d&rsquo;un chiffon abrasif<\/li>\n<li>N&rsquo;\u00e9clate pas et ne s&rsquo;\u00e9tale pas sur la pi\u00e8ce \u00e0 travailler<\/li>\n<li>Fonctionnement plus l\u00e9ger et plus silencieux<\/li>\n<\/ul>\n<p><strong>Caract\u00e9ristiques du support en plastique :<\/strong><\/p>\n<ul>\n<li>Support haute r\u00e9sistance, non rayable<\/li>\n<li>R\u00e9sistant aux temp\u00e9ratures extr\u00eames, aux produits chimiques courants et aux solvants<\/li>\n<li>Certains dos en plastique peuvent \u00eatre d\u00e9coup\u00e9s<\/li>\n<\/ul>\n<\/div><\/div><\/div><div class=\"fusion-layout-column fusion_builder_column fusion-builder-column-2 fusion_builder_column_1_2 1_2 fusion-flex-column\" style=\"--awb-bg-size:cover;--awb-width-large:50%;--awb-margin-top-large:0px;--awb-spacing-right-large:3.84%;--awb-margin-bottom-large:0px;--awb-spacing-left-large:3.84%;--awb-width-medium:50%;--awb-spacing-right-medium:3.84%;--awb-spacing-left-medium:3.84%;--awb-width-small:100%;--awb-spacing-right-small:1.92%;--awb-spacing-left-small:1.92%;\"><div class=\"fusion-column-wrapper fusion-flex-justify-content-flex-start fusion-content-layout-column\"><div class=\"fusion-text fusion-text-3\"><h3>Densit\u00e9s<\/h3>\n<p>Les disques \u00e0 lamelles haute densit\u00e9 contiennent environ 40 % de mati\u00e8re en plus que les disques \u00e0 lamelles de densit\u00e9 normale.<\/p>\n<ul>\n<\/ul>\n<\/div><div class=\"fusion-builder-row fusion-builder-row-inner fusion-row fusion-flex-align-items-flex-start fusion-flex-content-wrap\" style=\"--awb-flex-grow:0;--awb-flex-grow-medium:0;--awb-flex-grow-small:0;--awb-flex-shrink:0;--awb-flex-shrink-medium:0;--awb-flex-shrink-small:0;width:104% !important;max-width:104% !important;margin-left: calc(-4% \/ 2 );margin-right: calc(-4% \/ 2 );\"><div class=\"fusion-layout-column fusion_builder_column_inner fusion-builder-nested-column-0 fusion_builder_column_inner_1_2 1_2 fusion-flex-column\" style=\"--awb-bg-size:cover;--awb-width-large:50%;--awb-margin-top-large:0px;--awb-spacing-right-large:3.84%;--awb-margin-bottom-large:20px;--awb-spacing-left-large:3.84%;--awb-width-medium:50%;--awb-order-medium:0;--awb-spacing-right-medium:3.84%;--awb-spacing-left-medium:3.84%;--awb-width-small:100%;--awb-order-small:0;--awb-spacing-right-small:1.92%;--awb-spacing-left-small:1.92%;\"><div class=\"fusion-column-wrapper fusion-column-has-shadow fusion-flex-justify-content-flex-start fusion-content-layout-column\"><div class=\"fusion-image-element \" style=\"--awb-caption-title-font-family:var(--h2_typography-font-family);--awb-caption-title-font-weight:var(--h2_typography-font-weight);--awb-caption-title-font-style:var(--h2_typography-font-style);--awb-caption-title-size:var(--h2_typography-font-size);--awb-caption-title-transform:var(--h2_typography-text-transform);--awb-caption-title-line-height:var(--h2_typography-line-height);--awb-caption-title-letter-spacing:var(--h2_typography-letter-spacing);\"><span class=\" fusion-imageframe imageframe-none imageframe-1 hover-type-none\"><img decoding=\"async\" width=\"300\" height=\"105\" title=\"flap-regular\" src=\"https:\/\/www.unitedabrasives.com\/wp-content\/uploads\/2018\/06\/flap-regular-300x105.jpg\" alt class=\"img-responsive wp-image-63233\" srcset=\"https:\/\/www.unitedabrasives.com\/wp-content\/uploads\/2018\/06\/flap-regular-300x105.jpg 300w, https:\/\/www.unitedabrasives.com\/wp-content\/uploads\/2018\/06\/flap-regular.jpg 597w\" sizes=\"(max-width: 300px) 100vw, 300px\" \/><\/span><\/div><\/div><\/div><div class=\"fusion-layout-column fusion_builder_column_inner fusion-builder-nested-column-1 fusion_builder_column_inner_1_2 1_2 fusion-flex-column\" style=\"--awb-bg-size:cover;--awb-width-large:50%;--awb-margin-top-large:0px;--awb-spacing-right-large:3.84%;--awb-margin-bottom-large:20px;--awb-spacing-left-large:3.84%;--awb-width-medium:50%;--awb-order-medium:0;--awb-spacing-right-medium:3.84%;--awb-spacing-left-medium:3.84%;--awb-width-small:100%;--awb-order-small:0;--awb-spacing-right-small:1.92%;--awb-spacing-left-small:1.92%;\"><div class=\"fusion-column-wrapper fusion-column-has-shadow fusion-flex-justify-content-flex-start fusion-content-layout-column\"><div class=\"fusion-image-element \" style=\"--awb-caption-title-font-family:var(--h2_typography-font-family);--awb-caption-title-font-weight:var(--h2_typography-font-weight);--awb-caption-title-font-style:var(--h2_typography-font-style);--awb-caption-title-size:var(--h2_typography-font-size);--awb-caption-title-transform:var(--h2_typography-text-transform);--awb-caption-title-line-height:var(--h2_typography-line-height);--awb-caption-title-letter-spacing:var(--h2_typography-letter-spacing);\"><span class=\" fusion-imageframe imageframe-none imageframe-2 hover-type-none\"><img decoding=\"async\" width=\"300\" height=\"105\" title=\"flap-high\" src=\"https:\/\/www.unitedabrasives.com\/wp-content\/uploads\/2018\/06\/flap-high-300x105.jpg\" alt class=\"img-responsive wp-image-63231\" srcset=\"https:\/\/www.unitedabrasives.com\/wp-content\/uploads\/2018\/06\/flap-high-300x105.jpg 300w, https:\/\/www.unitedabrasives.com\/wp-content\/uploads\/2018\/06\/flap-high.jpg 597w\" sizes=\"(max-width: 300px) 100vw, 300px\" \/><\/span><\/div><\/div><\/div><\/div><div class=\"fusion-text fusion-text-4\"><h3><\/h3>\n<h3>Disques \u00e0 lamelles et meules abrasives<\/h3>\n<ul>\n<li>Enl\u00e8vement plus rapide de la mati\u00e8re et finition plus lisse<\/li>\n<li>Fonctionnement plus silencieux et r\u00e9duction des vibrations minimisant la fatigue de l&rsquo;op\u00e9rateur<\/li>\n<li>Coupe plus froide, chargement et vitrage r\u00e9duits<\/li>\n<li>Facilit\u00e9 d&rsquo;utilisation &#8211; r\u00e9duction des goujures et des retouches<\/li>\n<\/ul>\n<h3>Disques \u00e0 lamelles et disques \u00e0 fibres<\/h3>\n<ul>\n<li>Dur\u00e9e de vie jusqu&rsquo;\u00e0 20 fois sup\u00e9rieure \u00e0 celle d&rsquo;un disque en fibre optique<\/li>\n<li>Pas de support n\u00e9cessaire<\/li>\n<li>Stockage plus facile &#8211; pas d&rsquo;enroulement<\/li>\n<li>Les disques \u00e0 lamelles doivent utiliser un grain plus gros que les disques en fibre (sauf le grain 36).<\/li>\n<li>Finition plus homog\u00e8ne<\/li>\n<\/ul>\n<\/div><\/div><\/div><div class=\"fusion-layout-column fusion_builder_column fusion-builder-column-3 fusion_builder_column_1_1 1_1 fusion-flex-column\" style=\"--awb-bg-size:cover;--awb-width-large:100%;--awb-margin-top-large:50px;--awb-spacing-right-large:1.92%;--awb-margin-bottom-large:0px;--awb-spacing-left-large:1.92%;--awb-width-medium:100%;--awb-order-medium:0;--awb-spacing-right-medium:1.92%;--awb-spacing-left-medium:1.92%;--awb-width-small:100%;--awb-order-small:0;--awb-spacing-right-small:1.92%;--awb-spacing-left-small:1.92%;\"><div class=\"fusion-column-wrapper fusion-column-has-shadow fusion-flex-justify-content-flex-start fusion-content-layout-column\"><div class=\"fusion-separator fusion-full-width-sep\" style=\"align-self: center;margin-left: auto;margin-right: auto;margin-bottom:40px;width:100%;\"><div class=\"fusion-separator-border sep-double\" style=\"--awb-height:20px;--awb-amount:20px;border-color:var(--awb-color3);border-top-width:1px;border-bottom-width:1px;\"><\/div><\/div><div class=\"fusion-title title fusion-title-1 fusion-sep-none fusion-title-text fusion-title-size-two\" style=\"--awb-margin-top-small:10px;--awb-margin-right-small:0px;--awb-margin-bottom-small:10px;--awb-margin-left-small:0px;\"><h2 class=\"fusion-title-heading title-heading-left fusion-responsive-typography-calculated\" style=\"margin:0;--fontSize:42;line-height:1.3;\">La diff\u00e9rence United Abrasives<\/h2><\/div><\/div><\/div><div class=\"fusion-layout-column fusion_builder_column fusion-builder-column-4 fusion_builder_column_1_2 1_2 fusion-flex-column\" style=\"--awb-bg-size:cover;--awb-width-large:50%;--awb-margin-top-large:0px;--awb-spacing-right-large:3.84%;--awb-margin-bottom-large:20px;--awb-spacing-left-large:3.84%;--awb-width-medium:50%;--awb-order-medium:0;--awb-spacing-right-medium:3.84%;--awb-spacing-left-medium:3.84%;--awb-width-small:100%;--awb-order-small:0;--awb-spacing-right-small:1.92%;--awb-margin-bottom-small:0px;--awb-spacing-left-small:1.92%;\"><div class=\"fusion-column-wrapper fusion-column-has-shadow fusion-flex-justify-content-flex-start fusion-content-layout-column\"><div class=\"fusion-text fusion-text-5\"><h3>Deux types de supports en plastique<\/h3>\n<ul>\n<li><strong>Plastique ABS souple<\/strong>&nbsp;con\u00e7u pour \u00eatre coup\u00e9 afin d&rsquo;exposer un mat\u00e9riau plus abrasif.<\/li>\n<li><strong>Plastique dur<\/strong>&nbsp;con\u00e7u pour une r\u00e9sistance et une rigidit\u00e9 \u00e9lev\u00e9es, favorisant la facilit\u00e9 d&rsquo;utilisation et la long\u00e9vit\u00e9.<\/li>\n<\/ul>\n<h3>Support en fibre de verre<\/h3>\n<ul>\n<li><strong>Plaques d&rsquo;appui en fibre de verre con\u00e7ues sur mesure pour la solidit\u00e9 et la s\u00e9curit\u00e9<\/strong><\/li>\n<li>Plus de fibre de verre que les concurrents &#8211; ce qui fait de nos disques \u00e0 lamelles&nbsp;<strong>les plus s\u00fbrs du march\u00e9.<\/strong><\/li>\n<\/ul>\n<h3>Syst\u00e8me adh\u00e9sif<\/h3>\n<p><strong>Syst\u00e8me adh\u00e9sif sp\u00e9cialement formul\u00e9<\/strong>, con\u00e7u pour fixer efficacement les lamelles abrasives au support, maximisant ainsi la performance et la s\u00e9curit\u00e9 de l&rsquo;abrasion.<\/p>\n<\/div><\/div><\/div><div class=\"fusion-layout-column fusion_builder_column fusion-builder-column-5 fusion_builder_column_1_2 1_2 fusion-flex-column\" style=\"--awb-bg-size:cover;--awb-width-large:50%;--awb-margin-top-large:0px;--awb-spacing-right-large:3.84%;--awb-margin-bottom-large:20px;--awb-spacing-left-large:3.84%;--awb-width-medium:50%;--awb-order-medium:0;--awb-spacing-right-medium:3.84%;--awb-spacing-left-medium:3.84%;--awb-width-small:100%;--awb-order-small:0;--awb-spacing-right-small:1.92%;--awb-spacing-left-small:1.92%;\"><div class=\"fusion-column-wrapper fusion-column-has-shadow fusion-flex-justify-content-flex-start fusion-content-layout-column\"><div class=\"fusion-text fusion-text-6\"><h3>Mat\u00e9riau enduit<\/h3>\n<ul>\n<li><strong>Notre propre mat\u00e9riau enduit<\/strong>&nbsp;a \u00e9t\u00e9 sp\u00e9cialement con\u00e7u pour les disques \u00e0 lamelles.<\/li>\n<li>Des mat\u00e9riaux uniques sont utilis\u00e9s pour chaque application de disque \u00e0 lamelles.<\/li>\n<\/ul>\n<h3>Conception du rabat<\/h3>\n<ul>\n<li>Nous utilisons&nbsp;<strong>plus de volets et des volets plus grands<\/strong>&nbsp;que nos concurrents pour obtenir de meilleures performances et une plus grande dur\u00e9e de vie du produit.<\/li>\n<\/ul>\n<p><img decoding=\"async\" class=\"wp-image-37076 alignnone\" src=\"https:\/\/www.unitedabrasives.com\/wp-content\/uploads\/2018\/06\/flap-bottom.jpg\" alt=\"\" width=\"437\" height=\"247\"><\/p>\n<\/div><\/div><\/div><\/div><\/div>\n","protected":false},"excerpt":{"rendered":"<p>Les disques \u00e0 lamelles sont construits en superposant des lamelles abrasives enduites qui s&rsquo;usent et exposent de nouveaux grains tranchants.<br \/>\nLes disques \u00e0 lamelles augmentent la productivit\u00e9 et r\u00e9duisent les co\u00fbts totaux de pon\u00e7age et de finition en pon\u00e7ant, m\u00e9langeant et finissant en une seule \u00e9tape. <\/p>\n","protected":false},"author":1,"featured_media":0,"parent":65934,"menu_order":0,"comment_status":"closed","ping_status":"closed","template":"100-width.php","meta":{"_acf_changed":false,"footnotes":""},"class_list":["post-65942","page","type-page","status-publish","hentry"],"acf":[],"yoast_head":"<!-- This site is optimized with the Yoast SEO plugin v27.4 - https:\/\/yoast.com\/product\/yoast-seo-wordpress\/ -->\n<title>Disques \u00e0 lamelles - United Abrasives<\/title>\n<meta name=\"robots\" content=\"index, follow, max-snippet:-1, max-image-preview:large, max-video-preview:-1\" \/>\n<link rel=\"canonical\" href=\"https:\/\/www.unitedabrasives.com\/fr\/ressources\/litterature-sur-les-produits-et-la-securite\/informations-techniques-sur-les-produits\/disques-a-lamelles\/\" \/>\n<meta property=\"og:locale\" content=\"fr_FR\" \/>\n<meta property=\"og:type\" content=\"article\" \/>\n<meta property=\"og:title\" content=\"Disques \u00e0 lamelles - United Abrasives\" \/>\n<meta property=\"og:description\" content=\"Les disques \u00e0 lamelles sont construits en superposant des lamelles abrasives enduites qui s&#039;usent et exposent de nouveaux grains tranchants. Les disques \u00e0 lamelles augmentent la productivit\u00e9 et r\u00e9duisent les co\u00fbts totaux de pon\u00e7age et de finition en pon\u00e7ant, m\u00e9langeant et finissant en une seule \u00e9tape.\" \/>\n<meta property=\"og:url\" content=\"https:\/\/www.unitedabrasives.com\/fr\/ressources\/litterature-sur-les-produits-et-la-securite\/informations-techniques-sur-les-produits\/disques-a-lamelles\/\" \/>\n<meta property=\"og:site_name\" content=\"United Abrasives\" \/>\n<meta property=\"article:modified_time\" content=\"2024-10-04T15:00:06+00:00\" \/>\n<meta property=\"og:image\" content=\"https:\/\/www.unitedabrasives.com\/wp-content\/uploads\/2018\/06\/flap-conical.jpg\" \/>\n<meta name=\"twitter:card\" content=\"summary_large_image\" \/>\n<meta name=\"twitter:label1\" content=\"Dur\u00e9e de lecture estim\u00e9e\" \/>\n\t<meta name=\"twitter:data1\" content=\"13 minutes\" \/>\n<script type=\"application\/ld+json\" class=\"yoast-schema-graph\">{\"@context\":\"https:\\\/\\\/schema.org\",\"@graph\":[{\"@type\":\"WebPage\",\"@id\":\"https:\\\/\\\/www.unitedabrasives.com\\\/fr\\\/ressources\\\/litterature-sur-les-produits-et-la-securite\\\/informations-techniques-sur-les-produits\\\/disques-a-lamelles\\\/\",\"url\":\"https:\\\/\\\/www.unitedabrasives.com\\\/fr\\\/ressources\\\/litterature-sur-les-produits-et-la-securite\\\/informations-techniques-sur-les-produits\\\/disques-a-lamelles\\\/\",\"name\":\"Disques \u00e0 lamelles - United Abrasives\",\"isPartOf\":{\"@id\":\"https:\\\/\\\/www.unitedabrasives.com\\\/fr\\\/#website\"},\"primaryImageOfPage\":{\"@id\":\"https:\\\/\\\/www.unitedabrasives.com\\\/fr\\\/ressources\\\/litterature-sur-les-produits-et-la-securite\\\/informations-techniques-sur-les-produits\\\/disques-a-lamelles\\\/#primaryimage\"},\"image\":{\"@id\":\"https:\\\/\\\/www.unitedabrasives.com\\\/fr\\\/ressources\\\/litterature-sur-les-produits-et-la-securite\\\/informations-techniques-sur-les-produits\\\/disques-a-lamelles\\\/#primaryimage\"},\"thumbnailUrl\":\"https:\\\/\\\/www.unitedabrasives.com\\\/wp-content\\\/uploads\\\/2018\\\/06\\\/flap-conical.jpg\",\"datePublished\":\"2018-06-20T18:38:11+00:00\",\"dateModified\":\"2024-10-04T15:00:06+00:00\",\"breadcrumb\":{\"@id\":\"https:\\\/\\\/www.unitedabrasives.com\\\/fr\\\/ressources\\\/litterature-sur-les-produits-et-la-securite\\\/informations-techniques-sur-les-produits\\\/disques-a-lamelles\\\/#breadcrumb\"},\"inLanguage\":\"fr-FR\",\"potentialAction\":[{\"@type\":\"ReadAction\",\"target\":[\"https:\\\/\\\/www.unitedabrasives.com\\\/fr\\\/ressources\\\/litterature-sur-les-produits-et-la-securite\\\/informations-techniques-sur-les-produits\\\/disques-a-lamelles\\\/\"]}]},{\"@type\":\"ImageObject\",\"inLanguage\":\"fr-FR\",\"@id\":\"https:\\\/\\\/www.unitedabrasives.com\\\/fr\\\/ressources\\\/litterature-sur-les-produits-et-la-securite\\\/informations-techniques-sur-les-produits\\\/disques-a-lamelles\\\/#primaryimage\",\"url\":\"https:\\\/\\\/www.unitedabrasives.com\\\/wp-content\\\/uploads\\\/2018\\\/06\\\/flap-conical.jpg\",\"contentUrl\":\"https:\\\/\\\/www.unitedabrasives.com\\\/wp-content\\\/uploads\\\/2018\\\/06\\\/flap-conical.jpg\"},{\"@type\":\"BreadcrumbList\",\"@id\":\"https:\\\/\\\/www.unitedabrasives.com\\\/fr\\\/ressources\\\/litterature-sur-les-produits-et-la-securite\\\/informations-techniques-sur-les-produits\\\/disques-a-lamelles\\\/#breadcrumb\",\"itemListElement\":[{\"@type\":\"ListItem\",\"position\":1,\"name\":\"Home\",\"item\":\"https:\\\/\\\/www.unitedabrasives.com\\\/fr\\\/accueil\\\/\"},{\"@type\":\"ListItem\",\"position\":2,\"name\":\"Ressources\",\"item\":\"https:\\\/\\\/www.unitedabrasives.com\\\/fr\\\/ressources\\\/\"},{\"@type\":\"ListItem\",\"position\":3,\"name\":\"Litt\u00e9rature sur les produits et la s\u00e9curit\u00e9\",\"item\":\"https:\\\/\\\/www.unitedabrasives.com\\\/fr\\\/?page_id=65899\"},{\"@type\":\"ListItem\",\"position\":4,\"name\":\"Informations techniques sur les produits\",\"item\":\"https:\\\/\\\/www.unitedabrasives.com\\\/fr\\\/?page_id=65934\"},{\"@type\":\"ListItem\",\"position\":5,\"name\":\"Disques \u00e0 lamelles\"}]},{\"@type\":\"WebSite\",\"@id\":\"https:\\\/\\\/www.unitedabrasives.com\\\/fr\\\/#website\",\"url\":\"https:\\\/\\\/www.unitedabrasives.com\\\/fr\\\/\",\"name\":\"United Abrasives\",\"description\":\"\",\"potentialAction\":[{\"@type\":\"SearchAction\",\"target\":{\"@type\":\"EntryPoint\",\"urlTemplate\":\"https:\\\/\\\/www.unitedabrasives.com\\\/fr\\\/?s={search_term_string}\"},\"query-input\":{\"@type\":\"PropertyValueSpecification\",\"valueRequired\":true,\"valueName\":\"search_term_string\"}}],\"inLanguage\":\"fr-FR\"}]}<\/script>\n<!-- \/ Yoast SEO plugin. -->","yoast_head_json":{"title":"Disques \u00e0 lamelles - United Abrasives","robots":{"index":"index","follow":"follow","max-snippet":"max-snippet:-1","max-image-preview":"max-image-preview:large","max-video-preview":"max-video-preview:-1"},"canonical":"https:\/\/www.unitedabrasives.com\/fr\/ressources\/litterature-sur-les-produits-et-la-securite\/informations-techniques-sur-les-produits\/disques-a-lamelles\/","og_locale":"fr_FR","og_type":"article","og_title":"Disques \u00e0 lamelles - United Abrasives","og_description":"Les disques \u00e0 lamelles sont construits en superposant des lamelles abrasives enduites qui s'usent et exposent de nouveaux grains tranchants. Les disques \u00e0 lamelles augmentent la productivit\u00e9 et r\u00e9duisent les co\u00fbts totaux de pon\u00e7age et de finition en pon\u00e7ant, m\u00e9langeant et finissant en une seule \u00e9tape.","og_url":"https:\/\/www.unitedabrasives.com\/fr\/ressources\/litterature-sur-les-produits-et-la-securite\/informations-techniques-sur-les-produits\/disques-a-lamelles\/","og_site_name":"United Abrasives","article_modified_time":"2024-10-04T15:00:06+00:00","og_image":[{"url":"https:\/\/www.unitedabrasives.com\/wp-content\/uploads\/2018\/06\/flap-conical.jpg","type":"","width":"","height":""}],"twitter_card":"summary_large_image","twitter_misc":{"Dur\u00e9e de lecture estim\u00e9e":"13 minutes"},"schema":{"@context":"https:\/\/schema.org","@graph":[{"@type":"WebPage","@id":"https:\/\/www.unitedabrasives.com\/fr\/ressources\/litterature-sur-les-produits-et-la-securite\/informations-techniques-sur-les-produits\/disques-a-lamelles\/","url":"https:\/\/www.unitedabrasives.com\/fr\/ressources\/litterature-sur-les-produits-et-la-securite\/informations-techniques-sur-les-produits\/disques-a-lamelles\/","name":"Disques \u00e0 lamelles - United Abrasives","isPartOf":{"@id":"https:\/\/www.unitedabrasives.com\/fr\/#website"},"primaryImageOfPage":{"@id":"https:\/\/www.unitedabrasives.com\/fr\/ressources\/litterature-sur-les-produits-et-la-securite\/informations-techniques-sur-les-produits\/disques-a-lamelles\/#primaryimage"},"image":{"@id":"https:\/\/www.unitedabrasives.com\/fr\/ressources\/litterature-sur-les-produits-et-la-securite\/informations-techniques-sur-les-produits\/disques-a-lamelles\/#primaryimage"},"thumbnailUrl":"https:\/\/www.unitedabrasives.com\/wp-content\/uploads\/2018\/06\/flap-conical.jpg","datePublished":"2018-06-20T18:38:11+00:00","dateModified":"2024-10-04T15:00:06+00:00","breadcrumb":{"@id":"https:\/\/www.unitedabrasives.com\/fr\/ressources\/litterature-sur-les-produits-et-la-securite\/informations-techniques-sur-les-produits\/disques-a-lamelles\/#breadcrumb"},"inLanguage":"fr-FR","potentialAction":[{"@type":"ReadAction","target":["https:\/\/www.unitedabrasives.com\/fr\/ressources\/litterature-sur-les-produits-et-la-securite\/informations-techniques-sur-les-produits\/disques-a-lamelles\/"]}]},{"@type":"ImageObject","inLanguage":"fr-FR","@id":"https:\/\/www.unitedabrasives.com\/fr\/ressources\/litterature-sur-les-produits-et-la-securite\/informations-techniques-sur-les-produits\/disques-a-lamelles\/#primaryimage","url":"https:\/\/www.unitedabrasives.com\/wp-content\/uploads\/2018\/06\/flap-conical.jpg","contentUrl":"https:\/\/www.unitedabrasives.com\/wp-content\/uploads\/2018\/06\/flap-conical.jpg"},{"@type":"BreadcrumbList","@id":"https:\/\/www.unitedabrasives.com\/fr\/ressources\/litterature-sur-les-produits-et-la-securite\/informations-techniques-sur-les-produits\/disques-a-lamelles\/#breadcrumb","itemListElement":[{"@type":"ListItem","position":1,"name":"Home","item":"https:\/\/www.unitedabrasives.com\/fr\/accueil\/"},{"@type":"ListItem","position":2,"name":"Ressources","item":"https:\/\/www.unitedabrasives.com\/fr\/ressources\/"},{"@type":"ListItem","position":3,"name":"Litt\u00e9rature sur les produits et la s\u00e9curit\u00e9","item":"https:\/\/www.unitedabrasives.com\/fr\/?page_id=65899"},{"@type":"ListItem","position":4,"name":"Informations techniques sur les produits","item":"https:\/\/www.unitedabrasives.com\/fr\/?page_id=65934"},{"@type":"ListItem","position":5,"name":"Disques \u00e0 lamelles"}]},{"@type":"WebSite","@id":"https:\/\/www.unitedabrasives.com\/fr\/#website","url":"https:\/\/www.unitedabrasives.com\/fr\/","name":"United Abrasives","description":"","potentialAction":[{"@type":"SearchAction","target":{"@type":"EntryPoint","urlTemplate":"https:\/\/www.unitedabrasives.com\/fr\/?s={search_term_string}"},"query-input":{"@type":"PropertyValueSpecification","valueRequired":true,"valueName":"search_term_string"}}],"inLanguage":"fr-FR"}]}},"_links":{"self":[{"href":"https:\/\/www.unitedabrasives.com\/fr\/wp-json\/wp\/v2\/pages\/65942","targetHints":{"allow":["GET"]}}],"collection":[{"href":"https:\/\/www.unitedabrasives.com\/fr\/wp-json\/wp\/v2\/pages"}],"about":[{"href":"https:\/\/www.unitedabrasives.com\/fr\/wp-json\/wp\/v2\/types\/page"}],"author":[{"embeddable":true,"href":"https:\/\/www.unitedabrasives.com\/fr\/wp-json\/wp\/v2\/users\/1"}],"replies":[{"embeddable":true,"href":"https:\/\/www.unitedabrasives.com\/fr\/wp-json\/wp\/v2\/comments?post=65942"}],"version-history":[{"count":0,"href":"https:\/\/www.unitedabrasives.com\/fr\/wp-json\/wp\/v2\/pages\/65942\/revisions"}],"up":[{"embeddable":true,"href":"https:\/\/www.unitedabrasives.com\/fr\/wp-json\/wp\/v2\/pages\/65934"}],"wp:attachment":[{"href":"https:\/\/www.unitedabrasives.com\/fr\/wp-json\/wp\/v2\/media?parent=65942"}],"curies":[{"name":"wp","href":"https:\/\/api.w.org\/{rel}","templated":true}]}}