{"id":65944,"date":"2018-06-20T19:09:54","date_gmt":"2018-06-20T19:09:54","guid":{"rendered":"https:\/\/www.unitedabrasives.com\/ressources\/litterature-sur-les-produits-et-la-securite\/informations-techniques-sur-les-produits\/hub-exclusif-super-lock\/"},"modified":"2024-10-04T15:00:06","modified_gmt":"2024-10-04T15:00:06","slug":"hub-exclusif-super-lock","status":"publish","type":"page","link":"https:\/\/www.unitedabrasives.com\/fr\/ressources\/litterature-sur-les-produits-et-la-securite\/informations-techniques-sur-les-produits\/hub-exclusif-super-lock\/","title":{"rendered":"Hub exclusif Super-Lock\u2122"},"content":{"rendered":"<div class=\"fusion-fullwidth fullwidth-box fusion-builder-row-1 fusion-flex-container nonhundred-percent-fullwidth non-hundred-percent-height-scrolling\" style=\"--awb-border-radius-top-left:0px;--awb-border-radius-top-right:0px;--awb-border-radius-bottom-right:0px;--awb-border-radius-bottom-left:0px;--awb-flex-wrap:wrap;\" ><div class=\"fusion-builder-row fusion-row fusion-flex-align-items-flex-start fusion-flex-content-wrap\" style=\"max-width:1352px;margin-left: calc(-4% \/ 2 );margin-right: calc(-4% \/ 2 );\"><div class=\"fusion-layout-column fusion_builder_column fusion-builder-column-0 fusion_builder_column_1_1 1_1 fusion-flex-column\" style=\"--awb-bg-size:cover;--awb-width-large:100%;--awb-margin-top-large:0px;--awb-spacing-right-large:1.92%;--awb-margin-bottom-large:0px;--awb-spacing-left-large:1.92%;--awb-width-medium:100%;--awb-spacing-right-medium:1.92%;--awb-spacing-left-medium:1.92%;--awb-width-small:100%;--awb-spacing-right-small:1.92%;--awb-spacing-left-small:1.92%;\"><div class=\"fusion-column-wrapper fusion-flex-justify-content-flex-start fusion-content-layout-column\"><div class=\"fusion-text fusion-text-1\"><p>Super-Lock\u2122 associe un syst\u00e8me de verrouillage \u00e0 cl\u00e9 transversale m\u00e9caniquement enclench\u00e9 \u00e0 un syst\u00e8me unique de collage en deux parties qui lui conf\u00e8re des capacit\u00e9s de performance sup\u00e9rieures.<br \/>\nD&rsquo;autres fabricants utilisent des moyeux qui d\u00e9pendent uniquement de l&rsquo;\u00e9poxy en deux parties qui peut \u00e9chouer dans de nombreux cas en raison d&rsquo;une mauvaise pr\u00e9paration de la surface, de conditions de durcissement inappropri\u00e9es, d&rsquo;un rapport incorrect entre le catalyseur et l&rsquo;\u00e9poxy, ou de la quantit\u00e9 de mat\u00e9riau \u00e9poxy appliqu\u00e9. <\/p>\n<\/div><\/div><\/div><div class=\"fusion-layout-column fusion_builder_column fusion-builder-column-1 fusion_builder_column_1_2 1_2 fusion-flex-column\" style=\"--awb-bg-size:cover;--awb-width-large:50%;--awb-margin-top-large:0px;--awb-spacing-right-large:3.84%;--awb-margin-bottom-large:20px;--awb-spacing-left-large:3.84%;--awb-width-medium:50%;--awb-order-medium:0;--awb-spacing-right-medium:3.84%;--awb-spacing-left-medium:3.84%;--awb-width-small:100%;--awb-order-small:0;--awb-spacing-right-small:1.92%;--awb-spacing-left-small:1.92%;\"><div class=\"fusion-column-wrapper fusion-column-has-shadow fusion-flex-justify-content-flex-start fusion-content-layout-column\"><div class=\"fusion-text fusion-text-2\"><h3>Unique dans l&rsquo;industrie<\/h3>\n<p>Le syst\u00e8me Super-Lock\u2122 de United Abrasives est notre assemblage de moyeu jetable exclusif \u00e0 s\u00e9curit\u00e9 int\u00e9gr\u00e9e.<br \/>\nIl s&rsquo;agit d&rsquo;un syst\u00e8me de moyeu unique qui est utilis\u00e9 sur les meules de rectification et de coupe de type 27 et de type 28 o\u00f9 le montage sur moyeu est pr\u00e9f\u00e9rable. <\/p>\n<h3>Des performances in\u00e9gal\u00e9es<\/h3>\n<p>Le couple de rotation plac\u00e9 sur les roues peut varier en fonction du mat\u00e9riau enlev\u00e9 et de la pression qui est appliqu\u00e9e.<br \/>\nAlors que les liaisons chimiques utilis\u00e9es par d&rsquo;autres fabricants peuvent \u00e9chouer, le moyeu Super-Lock\u2122 assure la stabilit\u00e9 de la connexion entre le moyeu et la roue. <\/p>\n<h3>Des millions d&rsquo;exemplaires vendus &#8211; Pas un seul \u00e9chec<\/h3>\n<p>Depuis 1983, United Abrasives a fabriqu\u00e9 et vendu des millions de roues \u00e0 centre d\u00e9prim\u00e9 avec des moyeux Super-Lock\u2122.<br \/>\nPas une seule n&rsquo;a jamais \u00e9t\u00e9 signal\u00e9e comme \u00e9tant une d\u00e9faillance. <\/p>\n<h3>Brevet\u00e9<\/h3>\n<p>Le syst\u00e8me de moyeu Super-Lock\u2122 est si s\u00fbr qu&rsquo;il a \u00e9t\u00e9 prot\u00e9g\u00e9 \u00e0 l&rsquo;origine par le brevet am\u00e9ricain #4,541,205.<br \/>\nUnited Abrasives est le seul fabricant \u00e0 utiliser ce syst\u00e8me de moyeu exceptionnel. <\/p>\n<h3>Utilisation sur les roues de type 27 et 28<\/h3>\n<p>Le syst\u00e8me de moyeu Super-Lock\u2122 est disponible sur les meules et disques \u00e0 tron\u00e7onner \u00e0 centre d\u00e9prim\u00e9 de 4-1\/2&Prime;, 5&Prime;, 6&Prime;, 7&Prime; et 9&Prime; de type 27 et de type 28. Les disques Turbo 5&Prime; x 1\/8&Prime;, les meules de 0,045&Prime;, les meules de 0,090&Prime;, les meules de 0,095&Prime; et les disques \u00e0 lamelles n&rsquo;ont pas de moyeu Super-Lock\u2122, mais utilisent un moyeu sans voie d&rsquo;acc\u00e8s avec le m\u00eame syst\u00e8me unique de collage en deux parties.<\/p>\n<\/div><\/div><\/div><div class=\"fusion-layout-column fusion_builder_column fusion-builder-column-2 fusion_builder_column_1_2 1_2 fusion-flex-column\" style=\"--awb-padding-top:38px;--awb-bg-size:cover;--awb-width-large:50%;--awb-margin-top-large:0px;--awb-spacing-right-large:3.84%;--awb-margin-bottom-large:20px;--awb-spacing-left-large:3.84%;--awb-width-medium:50%;--awb-order-medium:0;--awb-spacing-right-medium:3.84%;--awb-spacing-left-medium:3.84%;--awb-width-small:100%;--awb-order-small:0;--awb-spacing-right-small:1.92%;--awb-spacing-left-small:1.92%;\"><div class=\"fusion-column-wrapper fusion-column-has-shadow fusion-flex-justify-content-flex-start fusion-content-layout-column\"><div class=\"fusion-image-element \" style=\"text-align:center;--awb-max-width:500px;--awb-caption-title-font-family:var(--h2_typography-font-family);--awb-caption-title-font-weight:var(--h2_typography-font-weight);--awb-caption-title-font-style:var(--h2_typography-font-style);--awb-caption-title-size:var(--h2_typography-font-size);--awb-caption-title-transform:var(--h2_typography-text-transform);--awb-caption-title-line-height:var(--h2_typography-line-height);--awb-caption-title-letter-spacing:var(--h2_typography-letter-spacing);\"><span class=\" fusion-imageframe imageframe-none imageframe-1 hover-type-none\"><img decoding=\"async\" width=\"1446\" height=\"2664\" title=\"hub\" src=\"https:\/\/www.unitedabrasives.com\/wp-content\/uploads\/2018\/06\/hub.jpg\" alt class=\"img-responsive wp-image-63255\" srcset=\"https:\/\/www.unitedabrasives.com\/wp-content\/uploads\/2018\/06\/hub-163x300.jpg 163w, https:\/\/www.unitedabrasives.com\/wp-content\/uploads\/2018\/06\/hub-556x1024.jpg 556w, https:\/\/www.unitedabrasives.com\/wp-content\/uploads\/2018\/06\/hub-768x1415.jpg 768w, https:\/\/www.unitedabrasives.com\/wp-content\/uploads\/2018\/06\/hub.jpg 1446w\" sizes=\"(max-width: 1446px) 100vw, 1446px\" \/><\/span><\/div><\/div><\/div><\/div><\/div>\n","protected":false},"excerpt":{"rendered":"<p>Super-Lock\u2122 associe un syst\u00e8me de verrouillage \u00e0 cl\u00e9 transversale m\u00e9caniquement enclench\u00e9 \u00e0 un syst\u00e8me unique de collage en deux parties qui lui conf\u00e8re des capacit\u00e9s de performance sup\u00e9rieures.<br \/>\nD&rsquo;autres fabricants utilisent des moyeux qui d\u00e9pendent uniquement de l&rsquo;\u00e9poxy en deux parties qui peut \u00e9chouer dans de nombreux cas en raison d&rsquo;une mauvaise pr\u00e9paration de la surface, de conditions de durcissement inappropri\u00e9es, d&rsquo;un rapport incorrect entre le catalyseur et l&rsquo;\u00e9poxy, ou de la quantit\u00e9 de mat\u00e9riau \u00e9poxy appliqu\u00e9. <\/p>\n","protected":false},"author":1,"featured_media":0,"parent":65934,"menu_order":0,"comment_status":"closed","ping_status":"closed","template":"100-width.php","meta":{"_acf_changed":false,"footnotes":""},"class_list":["post-65944","page","type-page","status-publish","hentry"],"acf":[],"yoast_head":"<!-- This site is optimized with the Yoast SEO plugin v27.4 - https:\/\/yoast.com\/product\/yoast-seo-wordpress\/ -->\n<title>Hub exclusif Super-Lock\u2122 - United Abrasives<\/title>\n<meta name=\"robots\" content=\"index, follow, max-snippet:-1, max-image-preview:large, max-video-preview:-1\" \/>\n<link rel=\"canonical\" href=\"https:\/\/www.unitedabrasives.com\/fr\/ressources\/litterature-sur-les-produits-et-la-securite\/informations-techniques-sur-les-produits\/hub-exclusif-super-lock\/\" \/>\n<meta property=\"og:locale\" content=\"fr_FR\" \/>\n<meta property=\"og:type\" content=\"article\" \/>\n<meta property=\"og:title\" content=\"Hub exclusif Super-Lock\u2122 - United Abrasives\" \/>\n<meta property=\"og:description\" content=\"Super-Lock\u2122 associe un syst\u00e8me de verrouillage \u00e0 cl\u00e9 transversale m\u00e9caniquement enclench\u00e9 \u00e0 un syst\u00e8me unique de collage en deux parties qui lui conf\u00e8re des capacit\u00e9s de performance sup\u00e9rieures. D&#039;autres fabricants utilisent des moyeux qui d\u00e9pendent uniquement de l&#039;\u00e9poxy en deux parties qui peut \u00e9chouer dans de nombreux cas en raison d&#039;une mauvaise pr\u00e9paration de la surface, de conditions de durcissement inappropri\u00e9es, d&#039;un rapport incorrect entre le catalyseur et l&#039;\u00e9poxy, ou de la quantit\u00e9 de mat\u00e9riau \u00e9poxy appliqu\u00e9.\" \/>\n<meta property=\"og:url\" content=\"https:\/\/www.unitedabrasives.com\/fr\/ressources\/litterature-sur-les-produits-et-la-securite\/informations-techniques-sur-les-produits\/hub-exclusif-super-lock\/\" \/>\n<meta property=\"og:site_name\" content=\"United Abrasives\" \/>\n<meta property=\"article:modified_time\" content=\"2024-10-04T15:00:06+00:00\" \/>\n<meta name=\"twitter:card\" content=\"summary_large_image\" \/>\n<meta name=\"twitter:label1\" content=\"Dur\u00e9e de lecture estim\u00e9e\" \/>\n\t<meta name=\"twitter:data1\" content=\"6 minutes\" \/>\n<script type=\"application\/ld+json\" class=\"yoast-schema-graph\">{\"@context\":\"https:\\\/\\\/schema.org\",\"@graph\":[{\"@type\":\"WebPage\",\"@id\":\"https:\\\/\\\/www.unitedabrasives.com\\\/fr\\\/ressources\\\/litterature-sur-les-produits-et-la-securite\\\/informations-techniques-sur-les-produits\\\/hub-exclusif-super-lock\\\/\",\"url\":\"https:\\\/\\\/www.unitedabrasives.com\\\/fr\\\/ressources\\\/litterature-sur-les-produits-et-la-securite\\\/informations-techniques-sur-les-produits\\\/hub-exclusif-super-lock\\\/\",\"name\":\"Hub exclusif Super-Lock\u2122 - United Abrasives\",\"isPartOf\":{\"@id\":\"https:\\\/\\\/www.unitedabrasives.com\\\/fr\\\/#website\"},\"datePublished\":\"2018-06-20T19:09:54+00:00\",\"dateModified\":\"2024-10-04T15:00:06+00:00\",\"breadcrumb\":{\"@id\":\"https:\\\/\\\/www.unitedabrasives.com\\\/fr\\\/ressources\\\/litterature-sur-les-produits-et-la-securite\\\/informations-techniques-sur-les-produits\\\/hub-exclusif-super-lock\\\/#breadcrumb\"},\"inLanguage\":\"fr-FR\",\"potentialAction\":[{\"@type\":\"ReadAction\",\"target\":[\"https:\\\/\\\/www.unitedabrasives.com\\\/fr\\\/ressources\\\/litterature-sur-les-produits-et-la-securite\\\/informations-techniques-sur-les-produits\\\/hub-exclusif-super-lock\\\/\"]}]},{\"@type\":\"BreadcrumbList\",\"@id\":\"https:\\\/\\\/www.unitedabrasives.com\\\/fr\\\/ressources\\\/litterature-sur-les-produits-et-la-securite\\\/informations-techniques-sur-les-produits\\\/hub-exclusif-super-lock\\\/#breadcrumb\",\"itemListElement\":[{\"@type\":\"ListItem\",\"position\":1,\"name\":\"Home\",\"item\":\"https:\\\/\\\/www.unitedabrasives.com\\\/fr\\\/accueil\\\/\"},{\"@type\":\"ListItem\",\"position\":2,\"name\":\"Ressources\",\"item\":\"https:\\\/\\\/www.unitedabrasives.com\\\/fr\\\/ressources\\\/\"},{\"@type\":\"ListItem\",\"position\":3,\"name\":\"Litt\u00e9rature sur les produits et la s\u00e9curit\u00e9\",\"item\":\"https:\\\/\\\/www.unitedabrasives.com\\\/fr\\\/?page_id=65899\"},{\"@type\":\"ListItem\",\"position\":4,\"name\":\"Informations techniques sur les produits\",\"item\":\"https:\\\/\\\/www.unitedabrasives.com\\\/fr\\\/?page_id=65934\"},{\"@type\":\"ListItem\",\"position\":5,\"name\":\"Hub exclusif Super-Lock\u2122\"}]},{\"@type\":\"WebSite\",\"@id\":\"https:\\\/\\\/www.unitedabrasives.com\\\/fr\\\/#website\",\"url\":\"https:\\\/\\\/www.unitedabrasives.com\\\/fr\\\/\",\"name\":\"United Abrasives\",\"description\":\"\",\"potentialAction\":[{\"@type\":\"SearchAction\",\"target\":{\"@type\":\"EntryPoint\",\"urlTemplate\":\"https:\\\/\\\/www.unitedabrasives.com\\\/fr\\\/?s={search_term_string}\"},\"query-input\":{\"@type\":\"PropertyValueSpecification\",\"valueRequired\":true,\"valueName\":\"search_term_string\"}}],\"inLanguage\":\"fr-FR\"}]}<\/script>\n<!-- \/ Yoast SEO plugin. -->","yoast_head_json":{"title":"Hub exclusif Super-Lock\u2122 - United Abrasives","robots":{"index":"index","follow":"follow","max-snippet":"max-snippet:-1","max-image-preview":"max-image-preview:large","max-video-preview":"max-video-preview:-1"},"canonical":"https:\/\/www.unitedabrasives.com\/fr\/ressources\/litterature-sur-les-produits-et-la-securite\/informations-techniques-sur-les-produits\/hub-exclusif-super-lock\/","og_locale":"fr_FR","og_type":"article","og_title":"Hub exclusif Super-Lock\u2122 - United Abrasives","og_description":"Super-Lock\u2122 associe un syst\u00e8me de verrouillage \u00e0 cl\u00e9 transversale m\u00e9caniquement enclench\u00e9 \u00e0 un syst\u00e8me unique de collage en deux parties qui lui conf\u00e8re des capacit\u00e9s de performance sup\u00e9rieures. D'autres fabricants utilisent des moyeux qui d\u00e9pendent uniquement de l'\u00e9poxy en deux parties qui peut \u00e9chouer dans de nombreux cas en raison d'une mauvaise pr\u00e9paration de la surface, de conditions de durcissement inappropri\u00e9es, d'un rapport incorrect entre le catalyseur et l'\u00e9poxy, ou de la quantit\u00e9 de mat\u00e9riau \u00e9poxy appliqu\u00e9.","og_url":"https:\/\/www.unitedabrasives.com\/fr\/ressources\/litterature-sur-les-produits-et-la-securite\/informations-techniques-sur-les-produits\/hub-exclusif-super-lock\/","og_site_name":"United Abrasives","article_modified_time":"2024-10-04T15:00:06+00:00","twitter_card":"summary_large_image","twitter_misc":{"Dur\u00e9e de lecture estim\u00e9e":"6 minutes"},"schema":{"@context":"https:\/\/schema.org","@graph":[{"@type":"WebPage","@id":"https:\/\/www.unitedabrasives.com\/fr\/ressources\/litterature-sur-les-produits-et-la-securite\/informations-techniques-sur-les-produits\/hub-exclusif-super-lock\/","url":"https:\/\/www.unitedabrasives.com\/fr\/ressources\/litterature-sur-les-produits-et-la-securite\/informations-techniques-sur-les-produits\/hub-exclusif-super-lock\/","name":"Hub exclusif Super-Lock\u2122 - United Abrasives","isPartOf":{"@id":"https:\/\/www.unitedabrasives.com\/fr\/#website"},"datePublished":"2018-06-20T19:09:54+00:00","dateModified":"2024-10-04T15:00:06+00:00","breadcrumb":{"@id":"https:\/\/www.unitedabrasives.com\/fr\/ressources\/litterature-sur-les-produits-et-la-securite\/informations-techniques-sur-les-produits\/hub-exclusif-super-lock\/#breadcrumb"},"inLanguage":"fr-FR","potentialAction":[{"@type":"ReadAction","target":["https:\/\/www.unitedabrasives.com\/fr\/ressources\/litterature-sur-les-produits-et-la-securite\/informations-techniques-sur-les-produits\/hub-exclusif-super-lock\/"]}]},{"@type":"BreadcrumbList","@id":"https:\/\/www.unitedabrasives.com\/fr\/ressources\/litterature-sur-les-produits-et-la-securite\/informations-techniques-sur-les-produits\/hub-exclusif-super-lock\/#breadcrumb","itemListElement":[{"@type":"ListItem","position":1,"name":"Home","item":"https:\/\/www.unitedabrasives.com\/fr\/accueil\/"},{"@type":"ListItem","position":2,"name":"Ressources","item":"https:\/\/www.unitedabrasives.com\/fr\/ressources\/"},{"@type":"ListItem","position":3,"name":"Litt\u00e9rature sur les produits et la s\u00e9curit\u00e9","item":"https:\/\/www.unitedabrasives.com\/fr\/?page_id=65899"},{"@type":"ListItem","position":4,"name":"Informations techniques sur les produits","item":"https:\/\/www.unitedabrasives.com\/fr\/?page_id=65934"},{"@type":"ListItem","position":5,"name":"Hub exclusif Super-Lock\u2122"}]},{"@type":"WebSite","@id":"https:\/\/www.unitedabrasives.com\/fr\/#website","url":"https:\/\/www.unitedabrasives.com\/fr\/","name":"United Abrasives","description":"","potentialAction":[{"@type":"SearchAction","target":{"@type":"EntryPoint","urlTemplate":"https:\/\/www.unitedabrasives.com\/fr\/?s={search_term_string}"},"query-input":{"@type":"PropertyValueSpecification","valueRequired":true,"valueName":"search_term_string"}}],"inLanguage":"fr-FR"}]}},"_links":{"self":[{"href":"https:\/\/www.unitedabrasives.com\/fr\/wp-json\/wp\/v2\/pages\/65944","targetHints":{"allow":["GET"]}}],"collection":[{"href":"https:\/\/www.unitedabrasives.com\/fr\/wp-json\/wp\/v2\/pages"}],"about":[{"href":"https:\/\/www.unitedabrasives.com\/fr\/wp-json\/wp\/v2\/types\/page"}],"author":[{"embeddable":true,"href":"https:\/\/www.unitedabrasives.com\/fr\/wp-json\/wp\/v2\/users\/1"}],"replies":[{"embeddable":true,"href":"https:\/\/www.unitedabrasives.com\/fr\/wp-json\/wp\/v2\/comments?post=65944"}],"version-history":[{"count":0,"href":"https:\/\/www.unitedabrasives.com\/fr\/wp-json\/wp\/v2\/pages\/65944\/revisions"}],"up":[{"embeddable":true,"href":"https:\/\/www.unitedabrasives.com\/fr\/wp-json\/wp\/v2\/pages\/65934"}],"wp:attachment":[{"href":"https:\/\/www.unitedabrasives.com\/fr\/wp-json\/wp\/v2\/media?parent=65944"}],"curies":[{"name":"wp","href":"https:\/\/api.w.org\/{rel}","templated":true}]}}